{"id":169978,"date":"2025-11-12T04:56:49","date_gmt":"2025-11-12T04:56:49","guid":{"rendered":"https:\/\/promis.ro\/product\/armond-aware-rpet-15-6-inch-standard-laptop-backpack\/"},"modified":"2025-11-12T05:32:47","modified_gmt":"2025-11-12T05:32:47","slug":"armond-aware-rpet-15-6-inch-standard-laptop-backpack","status":"publish","type":"product","link":"https:\/\/promis.ro\/ro\/produs\/armond-aware-rpet-15-6-inch-standard-laptop-backpack\/","title":{"rendered":"Armond AWARE\u2122 RPET 15.6 inch standard laptop backpack"},"content":{"rendered":"<p>Designul curat face ca rucsacul s\u0103 fie extrem de versatil \u0219i ideal pentru munc\u0103 sau timp liber. Este suficient de elegant pentru sala de consiliu, dar ofer\u0103 \u00een continuare toat\u0103 convenien\u021ba \u0219i confortul unui rucsac. Proteja\u021bi laptopul dvs. de 15,6 inci cu compartimentul c\u0103ptu\u0219it pentru laptop. Recupera\u021bi cu u\u0219urin\u021b\u0103 articolele esen\u021biale cu ajutorul buzunarului frontal cu fermoar. Fabricat din poliester reciclat \u00eencorporat cu trasorul AWARE\u2122. 2% din veniturile fiec\u0103rui produs v\u00e2ndut cu AWARE\u2122 vor fi donate c\u0103tre Water.org. F\u0103r\u0103 PVC.<\/p>","protected":false},"excerpt":{"rendered":"<p>Designul curat face ca rucsacul s\u0103 fie extrem de versatil \u0219i ideal pentru munc\u0103 sau timp liber. Este suficient de<\/p>","protected":false},"featured_media":169975,"comment_status":"open","ping_status":"closed","template":"","meta":[],"product_brand":[],"product_cat":[169],"product_tag":[],"class_list":{"0":"post-169978","1":"product","2":"type-product","3":"status-publish","4":"has-post-thumbnail","6":"product_cat-ghiozdane","8":"first","9":"instock","10":"shipping-taxable","11":"purchasable","12":"product-type-variable"},"_links":{"self":[{"href":"https:\/\/promis.ro\/ro\/wp-json\/wp\/v2\/product\/169978","targetHints":{"allow":["GET"]}}],"collection":[{"href":"https:\/\/promis.ro\/ro\/wp-json\/wp\/v2\/product"}],"about":[{"href":"https:\/\/promis.ro\/ro\/wp-json\/wp\/v2\/types\/product"}],"replies":[{"embeddable":true,"href":"https:\/\/promis.ro\/ro\/wp-json\/wp\/v2\/comments?post=169978"}],"version-history":[{"count":1,"href":"https:\/\/promis.ro\/ro\/wp-json\/wp\/v2\/product\/169978\/revisions"}],"predecessor-version":[{"id":173985,"href":"https:\/\/promis.ro\/ro\/wp-json\/wp\/v2\/product\/169978\/revisions\/173985"}],"wp:featuredmedia":[{"embeddable":true,"href":"https:\/\/promis.ro\/ro\/wp-json\/wp\/v2\/media\/169975"}],"wp:attachment":[{"href":"https:\/\/promis.ro\/ro\/wp-json\/wp\/v2\/media?parent=169978"}],"wp:term":[{"taxonomy":"product_brand","embeddable":true,"href":"https:\/\/promis.ro\/ro\/wp-json\/wp\/v2\/product_brand?post=169978"},{"taxonomy":"product_cat","embeddable":true,"href":"https:\/\/promis.ro\/ro\/wp-json\/wp\/v2\/product_cat?post=169978"},{"taxonomy":"product_tag","embeddable":true,"href":"https:\/\/promis.ro\/ro\/wp-json\/wp\/v2\/product_tag?post=169978"}],"curies":[{"name":"wp","href":"https:\/\/api.w.org\/{rel}","templated":true}]}}