{"id":169982,"date":"2025-11-12T04:56:52","date_gmt":"2025-11-12T04:56:52","guid":{"rendered":"https:\/\/promis.ro\/product\/bellroy-transit-workpack\/"},"modified":"2025-11-12T05:32:49","modified_gmt":"2025-11-12T05:32:49","slug":"bellroy-transit-workpack","status":"publish","type":"product","link":"https:\/\/promis.ro\/ro\/produs\/bellroy-transit-workpack\/","title":{"rendered":"Bellroy Transit Workpack"},"content":{"rendered":"<p>Acest rucsac elegant organizeaz\u0103 inteligent echipamentele de lucru, via\u021b\u0103 \u0219i sal\u0103 de sport \u00eentr-un design minimalist, potrivit pentru birou. Sec\u021biune separat\u0103 pentru laptop cu un compartiment intern pentru accesorii, care poate sus\u021bine dispozitive de p\u00e2n\u0103 la 16\u201d. Deschidere cu fermoar complet tip clamshell pentru accesibilitate u\u0219oar\u0103 f\u0103r\u0103 a c\u0103uta. Buzunar frontal cu acces rapid, cu buzunare din plas\u0103 \u0219i bucl\u0103 pentru pix. Buzunar pentru ochelari de soare c\u0103ptu\u0219it \u00een partea de sus, departe de zona de comprimare. Buzunare exterioare laterale cu acces invizibil pentru a stoca un portofel, o sticl\u0103 de ap\u0103 \u0219i alte esen\u021biale. Buzunar intern din plas\u0103 cu fermoar pentru a p\u0103stra obiecte mici de zi cu zi. Buzunar intern mare elastic pentru a p\u0103stra pantofii de sal\u0103 \u0219i multe altele!<\/p>","protected":false},"excerpt":{"rendered":"<p>Acest rucsac elegant organizeaz\u0103 inteligent echipamentele de lucru, via\u021b\u0103 \u0219i sal\u0103 de sport \u00eentr-un design minimalist, potrivit pentru birou. Sec\u021biune<\/p>","protected":false},"featured_media":169979,"comment_status":"open","ping_status":"closed","template":"","meta":[],"product_brand":[],"product_cat":[169],"product_tag":[],"class_list":{"0":"post-169982","1":"product","2":"type-product","3":"status-publish","4":"has-post-thumbnail","6":"product_cat-ghiozdane","8":"first","9":"instock","10":"shipping-taxable","11":"purchasable","12":"product-type-simple"},"_links":{"self":[{"href":"https:\/\/promis.ro\/ro\/wp-json\/wp\/v2\/product\/169982","targetHints":{"allow":["GET"]}}],"collection":[{"href":"https:\/\/promis.ro\/ro\/wp-json\/wp\/v2\/product"}],"about":[{"href":"https:\/\/promis.ro\/ro\/wp-json\/wp\/v2\/types\/product"}],"replies":[{"embeddable":true,"href":"https:\/\/promis.ro\/ro\/wp-json\/wp\/v2\/comments?post=169982"}],"version-history":[{"count":1,"href":"https:\/\/promis.ro\/ro\/wp-json\/wp\/v2\/product\/169982\/revisions"}],"predecessor-version":[{"id":173987,"href":"https:\/\/promis.ro\/ro\/wp-json\/wp\/v2\/product\/169982\/revisions\/173987"}],"wp:featuredmedia":[{"embeddable":true,"href":"https:\/\/promis.ro\/ro\/wp-json\/wp\/v2\/media\/169979"}],"wp:attachment":[{"href":"https:\/\/promis.ro\/ro\/wp-json\/wp\/v2\/media?parent=169982"}],"wp:term":[{"taxonomy":"product_brand","embeddable":true,"href":"https:\/\/promis.ro\/ro\/wp-json\/wp\/v2\/product_brand?post=169982"},{"taxonomy":"product_cat","embeddable":true,"href":"https:\/\/promis.ro\/ro\/wp-json\/wp\/v2\/product_cat?post=169982"},{"taxonomy":"product_tag","embeddable":true,"href":"https:\/\/promis.ro\/ro\/wp-json\/wp\/v2\/product_tag?post=169982"}],"curies":[{"name":"wp","href":"https:\/\/api.w.org\/{rel}","templated":true}]}}