{"id":169990,"date":"2025-11-12T04:56:58","date_gmt":"2025-11-12T04:56:58","guid":{"rendered":"https:\/\/promis.ro\/product\/bellroy-classic-backpack\/"},"modified":"2025-11-12T05:32:46","modified_gmt":"2025-11-12T05:32:46","slug":"bellroy-classic-backpack","status":"publish","type":"product","link":"https:\/\/promis.ro\/ro\/produs\/bellroy-classic-backpack\/","title":{"rendered":"Bellroy Classic Backpack"},"content":{"rendered":"<p>Pentru aventurierii urbani care doresc un companion de \u00eencredere pentru fiecare zi. Poate sus\u021bine laptopuri de p\u00e2n\u0103 la 16&#8243;. Buzunar c\u0103ptu\u0219it pentru iPad \/ documente A5 cu suport pentru pix. Buzunar frontal \u0219i buzunar intern cu fermoar din plas\u0103 pentru obiecte de valoare. Buzunar superior rezistent la ap\u0103 pentru telefonul mic \u0219i chei. Bretele de um\u0103r confortabile, sistem de c\u0103ptu\u0219ire \u00eembun\u0103t\u0103\u021bit pentru spate \u0219i m\u00e2nere de prindere rapid\u0103. Material textil \u021besut rezistent la ap\u0103, fabricat din rpet. Buzunar intern pentru Apple AirTag.<\/p>","protected":false},"excerpt":{"rendered":"<p>Pentru aventurierii urbani care doresc un companion de \u00eencredere pentru fiecare zi. Poate sus\u021bine laptopuri de p\u00e2n\u0103 la 16&#8243;. Buzunar<\/p>","protected":false},"featured_media":169987,"comment_status":"open","ping_status":"closed","template":"","meta":[],"product_brand":[],"product_cat":[169],"product_tag":[],"class_list":{"0":"post-169990","1":"product","2":"type-product","3":"status-publish","4":"has-post-thumbnail","6":"product_cat-ghiozdane","8":"first","9":"instock","10":"shipping-taxable","11":"purchasable","12":"product-type-simple"},"_links":{"self":[{"href":"https:\/\/promis.ro\/ro\/wp-json\/wp\/v2\/product\/169990","targetHints":{"allow":["GET"]}}],"collection":[{"href":"https:\/\/promis.ro\/ro\/wp-json\/wp\/v2\/product"}],"about":[{"href":"https:\/\/promis.ro\/ro\/wp-json\/wp\/v2\/types\/product"}],"replies":[{"embeddable":true,"href":"https:\/\/promis.ro\/ro\/wp-json\/wp\/v2\/comments?post=169990"}],"version-history":[{"count":1,"href":"https:\/\/promis.ro\/ro\/wp-json\/wp\/v2\/product\/169990\/revisions"}],"predecessor-version":[{"id":173983,"href":"https:\/\/promis.ro\/ro\/wp-json\/wp\/v2\/product\/169990\/revisions\/173983"}],"wp:featuredmedia":[{"embeddable":true,"href":"https:\/\/promis.ro\/ro\/wp-json\/wp\/v2\/media\/169987"}],"wp:attachment":[{"href":"https:\/\/promis.ro\/ro\/wp-json\/wp\/v2\/media?parent=169990"}],"wp:term":[{"taxonomy":"product_brand","embeddable":true,"href":"https:\/\/promis.ro\/ro\/wp-json\/wp\/v2\/product_brand?post=169990"},{"taxonomy":"product_cat","embeddable":true,"href":"https:\/\/promis.ro\/ro\/wp-json\/wp\/v2\/product_cat?post=169990"},{"taxonomy":"product_tag","embeddable":true,"href":"https:\/\/promis.ro\/ro\/wp-json\/wp\/v2\/product_tag?post=169990"}],"curies":[{"name":"wp","href":"https:\/\/api.w.org\/{rel}","templated":true}]}}