{"id":170450,"date":"2025-11-12T04:58:45","date_gmt":"2025-11-12T04:58:45","guid":{"rendered":"https:\/\/promis.ro\/product\/bellroy-market-tote\/"},"modified":"2025-11-12T05:32:56","modified_gmt":"2025-11-12T05:32:56","slug":"bellroy-market-tote","status":"publish","type":"product","link":"https:\/\/promis.ro\/ro\/produs\/bellroy-market-tote\/","title":{"rendered":"Bellroy Market Tote"},"content":{"rendered":"<p>Dimensioanat\u0103 pentru cump\u0103r\u0103turi, \u0219i cu m\u00e2neci utile pentru sticle \u00een interior, aceast\u0103 geant\u0103 versatil\u0103 se pliaz\u0103 u\u0219or \u0219i iese \u00een eviden\u021b\u0103 la magazine. St\u0103 \u00een picioare c\u00e2nd este deschis\u0103. Se pliaz\u0103 plat. 2 m\u00e2neci laterale men\u021bin sticlele \u00een picioare. Buzunar central pentru esen\u021biale mici. Curele lungi pentru um\u0103r. U\u0219oar\u0103 \u0219i durabil\u0103.<\/p>","protected":false},"excerpt":{"rendered":"<p>Dimensioanat\u0103 pentru cump\u0103r\u0103turi, \u0219i cu m\u00e2neci utile pentru sticle \u00een interior, aceast\u0103 geant\u0103 versatil\u0103 se pliaz\u0103 u\u0219or \u0219i iese \u00een<\/p>","protected":false},"featured_media":170447,"comment_status":"open","ping_status":"closed","template":"","meta":[],"product_brand":[],"product_cat":[174],"product_tag":[],"class_list":{"0":"post-170450","1":"product","2":"type-product","3":"status-publish","4":"has-post-thumbnail","6":"product_cat-pungi","8":"first","9":"instock","10":"shipping-taxable","11":"purchasable","12":"product-type-simple"},"_links":{"self":[{"href":"https:\/\/promis.ro\/ro\/wp-json\/wp\/v2\/product\/170450","targetHints":{"allow":["GET"]}}],"collection":[{"href":"https:\/\/promis.ro\/ro\/wp-json\/wp\/v2\/product"}],"about":[{"href":"https:\/\/promis.ro\/ro\/wp-json\/wp\/v2\/types\/product"}],"replies":[{"embeddable":true,"href":"https:\/\/promis.ro\/ro\/wp-json\/wp\/v2\/comments?post=170450"}],"version-history":[{"count":1,"href":"https:\/\/promis.ro\/ro\/wp-json\/wp\/v2\/product\/170450\/revisions"}],"predecessor-version":[{"id":174001,"href":"https:\/\/promis.ro\/ro\/wp-json\/wp\/v2\/product\/170450\/revisions\/174001"}],"wp:featuredmedia":[{"embeddable":true,"href":"https:\/\/promis.ro\/ro\/wp-json\/wp\/v2\/media\/170447"}],"wp:attachment":[{"href":"https:\/\/promis.ro\/ro\/wp-json\/wp\/v2\/media?parent=170450"}],"wp:term":[{"taxonomy":"product_brand","embeddable":true,"href":"https:\/\/promis.ro\/ro\/wp-json\/wp\/v2\/product_brand?post=170450"},{"taxonomy":"product_cat","embeddable":true,"href":"https:\/\/promis.ro\/ro\/wp-json\/wp\/v2\/product_cat?post=170450"},{"taxonomy":"product_tag","embeddable":true,"href":"https:\/\/promis.ro\/ro\/wp-json\/wp\/v2\/product_tag?post=170450"}],"curies":[{"name":"wp","href":"https:\/\/api.w.org\/{rel}","templated":true}]}}