{"id":170462,"date":"2025-11-12T04:58:55","date_gmt":"2025-11-12T04:58:55","guid":{"rendered":"https:\/\/promis.ro\/product\/ace-aware-rpet-free-on-board-travel-pack\/"},"modified":"2025-11-12T05:32:59","modified_gmt":"2025-11-12T05:32:59","slug":"ace-aware-rpet-free-on-board-travel-pack","status":"publish","type":"product","link":"https:\/\/promis.ro\/ro\/produs\/ace-aware-rpet-free-on-board-travel-pack\/","title":{"rendered":"Ace Aware\u2122 RPET Free On Board travel pack"},"content":{"rendered":"<p>Rucsacul de c\u0103l\u0103torie Ace Aware\u2122 RPET Free On Board este conceput pentru c\u0103l\u0103torul con\u0219tient de buget care apreciaz\u0103 confortul. Fabricat din 100% rPET, acest rucsac compact dispune de bretele de um\u0103r ajustabile, un m\u00e2ner din material textil \u00een partea de sus \u0219i o buzunar cu fermoar frontal pentru acces rapid la esen\u021biale. Compartimentul principal include o curea elastic\u0103 pentru c\u0103rucior pentru o func\u021bionalitate suplimentar\u0103, iar cu o capacitate de 19L, se potrive\u0219te sub orice scaun de avion. Perfect pentru excursii de weekend, acest rucsac respect\u0103 cerin\u021bele maxime de dimensiune pentru bagajul de m\u00e2n\u0103 gratuit pentru companiile aeriene low-cost, asigur\u00e2ndu-se c\u0103 nu vor exista taxe suplimentare pentru geanta ta. Fabricat din poliester reciclat \u00eencorporat cu detectorul AWARE\u2122. 2% din veniturile fiec\u0103rui produs v\u00e2ndut cu AWARE\u2122 vor fi donate c\u0103tre Water.org. F\u0103r\u0103 PVC.<\/p>","protected":false},"excerpt":{"rendered":"<p>Rucsacul de c\u0103l\u0103torie Ace Aware\u2122 RPET Free On Board este conceput pentru c\u0103l\u0103torul con\u0219tient de buget care apreciaz\u0103 confortul. Fabricat<\/p>","protected":false},"featured_media":170459,"comment_status":"open","ping_status":"closed","template":"","meta":[],"product_brand":[],"product_cat":[169],"product_tag":[],"class_list":{"0":"post-170462","1":"product","2":"type-product","3":"status-publish","4":"has-post-thumbnail","6":"product_cat-ghiozdane","8":"first","9":"instock","10":"shipping-taxable","11":"purchasable","12":"product-type-variable"},"_links":{"self":[{"href":"https:\/\/promis.ro\/ro\/wp-json\/wp\/v2\/product\/170462","targetHints":{"allow":["GET"]}}],"collection":[{"href":"https:\/\/promis.ro\/ro\/wp-json\/wp\/v2\/product"}],"about":[{"href":"https:\/\/promis.ro\/ro\/wp-json\/wp\/v2\/types\/product"}],"replies":[{"embeddable":true,"href":"https:\/\/promis.ro\/ro\/wp-json\/wp\/v2\/comments?post=170462"}],"version-history":[{"count":1,"href":"https:\/\/promis.ro\/ro\/wp-json\/wp\/v2\/product\/170462\/revisions"}],"predecessor-version":[{"id":174006,"href":"https:\/\/promis.ro\/ro\/wp-json\/wp\/v2\/product\/170462\/revisions\/174006"}],"wp:featuredmedia":[{"embeddable":true,"href":"https:\/\/promis.ro\/ro\/wp-json\/wp\/v2\/media\/170459"}],"wp:attachment":[{"href":"https:\/\/promis.ro\/ro\/wp-json\/wp\/v2\/media?parent=170462"}],"wp:term":[{"taxonomy":"product_brand","embeddable":true,"href":"https:\/\/promis.ro\/ro\/wp-json\/wp\/v2\/product_brand?post=170462"},{"taxonomy":"product_cat","embeddable":true,"href":"https:\/\/promis.ro\/ro\/wp-json\/wp\/v2\/product_cat?post=170462"},{"taxonomy":"product_tag","embeddable":true,"href":"https:\/\/promis.ro\/ro\/wp-json\/wp\/v2\/product_tag?post=170462"}],"curies":[{"name":"wp","href":"https:\/\/api.w.org\/{rel}","templated":true}]}}