{"id":170466,"date":"2025-11-12T04:58:58","date_gmt":"2025-11-12T04:58:58","guid":{"rendered":"https:\/\/promis.ro\/product\/swiss-peak-aware-rpet-leonard-15-6-inch-laptop-backpack\/"},"modified":"2025-11-12T05:33:05","modified_gmt":"2025-11-12T05:33:05","slug":"swiss-peak-aware-rpet-leonard-15-6-inch-laptop-backpack","status":"publish","type":"product","link":"https:\/\/promis.ro\/ro\/produs\/swiss-peak-aware-rpet-leonard-15-6-inch-laptop-backpack\/","title":{"rendered":"Swiss Peak Aware\u2122 RPET Leonard 15.6 inch laptop backpack"},"content":{"rendered":"<p>Rucsacul pentru laptop Swiss Peak Aware\u2122 RPET Leonard de 15,6 inch este o combina\u021bie perfect\u0103 \u00eentre stil \u0219i func\u021bionalitate. Fabricat din 100% rPET, acest rucsac trendy dispune de bretele de um\u0103r ajustabile \u0219i un design unic al clapetei care adaug\u0103 14 cm de \u00een\u0103l\u021bime suplimentar\u0103 atunci c\u00e2nd este necesar. Compartimentul principal se deschide \u00een form\u0103 de L pentru un acces u\u0219or, cu o securitate suplimentar\u0103 oferit\u0103 de \u00eenchiderile cu curea \u0219i cataram\u0103. \u00cen interior, se potrive\u0219te confortabil un laptop de 15,6 inch, asigurat cu o \u00eenchidere cu Velcro, \u00eempreun\u0103 cu un buzunar intern cu fermoar convenabil. Geanta include, de asemenea, un compartiment frontal cu fermoar, un buzunar pentru b\u0103uturi \u0219i o m\u00e2nere din curea \u00een partea de sus, f\u0103c\u00e2nd-o ideal\u0103 pentru utilizare \u00een afaceri \u0219i zilnic\u0103. Fabricat din poliester reciclat \u00eencorporat cu markerul AWARE\u2122. 2% din veniturile fiec\u0103rui produs v\u00e2ndut cu AWARE\u2122 vor fi donate c\u0103tre Water.org. F\u0103r\u0103 PVC.<\/p>","protected":false},"excerpt":{"rendered":"<p>Rucsacul pentru laptop Swiss Peak Aware\u2122 RPET Leonard de 15,6 inch este o combina\u021bie perfect\u0103 \u00eentre stil \u0219i func\u021bionalitate. Fabricat<\/p>","protected":false},"featured_media":170463,"comment_status":"open","ping_status":"closed","template":"","meta":[],"product_brand":[],"product_cat":[169],"product_tag":[],"class_list":{"0":"post-170466","1":"product","2":"type-product","3":"status-publish","4":"has-post-thumbnail","6":"product_cat-ghiozdane","8":"first","9":"instock","10":"shipping-taxable","11":"purchasable","12":"product-type-simple"},"_links":{"self":[{"href":"https:\/\/promis.ro\/ro\/wp-json\/wp\/v2\/product\/170466","targetHints":{"allow":["GET"]}}],"collection":[{"href":"https:\/\/promis.ro\/ro\/wp-json\/wp\/v2\/product"}],"about":[{"href":"https:\/\/promis.ro\/ro\/wp-json\/wp\/v2\/types\/product"}],"replies":[{"embeddable":true,"href":"https:\/\/promis.ro\/ro\/wp-json\/wp\/v2\/comments?post=170466"}],"version-history":[{"count":1,"href":"https:\/\/promis.ro\/ro\/wp-json\/wp\/v2\/product\/170466\/revisions"}],"predecessor-version":[{"id":174016,"href":"https:\/\/promis.ro\/ro\/wp-json\/wp\/v2\/product\/170466\/revisions\/174016"}],"wp:featuredmedia":[{"embeddable":true,"href":"https:\/\/promis.ro\/ro\/wp-json\/wp\/v2\/media\/170463"}],"wp:attachment":[{"href":"https:\/\/promis.ro\/ro\/wp-json\/wp\/v2\/media?parent=170466"}],"wp:term":[{"taxonomy":"product_brand","embeddable":true,"href":"https:\/\/promis.ro\/ro\/wp-json\/wp\/v2\/product_brand?post=170466"},{"taxonomy":"product_cat","embeddable":true,"href":"https:\/\/promis.ro\/ro\/wp-json\/wp\/v2\/product_cat?post=170466"},{"taxonomy":"product_tag","embeddable":true,"href":"https:\/\/promis.ro\/ro\/wp-json\/wp\/v2\/product_tag?post=170466"}],"curies":[{"name":"wp","href":"https:\/\/api.w.org\/{rel}","templated":true}]}}