{"id":170470,"date":"2025-11-12T04:59:01","date_gmt":"2025-11-12T04:59:01","guid":{"rendered":"https:\/\/promis.ro\/product\/armond-aware-rpet-free-on-board-travel-pack\/"},"modified":"2025-11-12T05:33:11","modified_gmt":"2025-11-12T05:33:11","slug":"armond-aware-rpet-free-on-board-travel-pack","status":"publish","type":"product","link":"https:\/\/promis.ro\/ro\/produs\/armond-aware-rpet-free-on-board-travel-pack\/","title":{"rendered":"Armond Aware\u2122 RPET Free On Board travel pack"},"content":{"rendered":"<p>Rucsacul de c\u0103l\u0103torie Armond Aware\u2122 RPET Free On Board este conceput pentru c\u0103l\u0103torii de afaceri cu buget redus sau scurte. Fabricat din rPET cu un strat de protec\u021bie \u00eempotriva apei din PU \u0219i sus\u021binut de tehnologia AWARE, acest rucsac dispune de un compartiment c\u0103ptu\u0219it pentru laptop de 15 inch pe partea dreapt\u0103, perfect pentru MacBook-uri sau dispozitive mai mici. Interiorul, c\u0103ptu\u0219it cu rPET, asigur\u0103 organizarea bunurilor tale, \u00een timp ce bretelele ajustabile pentru umeri \u0219i m\u00e2nerul solid din webbing de pe partea de sus ofer\u0103 confort \u0219i comoditate. Cu un buzunar frontal cu fermoar \u0219i un compartiment mini trolley complet cu o curea elastic\u0103, acest rucsac este perfect pentru c\u0103l\u0103torii de afaceri sau weekenduri. Dimensiunea sa compact\u0103 se potrive\u0219te sub orice scaun de companie aerian\u0103 low-cost, astfel \u00eenc\u00e2t s\u0103 nu trebuie s\u0103-\u021bi faci griji cu privire la taxe suplimentare pentru bagaje. Fabricat din poliester reciclat \u00eencorporat cu trasorul AWARE\u2122. 2% din veniturile fiec\u0103rui produs v\u00e2ndut cu AWARE\u2122 vor fi donate c\u0103tre Water.org. F\u0103r\u0103 PVC.<\/p>","protected":false},"excerpt":{"rendered":"<p>Rucsacul de c\u0103l\u0103torie Armond Aware\u2122 RPET Free On Board este conceput pentru c\u0103l\u0103torii de afaceri cu buget redus sau scurte.<\/p>","protected":false},"featured_media":170467,"comment_status":"open","ping_status":"closed","template":"","meta":[],"product_brand":[],"product_cat":[169],"product_tag":[],"class_list":{"0":"post-170470","1":"product","2":"type-product","3":"status-publish","4":"has-post-thumbnail","6":"product_cat-ghiozdane","8":"first","9":"instock","10":"shipping-taxable","11":"purchasable","12":"product-type-variable"},"_links":{"self":[{"href":"https:\/\/promis.ro\/ro\/wp-json\/wp\/v2\/product\/170470","targetHints":{"allow":["GET"]}}],"collection":[{"href":"https:\/\/promis.ro\/ro\/wp-json\/wp\/v2\/product"}],"about":[{"href":"https:\/\/promis.ro\/ro\/wp-json\/wp\/v2\/types\/product"}],"replies":[{"embeddable":true,"href":"https:\/\/promis.ro\/ro\/wp-json\/wp\/v2\/comments?post=170470"}],"version-history":[{"count":1,"href":"https:\/\/promis.ro\/ro\/wp-json\/wp\/v2\/product\/170470\/revisions"}],"predecessor-version":[{"id":174027,"href":"https:\/\/promis.ro\/ro\/wp-json\/wp\/v2\/product\/170470\/revisions\/174027"}],"wp:featuredmedia":[{"embeddable":true,"href":"https:\/\/promis.ro\/ro\/wp-json\/wp\/v2\/media\/170467"}],"wp:attachment":[{"href":"https:\/\/promis.ro\/ro\/wp-json\/wp\/v2\/media?parent=170470"}],"wp:term":[{"taxonomy":"product_brand","embeddable":true,"href":"https:\/\/promis.ro\/ro\/wp-json\/wp\/v2\/product_brand?post=170470"},{"taxonomy":"product_cat","embeddable":true,"href":"https:\/\/promis.ro\/ro\/wp-json\/wp\/v2\/product_cat?post=170470"},{"taxonomy":"product_tag","embeddable":true,"href":"https:\/\/promis.ro\/ro\/wp-json\/wp\/v2\/product_tag?post=170470"}],"curies":[{"name":"wp","href":"https:\/\/api.w.org\/{rel}","templated":true}]}}