{"id":170474,"date":"2025-11-12T04:59:04","date_gmt":"2025-11-12T04:59:04","guid":{"rendered":"https:\/\/promis.ro\/product\/sp-aware-rpet-edin-100-recycled-15-6-inch-laptop-backpack\/"},"modified":"2025-11-12T05:33:09","modified_gmt":"2025-11-12T05:33:09","slug":"sp-aware-rpet-edin-100-recycled-15-6-inch-laptop-backpack","status":"publish","type":"product","link":"https:\/\/promis.ro\/ro\/produs\/sp-aware-rpet-edin-100-recycled-15-6-inch-laptop-backpack\/","title":{"rendered":"SP Aware\u2122 RPET Edin 100% recycled 15.6 inch laptop backpack"},"content":{"rendered":"<p>Rucsacul pentru laptop SP Aware\u2122 RPET Edin 100% reciclat de 15,6 inci combin\u0103 func\u021bionalitatea \u0219i sustenabilitatea pentru nevoile tale de afaceri. Fabricat din 100% rPET cu o c\u0103ptu\u0219eal\u0103 rPET asortat\u0103, acest rucsac dispune de un compartiment pentru laptop care se potrive\u0219te laptopurilor de 15,6 \u0219i 16 inci. De asemenea, include o buzunar cu fermoar frontal, un compartiment cu fermoar \u00een mijloc cu un buzunar din plas\u0103 cu fermoar, dou\u0103 buzunare de dimensiunea pa\u0219aportului \u0219i un buzunar deschis pentru pixuri. Cu o curea pentru bagaje pentru o c\u0103l\u0103torie u\u0219oar\u0103 \u0219i un m\u00e2ner din material textil \u00een partea de sus, acest rucsac este conceput av\u00e2nd \u00een vedere confortul. Toate componentele, de la materialul textil la fermoare \u0219i catarame, sunt fabricate din materiale reciclate, f\u0103c\u00e2ndu-l o alegere complet sustenabil\u0103 pentru profesionistul modern. Fabricat din poliester reciclat \u00eencorporat cu trasorul AWARE\u2122. 2% din veniturile fiec\u0103rui produs v\u00e2ndut cu AWARE\u2122 vor fi donate c\u0103tre Water.org. F\u0103r\u0103 PVC.<\/p>","protected":false},"excerpt":{"rendered":"<p>Rucsacul pentru laptop SP Aware\u2122 RPET Edin 100% reciclat de 15,6 inci combin\u0103 func\u021bionalitatea \u0219i sustenabilitatea pentru nevoile tale de<\/p>","protected":false},"featured_media":170471,"comment_status":"open","ping_status":"closed","template":"","meta":[],"product_brand":[],"product_cat":[169],"product_tag":[],"class_list":{"0":"post-170474","1":"product","2":"type-product","3":"status-publish","4":"has-post-thumbnail","6":"product_cat-ghiozdane","8":"first","9":"outofstock","10":"shipping-taxable","11":"purchasable","12":"product-type-simple"},"_links":{"self":[{"href":"https:\/\/promis.ro\/ro\/wp-json\/wp\/v2\/product\/170474","targetHints":{"allow":["GET"]}}],"collection":[{"href":"https:\/\/promis.ro\/ro\/wp-json\/wp\/v2\/product"}],"about":[{"href":"https:\/\/promis.ro\/ro\/wp-json\/wp\/v2\/types\/product"}],"replies":[{"embeddable":true,"href":"https:\/\/promis.ro\/ro\/wp-json\/wp\/v2\/comments?post=170474"}],"version-history":[{"count":1,"href":"https:\/\/promis.ro\/ro\/wp-json\/wp\/v2\/product\/170474\/revisions"}],"predecessor-version":[{"id":174023,"href":"https:\/\/promis.ro\/ro\/wp-json\/wp\/v2\/product\/170474\/revisions\/174023"}],"wp:featuredmedia":[{"embeddable":true,"href":"https:\/\/promis.ro\/ro\/wp-json\/wp\/v2\/media\/170471"}],"wp:attachment":[{"href":"https:\/\/promis.ro\/ro\/wp-json\/wp\/v2\/media?parent=170474"}],"wp:term":[{"taxonomy":"product_brand","embeddable":true,"href":"https:\/\/promis.ro\/ro\/wp-json\/wp\/v2\/product_brand?post=170474"},{"taxonomy":"product_cat","embeddable":true,"href":"https:\/\/promis.ro\/ro\/wp-json\/wp\/v2\/product_cat?post=170474"},{"taxonomy":"product_tag","embeddable":true,"href":"https:\/\/promis.ro\/ro\/wp-json\/wp\/v2\/product_tag?post=170474"}],"curies":[{"name":"wp","href":"https:\/\/api.w.org\/{rel}","templated":true}]}}