{"id":170478,"date":"2025-11-12T04:59:08","date_gmt":"2025-11-12T04:59:08","guid":{"rendered":"https:\/\/promis.ro\/product\/flexpack-aware-rpet-expandable-slim-15-6-laptop-backpack\/"},"modified":"2025-11-12T05:32:54","modified_gmt":"2025-11-12T05:32:54","slug":"flexpack-aware-rpet-expandable-slim-15-6-laptop-backpack","status":"publish","type":"product","link":"https:\/\/promis.ro\/ro\/produs\/flexpack-aware-rpet-expandable-slim-15-6-laptop-backpack\/","title":{"rendered":"Flexpack Aware\u2122 RPET Expandable Slim 15.6&#8243; Laptop Backpack"},"content":{"rendered":"<p>\u00cent\u00e2lni\u021bi rucsacul Flexpack Aware\u2122 RPET Expandable Slim. Combina\u021bia perfect\u0103 \u00eentre design elegant, versatilitate \u0219i sustenabilitate. Proiectat pentru profesioni\u0219tii moderni \u00een mi\u0219care, acest rucsac ultra-sub\u021bire, dar extensibil, se adapteaz\u0103 nevoilor dumneavoastr\u0103, men\u021bin\u00e2ndu-v\u0103 esen\u021bialele \u00een siguran\u021b\u0103 \u0219i organizate. Fabricat din poliester reciclat \u00eencorporat cu trasorul AWARE\u2122. 2% din veniturile fiec\u0103rui produs v\u00e2ndut cu AWARE\u2122 vor fi donate c\u0103tre Water.org. F\u0103r\u0103 PVC.<\/p>","protected":false},"excerpt":{"rendered":"<p>\u00cent\u00e2lni\u021bi rucsacul Flexpack Aware\u2122 RPET Expandable Slim. Combina\u021bia perfect\u0103 \u00eentre design elegant, versatilitate \u0219i sustenabilitate. Proiectat pentru profesioni\u0219tii moderni \u00een<\/p>","protected":false},"featured_media":170475,"comment_status":"open","ping_status":"closed","template":"","meta":[],"product_brand":[],"product_cat":[169],"product_tag":[],"class_list":{"0":"post-170478","1":"product","2":"type-product","3":"status-publish","4":"has-post-thumbnail","6":"product_cat-ghiozdane","8":"first","9":"instock","10":"shipping-taxable","11":"purchasable","12":"product-type-variable"},"_links":{"self":[{"href":"https:\/\/promis.ro\/ro\/wp-json\/wp\/v2\/product\/170478","targetHints":{"allow":["GET"]}}],"collection":[{"href":"https:\/\/promis.ro\/ro\/wp-json\/wp\/v2\/product"}],"about":[{"href":"https:\/\/promis.ro\/ro\/wp-json\/wp\/v2\/types\/product"}],"replies":[{"embeddable":true,"href":"https:\/\/promis.ro\/ro\/wp-json\/wp\/v2\/comments?post=170478"}],"version-history":[{"count":1,"href":"https:\/\/promis.ro\/ro\/wp-json\/wp\/v2\/product\/170478\/revisions"}],"predecessor-version":[{"id":173998,"href":"https:\/\/promis.ro\/ro\/wp-json\/wp\/v2\/product\/170478\/revisions\/173998"}],"wp:featuredmedia":[{"embeddable":true,"href":"https:\/\/promis.ro\/ro\/wp-json\/wp\/v2\/media\/170475"}],"wp:attachment":[{"href":"https:\/\/promis.ro\/ro\/wp-json\/wp\/v2\/media?parent=170478"}],"wp:term":[{"taxonomy":"product_brand","embeddable":true,"href":"https:\/\/promis.ro\/ro\/wp-json\/wp\/v2\/product_brand?post=170478"},{"taxonomy":"product_cat","embeddable":true,"href":"https:\/\/promis.ro\/ro\/wp-json\/wp\/v2\/product_cat?post=170478"},{"taxonomy":"product_tag","embeddable":true,"href":"https:\/\/promis.ro\/ro\/wp-json\/wp\/v2\/product_tag?post=170478"}],"curies":[{"name":"wp","href":"https:\/\/api.w.org\/{rel}","templated":true}]}}