{"id":170482,"date":"2025-11-12T04:59:11","date_gmt":"2025-11-12T04:59:11","guid":{"rendered":"https:\/\/promis.ro\/product\/citypack-aware-rpet-business-15-6-inch-laptop-backpack\/"},"modified":"2025-11-12T05:32:57","modified_gmt":"2025-11-12T05:32:57","slug":"citypack-aware-rpet-business-15-6-inch-laptop-backpack","status":"publish","type":"product","link":"https:\/\/promis.ro\/ro\/produs\/citypack-aware-rpet-business-15-6-inch-laptop-backpack\/","title":{"rendered":"CityPack AWARE\u2122 RPET Business 15.6 inch laptop backpack"},"content":{"rendered":"<p>\u00cent\u00e2lni\u021bi rucsacul de afaceri CityPack Aware\u2122 RPET. Amestecul perfect de design spa\u021bios, versatilitate \u0219i calitate. Conceput pentru profesioni\u0219tii moderni \u00een mi\u0219care, acest rucsac ultra-spa\u021bios se adapteaz\u0103 nevoilor dumneavoastr\u0103, men\u021bin\u00e2ndu-v\u0103 esen\u021bialele \u00een siguran\u021b\u0103 \u0219i organizate. Cu 2 buzunare laterale pentru sticle de ap\u0103. Fabricat din poliester reciclat \u00eencorporat cu trasorul AWARE\u2122. 2% din veniturile fiec\u0103rui produs v\u00e2ndut cu AWARE\u2122 vor fi donate c\u0103tre Water.org. F\u0103r\u0103 PVC.<\/p>","protected":false},"excerpt":{"rendered":"<p>\u00cent\u00e2lni\u021bi rucsacul de afaceri CityPack Aware\u2122 RPET. Amestecul perfect de design spa\u021bios, versatilitate \u0219i calitate. Conceput pentru profesioni\u0219tii moderni \u00een<\/p>","protected":false},"featured_media":170479,"comment_status":"open","ping_status":"closed","template":"","meta":[],"product_brand":[],"product_cat":[169],"product_tag":[],"class_list":{"0":"post-170482","1":"product","2":"type-product","3":"status-publish","4":"has-post-thumbnail","6":"product_cat-ghiozdane","8":"first","9":"instock","10":"shipping-taxable","11":"purchasable","12":"product-type-variable"},"_links":{"self":[{"href":"https:\/\/promis.ro\/ro\/wp-json\/wp\/v2\/product\/170482","targetHints":{"allow":["GET"]}}],"collection":[{"href":"https:\/\/promis.ro\/ro\/wp-json\/wp\/v2\/product"}],"about":[{"href":"https:\/\/promis.ro\/ro\/wp-json\/wp\/v2\/types\/product"}],"replies":[{"embeddable":true,"href":"https:\/\/promis.ro\/ro\/wp-json\/wp\/v2\/comments?post=170482"}],"version-history":[{"count":1,"href":"https:\/\/promis.ro\/ro\/wp-json\/wp\/v2\/product\/170482\/revisions"}],"predecessor-version":[{"id":174002,"href":"https:\/\/promis.ro\/ro\/wp-json\/wp\/v2\/product\/170482\/revisions\/174002"}],"wp:featuredmedia":[{"embeddable":true,"href":"https:\/\/promis.ro\/ro\/wp-json\/wp\/v2\/media\/170479"}],"wp:attachment":[{"href":"https:\/\/promis.ro\/ro\/wp-json\/wp\/v2\/media?parent=170482"}],"wp:term":[{"taxonomy":"product_brand","embeddable":true,"href":"https:\/\/promis.ro\/ro\/wp-json\/wp\/v2\/product_brand?post=170482"},{"taxonomy":"product_cat","embeddable":true,"href":"https:\/\/promis.ro\/ro\/wp-json\/wp\/v2\/product_cat?post=170482"},{"taxonomy":"product_tag","embeddable":true,"href":"https:\/\/promis.ro\/ro\/wp-json\/wp\/v2\/product_tag?post=170482"}],"curies":[{"name":"wp","href":"https:\/\/api.w.org\/{rel}","templated":true}]}}