{"id":170486,"date":"2025-11-12T04:59:15","date_gmt":"2025-11-12T04:59:15","guid":{"rendered":"https:\/\/promis.ro\/product\/crescent-xl-aware-rpet-half-moon-sling-bag\/"},"modified":"2025-11-12T05:32:57","modified_gmt":"2025-11-12T05:32:57","slug":"crescent-xl-aware-rpet-half-moon-sling-bag","status":"publish","type":"product","link":"https:\/\/promis.ro\/ro\/produs\/crescent-xl-aware-rpet-half-moon-sling-bag\/","title":{"rendered":"Crescent XL AWARE\u2122 RPET half moon sling bag"},"content":{"rendered":"<p>Descoperi\u021bi companionul perfect pentru excursiile dumneavoastr\u0103 zilnice\u2014acum \u00eentr-o versiune XL cu \u0219i mai mult spa\u021biu \u0219i func\u021bionalitate. Fabricat din poliester reciclat AWARE\u2122, acest rucsac unisex versatil se fixeaz\u0103 confortabil pe corpul dumneavoastr\u0103 pentru o zi \u00eentreag\u0103 de confort \u0219i stil. Designul mai mare permite acomodarea mai multor esen\u021biale, \u00een timp ce buzunarul exterior cu fermoar ad\u0103ugat ofer\u0103 acces rapid la obiectele mai mici. Dispune de o curea de um\u0103r ajustabil\u0103 pentru o potrivire personalizat\u0103. Include un trasor AWARE\u2122 pentru a valida utilizarea autentic\u0103 a materialelor reciclate. 2% din veniturile ob\u021binute din fiecare produs AWARE\u2122 v\u00e2ndut vor fi donate c\u0103tre Water.org. F\u0103r\u0103 PVC.<\/p>","protected":false},"excerpt":{"rendered":"<p>Descoperi\u021bi companionul perfect pentru excursiile dumneavoastr\u0103 zilnice\u2014acum \u00eentr-o versiune XL cu \u0219i mai mult spa\u021biu \u0219i func\u021bionalitate. Fabricat din poliester<\/p>","protected":false},"featured_media":170483,"comment_status":"open","ping_status":"closed","template":"","meta":[],"product_brand":[],"product_cat":[178],"product_tag":[],"class_list":{"0":"post-170486","1":"product","2":"type-product","3":"status-publish","4":"has-post-thumbnail","6":"product_cat-calatorit","8":"first","9":"instock","10":"shipping-taxable","11":"purchasable","12":"product-type-variable"},"_links":{"self":[{"href":"https:\/\/promis.ro\/ro\/wp-json\/wp\/v2\/product\/170486","targetHints":{"allow":["GET"]}}],"collection":[{"href":"https:\/\/promis.ro\/ro\/wp-json\/wp\/v2\/product"}],"about":[{"href":"https:\/\/promis.ro\/ro\/wp-json\/wp\/v2\/types\/product"}],"replies":[{"embeddable":true,"href":"https:\/\/promis.ro\/ro\/wp-json\/wp\/v2\/comments?post=170486"}],"version-history":[{"count":1,"href":"https:\/\/promis.ro\/ro\/wp-json\/wp\/v2\/product\/170486\/revisions"}],"predecessor-version":[{"id":174003,"href":"https:\/\/promis.ro\/ro\/wp-json\/wp\/v2\/product\/170486\/revisions\/174003"}],"wp:featuredmedia":[{"embeddable":true,"href":"https:\/\/promis.ro\/ro\/wp-json\/wp\/v2\/media\/170483"}],"wp:attachment":[{"href":"https:\/\/promis.ro\/ro\/wp-json\/wp\/v2\/media?parent=170486"}],"wp:term":[{"taxonomy":"product_brand","embeddable":true,"href":"https:\/\/promis.ro\/ro\/wp-json\/wp\/v2\/product_brand?post=170486"},{"taxonomy":"product_cat","embeddable":true,"href":"https:\/\/promis.ro\/ro\/wp-json\/wp\/v2\/product_cat?post=170486"},{"taxonomy":"product_tag","embeddable":true,"href":"https:\/\/promis.ro\/ro\/wp-json\/wp\/v2\/product_tag?post=170486"}],"curies":[{"name":"wp","href":"https:\/\/api.w.org\/{rel}","templated":true}]}}