{"id":170550,"date":"2025-11-12T05:00:12","date_gmt":"2025-11-12T05:00:12","guid":{"rendered":"https:\/\/promis.ro\/product\/a5-notebook-with-bamboo-pen-including-stylus\/"},"modified":"2025-11-12T05:33:07","modified_gmt":"2025-11-12T05:33:07","slug":"a5-notebook-with-bamboo-pen-including-stylus","status":"publish","type":"product","link":"https:\/\/promis.ro\/ro\/produs\/a5-notebook-with-bamboo-pen-including-stylus\/","title":{"rendered":"A5 notebook with bamboo pen including stylus"},"content":{"rendered":"<p>Notebook ECO realizat din plut\u0103 natural\u0103, cu 160 de pagini de h\u00e2rtie de 80g\/m2. Cu separator de pagini negru \u0219i band\u0103 elastic\u0103 neagr\u0103. Inclus un stilou din bambus cu v\u00e2rf de stilou \u0219i pix.<\/p>","protected":false},"excerpt":{"rendered":"<p>Notebook ECO realizat din plut\u0103 natural\u0103, cu 160 de pagini de h\u00e2rtie de 80g\/m2. Cu separator de pagini negru \u0219i<\/p>","protected":false},"featured_media":170547,"comment_status":"open","ping_status":"closed","template":"","meta":[],"product_brand":[],"product_cat":[175],"product_tag":[],"class_list":{"0":"post-170550","1":"product","2":"type-product","3":"status-publish","4":"has-post-thumbnail","6":"product_cat-scris","8":"first","9":"instock","10":"shipping-taxable","11":"purchasable","12":"product-type-simple"},"_links":{"self":[{"href":"https:\/\/promis.ro\/ro\/wp-json\/wp\/v2\/product\/170550","targetHints":{"allow":["GET"]}}],"collection":[{"href":"https:\/\/promis.ro\/ro\/wp-json\/wp\/v2\/product"}],"about":[{"href":"https:\/\/promis.ro\/ro\/wp-json\/wp\/v2\/types\/product"}],"replies":[{"embeddable":true,"href":"https:\/\/promis.ro\/ro\/wp-json\/wp\/v2\/comments?post=170550"}],"version-history":[{"count":1,"href":"https:\/\/promis.ro\/ro\/wp-json\/wp\/v2\/product\/170550\/revisions"}],"predecessor-version":[{"id":174021,"href":"https:\/\/promis.ro\/ro\/wp-json\/wp\/v2\/product\/170550\/revisions\/174021"}],"wp:featuredmedia":[{"embeddable":true,"href":"https:\/\/promis.ro\/ro\/wp-json\/wp\/v2\/media\/170547"}],"wp:attachment":[{"href":"https:\/\/promis.ro\/ro\/wp-json\/wp\/v2\/media?parent=170550"}],"wp:term":[{"taxonomy":"product_brand","embeddable":true,"href":"https:\/\/promis.ro\/ro\/wp-json\/wp\/v2\/product_brand?post=170550"},{"taxonomy":"product_cat","embeddable":true,"href":"https:\/\/promis.ro\/ro\/wp-json\/wp\/v2\/product_cat?post=170550"},{"taxonomy":"product_tag","embeddable":true,"href":"https:\/\/promis.ro\/ro\/wp-json\/wp\/v2\/product_tag?post=170550"}],"curies":[{"name":"wp","href":"https:\/\/api.w.org\/{rel}","templated":true}]}}