{"id":170554,"date":"2025-11-12T05:00:16","date_gmt":"2025-11-12T05:00:16","guid":{"rendered":"https:\/\/promis.ro\/product\/a5-jute-notebook\/"},"modified":"2025-11-12T05:33:05","modified_gmt":"2025-11-12T05:33:05","slug":"a5-jute-notebook","status":"publish","type":"product","link":"https:\/\/promis.ro\/ro\/produs\/a5-jute-notebook\/","title":{"rendered":"A5 jute notebook"},"content":{"rendered":"<p>\u00cenapoi la natur\u0103 cu acest caiet din jute cu 80 de foi\/160 de pagini din h\u00e2rtie de bambus. Band\u0103 elastic\u0103 \u0219i panglic\u0103 de marcaj.<\/p>","protected":false},"excerpt":{"rendered":"<p>\u00cenapoi la natur\u0103 cu acest caiet din jute cu 80 de foi\/160 de pagini din h\u00e2rtie de bambus. Band\u0103 elastic\u0103<\/p>","protected":false},"featured_media":170551,"comment_status":"open","ping_status":"closed","template":"","meta":[],"product_brand":[],"product_cat":[175],"product_tag":[],"class_list":{"0":"post-170554","1":"product","2":"type-product","3":"status-publish","4":"has-post-thumbnail","6":"product_cat-scris","8":"first","9":"instock","10":"shipping-taxable","11":"purchasable","12":"product-type-simple"},"_links":{"self":[{"href":"https:\/\/promis.ro\/ro\/wp-json\/wp\/v2\/product\/170554","targetHints":{"allow":["GET"]}}],"collection":[{"href":"https:\/\/promis.ro\/ro\/wp-json\/wp\/v2\/product"}],"about":[{"href":"https:\/\/promis.ro\/ro\/wp-json\/wp\/v2\/types\/product"}],"replies":[{"embeddable":true,"href":"https:\/\/promis.ro\/ro\/wp-json\/wp\/v2\/comments?post=170554"}],"version-history":[{"count":1,"href":"https:\/\/promis.ro\/ro\/wp-json\/wp\/v2\/product\/170554\/revisions"}],"predecessor-version":[{"id":174017,"href":"https:\/\/promis.ro\/ro\/wp-json\/wp\/v2\/product\/170554\/revisions\/174017"}],"wp:featuredmedia":[{"embeddable":true,"href":"https:\/\/promis.ro\/ro\/wp-json\/wp\/v2\/media\/170551"}],"wp:attachment":[{"href":"https:\/\/promis.ro\/ro\/wp-json\/wp\/v2\/media?parent=170554"}],"wp:term":[{"taxonomy":"product_brand","embeddable":true,"href":"https:\/\/promis.ro\/ro\/wp-json\/wp\/v2\/product_brand?post=170554"},{"taxonomy":"product_cat","embeddable":true,"href":"https:\/\/promis.ro\/ro\/wp-json\/wp\/v2\/product_cat?post=170554"},{"taxonomy":"product_tag","embeddable":true,"href":"https:\/\/promis.ro\/ro\/wp-json\/wp\/v2\/product_tag?post=170554"}],"curies":[{"name":"wp","href":"https:\/\/api.w.org\/{rel}","templated":true}]}}