{"id":171326,"date":"2025-11-12T05:08:24","date_gmt":"2025-11-12T05:08:24","guid":{"rendered":"https:\/\/promis.ro\/product\/luxury-wooden-foldable-chess-set\/"},"modified":"2025-11-12T05:34:17","modified_gmt":"2025-11-12T05:34:17","slug":"luxury-wooden-foldable-chess-set","status":"publish","type":"product","link":"https:\/\/promis.ro\/ro\/produs\/luxury-wooden-foldable-chess-set\/","title":{"rendered":"Luxury wooden foldable chess set"},"content":{"rendered":"<p>Joac\u0103 acest mare joc clasic de abilitate \u0219i strategie care a \u00eenc\u00e2ntat milioane de oameni din \u00eentreaga lume timp de secole. Setul de \u0219ah din lemn de lux este fabricat din lemn de pin \u0219i include 32 de piese de \u0219ah care pot fi depozitate \u00een cutie. Tabla de \u0219ah pliabil\u0103 \u00een stil carte este excelent\u0103 pentru o depozitare \u0219i transport u\u0219or. Fabricat din lemn certificat FSC\u00ae. Vine \u00een ambalaj de cadou din kraft certificat FSC\u00ae.<\/p>","protected":false},"excerpt":{"rendered":"<p>Joac\u0103 acest mare joc clasic de abilitate \u0219i strategie care a \u00eenc\u00e2ntat milioane de oameni din \u00eentreaga lume timp de<\/p>","protected":false},"featured_media":171323,"comment_status":"open","ping_status":"closed","template":"","meta":[],"product_brand":[],"product_cat":[177],"product_tag":[],"class_list":{"0":"post-171326","1":"product","2":"type-product","3":"status-publish","4":"has-post-thumbnail","6":"product_cat-timp-liber-si-divertisment","8":"first","9":"instock","10":"shipping-taxable","11":"purchasable","12":"product-type-simple"},"_links":{"self":[{"href":"https:\/\/promis.ro\/ro\/wp-json\/wp\/v2\/product\/171326","targetHints":{"allow":["GET"]}}],"collection":[{"href":"https:\/\/promis.ro\/ro\/wp-json\/wp\/v2\/product"}],"about":[{"href":"https:\/\/promis.ro\/ro\/wp-json\/wp\/v2\/types\/product"}],"replies":[{"embeddable":true,"href":"https:\/\/promis.ro\/ro\/wp-json\/wp\/v2\/comments?post=171326"}],"version-history":[{"count":1,"href":"https:\/\/promis.ro\/ro\/wp-json\/wp\/v2\/product\/171326\/revisions"}],"predecessor-version":[{"id":174147,"href":"https:\/\/promis.ro\/ro\/wp-json\/wp\/v2\/product\/171326\/revisions\/174147"}],"wp:featuredmedia":[{"embeddable":true,"href":"https:\/\/promis.ro\/ro\/wp-json\/wp\/v2\/media\/171323"}],"wp:attachment":[{"href":"https:\/\/promis.ro\/ro\/wp-json\/wp\/v2\/media?parent=171326"}],"wp:term":[{"taxonomy":"product_brand","embeddable":true,"href":"https:\/\/promis.ro\/ro\/wp-json\/wp\/v2\/product_brand?post=171326"},{"taxonomy":"product_cat","embeddable":true,"href":"https:\/\/promis.ro\/ro\/wp-json\/wp\/v2\/product_cat?post=171326"},{"taxonomy":"product_tag","embeddable":true,"href":"https:\/\/promis.ro\/ro\/wp-json\/wp\/v2\/product_tag?post=171326"}],"curies":[{"name":"wp","href":"https:\/\/api.w.org\/{rel}","templated":true}]}}