{"id":171338,"date":"2025-11-12T05:08:34","date_gmt":"2025-11-12T05:08:34","guid":{"rendered":"https:\/\/promis.ro\/product\/deluxe-tumbling-tower-wood-block-stacking-game\/"},"modified":"2025-11-12T05:34:15","modified_gmt":"2025-11-12T05:34:15","slug":"deluxe-tumbling-tower-wood-block-stacking-game","status":"publish","type":"product","link":"https:\/\/promis.ro\/ro\/produs\/deluxe-tumbling-tower-wood-block-stacking-game\/","title":{"rendered":"Deluxe tumbling tower wood block stacking game"},"content":{"rendered":"<p>C\u00e2t de sus po\u021bi ajunge? Vezi c\u00e2t de sus po\u021bi stivui blocurile din lemn \u00eenainte s\u0103 cad\u0103 cu acest joc distractiv de turnuri c\u0103z\u0103toare. Cele 48 de blocuri pot fi u\u0219or depozitate \u00een cutia din lemn cu capac. Fabricat din lemn certificat FSC\u00ae. Vine \u00een ambalaj de cadou din kraft certificat FSC\u00ae.<\/p>","protected":false},"excerpt":{"rendered":"<p>C\u00e2t de sus po\u021bi ajunge? Vezi c\u00e2t de sus po\u021bi stivui blocurile din lemn \u00eenainte s\u0103 cad\u0103 cu acest joc<\/p>","protected":false},"featured_media":171335,"comment_status":"open","ping_status":"closed","template":"","meta":[],"product_brand":[],"product_cat":[177],"product_tag":[],"class_list":{"0":"post-171338","1":"product","2":"type-product","3":"status-publish","4":"has-post-thumbnail","6":"product_cat-timp-liber-si-divertisment","8":"first","9":"instock","10":"shipping-taxable","11":"purchasable","12":"product-type-simple"},"_links":{"self":[{"href":"https:\/\/promis.ro\/ro\/wp-json\/wp\/v2\/product\/171338","targetHints":{"allow":["GET"]}}],"collection":[{"href":"https:\/\/promis.ro\/ro\/wp-json\/wp\/v2\/product"}],"about":[{"href":"https:\/\/promis.ro\/ro\/wp-json\/wp\/v2\/types\/product"}],"replies":[{"embeddable":true,"href":"https:\/\/promis.ro\/ro\/wp-json\/wp\/v2\/comments?post=171338"}],"version-history":[{"count":1,"href":"https:\/\/promis.ro\/ro\/wp-json\/wp\/v2\/product\/171338\/revisions"}],"predecessor-version":[{"id":174143,"href":"https:\/\/promis.ro\/ro\/wp-json\/wp\/v2\/product\/171338\/revisions\/174143"}],"wp:featuredmedia":[{"embeddable":true,"href":"https:\/\/promis.ro\/ro\/wp-json\/wp\/v2\/media\/171335"}],"wp:attachment":[{"href":"https:\/\/promis.ro\/ro\/wp-json\/wp\/v2\/media?parent=171338"}],"wp:term":[{"taxonomy":"product_brand","embeddable":true,"href":"https:\/\/promis.ro\/ro\/wp-json\/wp\/v2\/product_brand?post=171338"},{"taxonomy":"product_cat","embeddable":true,"href":"https:\/\/promis.ro\/ro\/wp-json\/wp\/v2\/product_cat?post=171338"},{"taxonomy":"product_tag","embeddable":true,"href":"https:\/\/promis.ro\/ro\/wp-json\/wp\/v2\/product_tag?post=171338"}],"curies":[{"name":"wp","href":"https:\/\/api.w.org\/{rel}","templated":true}]}}