{"id":171350,"date":"2025-11-12T05:08:44","date_gmt":"2025-11-12T05:08:44","guid":{"rendered":"https:\/\/promis.ro\/product\/5-in-1-game-set\/"},"modified":"2025-11-12T05:34:18","modified_gmt":"2025-11-12T05:34:18","slug":"5-in-1-game-set","status":"publish","type":"product","link":"https:\/\/promis.ro\/ro\/produs\/5-in-1-game-set\/","title":{"rendered":"5 in 1 game set"},"content":{"rendered":"<p>Bucura\u021bi-v\u0103 de momente distractive de joc al\u0103turi de prietenii dvs.! Acest set de jocuri 5 \u00een 1 include: mikado, c\u0103r\u021bi de joc, domino, \u0219ah \u0219i table. Cutie din lemn de pin alb 17x17x3,7cm cu tabl\u0103 de \u0219ah imprimat\u0103 \u00een negru pe o parte a capacului \u0219i tabl\u0103 de table imprimat\u0103 \u00een negru\/ro\u0219u pe fundul cutiei. Fabricat din lemn certificat FSC\u00ae. Vine \u00een ambalaj de cadou din kraft certificat FSC\u00ae.<\/p>","protected":false},"excerpt":{"rendered":"<p>Bucura\u021bi-v\u0103 de momente distractive de joc al\u0103turi de prietenii dvs.! Acest set de jocuri 5 \u00een 1 include: mikado, c\u0103r\u021bi<\/p>","protected":false},"featured_media":171347,"comment_status":"open","ping_status":"closed","template":"","meta":[],"product_brand":[],"product_cat":[177],"product_tag":[],"class_list":{"0":"post-171350","1":"product","2":"type-product","3":"status-publish","4":"has-post-thumbnail","6":"product_cat-timp-liber-si-divertisment","8":"first","9":"instock","10":"shipping-taxable","11":"purchasable","12":"product-type-simple"},"_links":{"self":[{"href":"https:\/\/promis.ro\/ro\/wp-json\/wp\/v2\/product\/171350","targetHints":{"allow":["GET"]}}],"collection":[{"href":"https:\/\/promis.ro\/ro\/wp-json\/wp\/v2\/product"}],"about":[{"href":"https:\/\/promis.ro\/ro\/wp-json\/wp\/v2\/types\/product"}],"replies":[{"embeddable":true,"href":"https:\/\/promis.ro\/ro\/wp-json\/wp\/v2\/comments?post=171350"}],"version-history":[{"count":1,"href":"https:\/\/promis.ro\/ro\/wp-json\/wp\/v2\/product\/171350\/revisions"}],"predecessor-version":[{"id":174150,"href":"https:\/\/promis.ro\/ro\/wp-json\/wp\/v2\/product\/171350\/revisions\/174150"}],"wp:featuredmedia":[{"embeddable":true,"href":"https:\/\/promis.ro\/ro\/wp-json\/wp\/v2\/media\/171347"}],"wp:attachment":[{"href":"https:\/\/promis.ro\/ro\/wp-json\/wp\/v2\/media?parent=171350"}],"wp:term":[{"taxonomy":"product_brand","embeddable":true,"href":"https:\/\/promis.ro\/ro\/wp-json\/wp\/v2\/product_brand?post=171350"},{"taxonomy":"product_cat","embeddable":true,"href":"https:\/\/promis.ro\/ro\/wp-json\/wp\/v2\/product_cat?post=171350"},{"taxonomy":"product_tag","embeddable":true,"href":"https:\/\/promis.ro\/ro\/wp-json\/wp\/v2\/product_tag?post=171350"}],"curies":[{"name":"wp","href":"https:\/\/api.w.org\/{rel}","templated":true}]}}