{"id":171358,"date":"2025-11-12T05:08:50","date_gmt":"2025-11-12T05:08:50","guid":{"rendered":"https:\/\/promis.ro\/product\/claire-wooden-ludo-game\/"},"modified":"2025-11-12T05:34:18","modified_gmt":"2025-11-12T05:34:18","slug":"claire-wooden-ludo-game","status":"publish","type":"product","link":"https:\/\/promis.ro\/ro\/produs\/claire-wooden-ludo-game\/","title":{"rendered":"Claire wooden Ludo game"},"content":{"rendered":"<p>Preg\u0103te\u0219te-te pentru distrac\u021bie f\u0103r\u0103 sf\u00e2r\u0219it cu acest frumos joc de lemn Claire Ludo. Fabricat din lemn de \u00eenalt\u0103 calitate \u0219i ambalat \u00eentr-o cutie din kraft certificat FSC, acest joc este at\u00e2t frumos, c\u00e2t \u0219i realizat responsabil. F\u0103-\u021bi urm\u0103toarea sear\u0103 de jocuri de neuitat!<\/p>","protected":false},"excerpt":{"rendered":"<p>Preg\u0103te\u0219te-te pentru distrac\u021bie f\u0103r\u0103 sf\u00e2r\u0219it cu acest frumos joc de lemn Claire Ludo. Fabricat din lemn de \u00eenalt\u0103 calitate \u0219i<\/p>","protected":false},"featured_media":171355,"comment_status":"open","ping_status":"closed","template":"","meta":[],"product_brand":[],"product_cat":[177],"product_tag":[],"class_list":{"0":"post-171358","1":"product","2":"type-product","3":"status-publish","4":"has-post-thumbnail","6":"product_cat-timp-liber-si-divertisment","8":"first","9":"instock","10":"shipping-taxable","11":"purchasable","12":"product-type-simple"},"_links":{"self":[{"href":"https:\/\/promis.ro\/ro\/wp-json\/wp\/v2\/product\/171358","targetHints":{"allow":["GET"]}}],"collection":[{"href":"https:\/\/promis.ro\/ro\/wp-json\/wp\/v2\/product"}],"about":[{"href":"https:\/\/promis.ro\/ro\/wp-json\/wp\/v2\/types\/product"}],"replies":[{"embeddable":true,"href":"https:\/\/promis.ro\/ro\/wp-json\/wp\/v2\/comments?post=171358"}],"version-history":[{"count":1,"href":"https:\/\/promis.ro\/ro\/wp-json\/wp\/v2\/product\/171358\/revisions"}],"predecessor-version":[{"id":174149,"href":"https:\/\/promis.ro\/ro\/wp-json\/wp\/v2\/product\/171358\/revisions\/174149"}],"wp:featuredmedia":[{"embeddable":true,"href":"https:\/\/promis.ro\/ro\/wp-json\/wp\/v2\/media\/171355"}],"wp:attachment":[{"href":"https:\/\/promis.ro\/ro\/wp-json\/wp\/v2\/media?parent=171358"}],"wp:term":[{"taxonomy":"product_brand","embeddable":true,"href":"https:\/\/promis.ro\/ro\/wp-json\/wp\/v2\/product_brand?post=171358"},{"taxonomy":"product_cat","embeddable":true,"href":"https:\/\/promis.ro\/ro\/wp-json\/wp\/v2\/product_cat?post=171358"},{"taxonomy":"product_tag","embeddable":true,"href":"https:\/\/promis.ro\/ro\/wp-json\/wp\/v2\/product_tag?post=171358"}],"curies":[{"name":"wp","href":"https:\/\/api.w.org\/{rel}","templated":true}]}}