{"id":171500,"date":"2025-11-12T05:10:50","date_gmt":"2025-11-12T05:10:50","guid":{"rendered":"https:\/\/promis.ro\/product\/vinga-asado-potholder\/"},"modified":"2025-11-12T05:34:34","modified_gmt":"2025-11-12T05:34:34","slug":"vinga-asado-potholder","status":"publish","type":"product","link":"https:\/\/promis.ro\/ro\/produs\/vinga-asado-potholder\/","title":{"rendered":"VINGA Asado potholder"},"content":{"rendered":"<p>Un suport de oale durabil \u0219i elegant, fabricat dintr-un material de p\u00e2nz\u0103 de calitate superioar\u0103, sp\u0103lat cu piatr\u0103. Suportul nostru de oale este conceput av\u00e2nd \u00een vedere confortul \u0219i siguran\u021ba dumneavoastr\u0103. Materialul gros din p\u00e2nz\u0103 ofer\u0103 o protec\u021bie excelent\u0103 \u00eempotriva c\u0103ldurii, \u00een timp ce c\u0103ptu\u0219eala interioar\u0103 moale asigur\u0103 o prindere confortabil\u0103.<\/p>","protected":false},"excerpt":{"rendered":"<p>Un suport de oale durabil \u0219i elegant, fabricat dintr-un material de p\u00e2nz\u0103 de calitate superioar\u0103, sp\u0103lat cu piatr\u0103. Suportul nostru<\/p>","protected":false},"featured_media":171497,"comment_status":"open","ping_status":"closed","template":"","meta":[],"product_brand":[],"product_cat":[179],"product_tag":[],"class_list":{"0":"post-171500","1":"product","2":"type-product","3":"status-publish","4":"has-post-thumbnail","6":"product_cat-casa-si-decoratiuni","8":"first","9":"instock","10":"shipping-taxable","11":"purchasable","12":"product-type-variable"},"_links":{"self":[{"href":"https:\/\/promis.ro\/ro\/wp-json\/wp\/v2\/product\/171500","targetHints":{"allow":["GET"]}}],"collection":[{"href":"https:\/\/promis.ro\/ro\/wp-json\/wp\/v2\/product"}],"about":[{"href":"https:\/\/promis.ro\/ro\/wp-json\/wp\/v2\/types\/product"}],"replies":[{"embeddable":true,"href":"https:\/\/promis.ro\/ro\/wp-json\/wp\/v2\/comments?post=171500"}],"version-history":[{"count":1,"href":"https:\/\/promis.ro\/ro\/wp-json\/wp\/v2\/product\/171500\/revisions"}],"predecessor-version":[{"id":174181,"href":"https:\/\/promis.ro\/ro\/wp-json\/wp\/v2\/product\/171500\/revisions\/174181"}],"wp:featuredmedia":[{"embeddable":true,"href":"https:\/\/promis.ro\/ro\/wp-json\/wp\/v2\/media\/171497"}],"wp:attachment":[{"href":"https:\/\/promis.ro\/ro\/wp-json\/wp\/v2\/media?parent=171500"}],"wp:term":[{"taxonomy":"product_brand","embeddable":true,"href":"https:\/\/promis.ro\/ro\/wp-json\/wp\/v2\/product_brand?post=171500"},{"taxonomy":"product_cat","embeddable":true,"href":"https:\/\/promis.ro\/ro\/wp-json\/wp\/v2\/product_cat?post=171500"},{"taxonomy":"product_tag","embeddable":true,"href":"https:\/\/promis.ro\/ro\/wp-json\/wp\/v2\/product_tag?post=171500"}],"curies":[{"name":"wp","href":"https:\/\/api.w.org\/{rel}","templated":true}]}}