{"id":171836,"date":"2025-11-12T05:13:13","date_gmt":"2025-11-12T05:13:13","guid":{"rendered":"https:\/\/promis.ro\/product\/vinga-baltimore-rcs-first-aid-kit\/"},"modified":"2025-11-12T05:35:04","modified_gmt":"2025-11-12T05:35:04","slug":"vinga-baltimore-rcs-first-aid-kit","status":"publish","type":"product","link":"https:\/\/promis.ro\/ro\/produs\/vinga-baltimore-rcs-first-aid-kit\/","title":{"rendered":"VINGA Baltimore RCS first aid kit"},"content":{"rendered":"<p>Kit de prim ajutor din populara serie Baltimore \u2013 conceput at\u00e2t pentru utilizarea zilnic\u0103, c\u00e2t \u0219i pentru aventuri. Designul s\u0103u compact, cu o curea de transport, \u00eel face u\u0219or de luat cu tine, fie \u00een geant\u0103, fie \u00een ma\u0219in\u0103. Echipat cu provizii esen\u021biale, cum ar fi plasturi, foarfece, bandaje, comprese, \u0219erve\u021bele pentru r\u0103ni, band\u0103 \u0219i m\u0103nu\u0219i de unic\u0103 folosin\u021b\u0103. Tot ce ai nevoie pentru a trata rapid \u0219i \u00een siguran\u021b\u0103 leziunile minore. Dispune de un fermoar durabil SAB. Certificat de RCS (Recycled Claim Standard), certificarea RCS garanteaz\u0103 c\u0103 \u00eentreaga lan\u021b de aprovizionare a materialelor reciclate este certificat. Con\u021binutul total reciclat se bazeaz\u0103 pe greutatea total\u0103 a produsului. Acest produs con\u021bine 23% poliester reciclat certificat RCS.<\/p>","protected":false},"excerpt":{"rendered":"<p>Kit de prim ajutor din populara serie Baltimore \u2013 conceput at\u00e2t pentru utilizarea zilnic\u0103, c\u00e2t \u0219i pentru aventuri. Designul s\u0103u<\/p>","protected":false},"featured_media":171833,"comment_status":"open","ping_status":"closed","template":"","meta":[],"product_brand":[],"product_cat":[181],"product_tag":[],"class_list":{"0":"post-171836","1":"product","2":"type-product","3":"status-publish","4":"has-post-thumbnail","6":"product_cat-ingrijire-personala-si-farmaceutica","8":"first","9":"instock","10":"shipping-taxable","11":"purchasable","12":"product-type-variable"},"yoast_head":"<!-- This site is optimized with the Yoast SEO plugin v27.4 - https:\/\/yoast.com\/product\/yoast-seo-wordpress\/ -->\n<title>VINGA Baltimore RCS first aid kit - Promis.ro<\/title>\n<meta name=\"description\" content=\"Kit de prim ajutor din populara serie Baltimore \u2013 conceput at\u00e2t pentru utilizarea zilnic\u0103, c\u00e2t \u0219i pentru aventuri. Designul s\u0103u compact, cu o curea de\" \/>\n<meta name=\"robots\" content=\"index, follow, max-snippet:-1, max-image-preview:large, max-video-preview:-1\" \/>\n<link rel=\"canonical\" href=\"https:\/\/promis.ro\/ro\/produs\/vinga-baltimore-rcs-first-aid-kit\/\" \/>\n<meta property=\"og:locale\" content=\"ro_RO\" \/>\n<meta property=\"og:type\" content=\"article\" \/>\n<meta property=\"og:title\" content=\"VINGA Baltimore RCS first aid kit - Promis.ro\" \/>\n<meta property=\"og:description\" content=\"Kit de prim ajutor din populara serie Baltimore \u2013 conceput at\u00e2t pentru utilizarea zilnic\u0103, c\u00e2t \u0219i pentru aventuri. Designul s\u0103u compact, cu o curea de\" \/>\n<meta property=\"og:url\" content=\"https:\/\/promis.ro\/ro\/produs\/vinga-baltimore-rcs-first-aid-kit\/\" \/>\n<meta property=\"og:site_name\" content=\"Promis.ro\" \/>\n<meta property=\"article:modified_time\" content=\"2025-11-12T05:35:04+00:00\" \/>\n<meta property=\"og:image\" content=\"https:\/\/promis.ro\/wp-content\/uploads\/2025\/11\/V2650001__B_1__bb0ad1dda88f40fd8f49b8f000a3206e.jpg\" \/>\n\t<meta property=\"og:image:width\" content=\"1024\" \/>\n\t<meta property=\"og:image:height\" content=\"1024\" \/>\n\t<meta property=\"og:image:type\" content=\"image\/jpeg\" \/>\n<meta name=\"twitter:card\" content=\"summary_large_image\" \/>\n<meta name=\"twitter:label1\" content=\"Timp estimat pentru citire\" \/>\n\t<meta name=\"twitter:data1\" content=\"1 minut\" \/>\n<script type=\"application\/ld+json\" class=\"yoast-schema-graph\">{\"@context\":\"https:\\\/\\\/schema.org\",\"@graph\":[{\"@type\":\"WebPage\",\"@id\":\"https:\\\/\\\/promis.ro\\\/product\\\/vinga-baltimore-rcs-first-aid-kit\\\/\",\"url\":\"https:\\\/\\\/promis.ro\\\/product\\\/vinga-baltimore-rcs-first-aid-kit\\\/\",\"name\":\"VINGA Baltimore RCS first aid kit - Promis.ro\",\"isPartOf\":{\"@id\":\"https:\\\/\\\/promis.ro\\\/#website\"},\"primaryImageOfPage\":{\"@id\":\"https:\\\/\\\/promis.ro\\\/product\\\/vinga-baltimore-rcs-first-aid-kit\\\/#primaryimage\"},\"image\":{\"@id\":\"https:\\\/\\\/promis.ro\\\/product\\\/vinga-baltimore-rcs-first-aid-kit\\\/#primaryimage\"},\"thumbnailUrl\":\"https:\\\/\\\/promis.ro\\\/wp-content\\\/uploads\\\/2025\\\/11\\\/V2650001__B_1__bb0ad1dda88f40fd8f49b8f000a3206e.jpg\",\"datePublished\":\"2025-11-12T05:13:13+00:00\",\"dateModified\":\"2025-11-12T05:35:04+00:00\",\"description\":\"Kit de prim ajutor din populara serie Baltimore \u2013 conceput at\u00e2t pentru utilizarea zilnic\u0103, c\u00e2t \u0219i pentru aventuri. Designul s\u0103u compact, cu o curea de\",\"breadcrumb\":{\"@id\":\"https:\\\/\\\/promis.ro\\\/product\\\/vinga-baltimore-rcs-first-aid-kit\\\/#breadcrumb\"},\"inLanguage\":\"ro-RO\",\"potentialAction\":[{\"@type\":\"ReadAction\",\"target\":[\"https:\\\/\\\/promis.ro\\\/product\\\/vinga-baltimore-rcs-first-aid-kit\\\/\"]}]},{\"@type\":\"ImageObject\",\"inLanguage\":\"ro-RO\",\"@id\":\"https:\\\/\\\/promis.ro\\\/product\\\/vinga-baltimore-rcs-first-aid-kit\\\/#primaryimage\",\"url\":\"https:\\\/\\\/promis.ro\\\/wp-content\\\/uploads\\\/2025\\\/11\\\/V2650001__B_1__bb0ad1dda88f40fd8f49b8f000a3206e.jpg\",\"contentUrl\":\"https:\\\/\\\/promis.ro\\\/wp-content\\\/uploads\\\/2025\\\/11\\\/V2650001__B_1__bb0ad1dda88f40fd8f49b8f000a3206e.jpg\",\"width\":1024,\"height\":1024},{\"@type\":\"BreadcrumbList\",\"@id\":\"https:\\\/\\\/promis.ro\\\/product\\\/vinga-baltimore-rcs-first-aid-kit\\\/#breadcrumb\",\"itemListElement\":[{\"@type\":\"ListItem\",\"position\":1,\"name\":\"Home\",\"item\":\"https:\\\/\\\/promis.ro\\\/\"},{\"@type\":\"ListItem\",\"position\":2,\"name\":\"Magazin\",\"item\":\"https:\\\/\\\/promis.ro\\\/magazin\\\/\"},{\"@type\":\"ListItem\",\"position\":3,\"name\":\"VINGA Baltimore RCS first aid kit\"}]},{\"@type\":\"WebSite\",\"@id\":\"https:\\\/\\\/promis.ro\\\/#website\",\"url\":\"https:\\\/\\\/promis.ro\\\/\",\"name\":\"Promis.ro\",\"description\":\"\",\"potentialAction\":[{\"@type\":\"SearchAction\",\"target\":{\"@type\":\"EntryPoint\",\"urlTemplate\":\"https:\\\/\\\/promis.ro\\\/?s={search_term_string}\"},\"query-input\":{\"@type\":\"PropertyValueSpecification\",\"valueRequired\":true,\"valueName\":\"search_term_string\"}}],\"inLanguage\":\"ro-RO\"}]}<\/script>\n<!-- \/ Yoast SEO plugin. -->","yoast_head_json":{"title":"VINGA Baltimore RCS first aid kit - Promis.ro","description":"Kit de prim ajutor din populara serie Baltimore \u2013 conceput at\u00e2t pentru utilizarea zilnic\u0103, c\u00e2t \u0219i pentru aventuri. Designul s\u0103u compact, cu o curea de","robots":{"index":"index","follow":"follow","max-snippet":"max-snippet:-1","max-image-preview":"max-image-preview:large","max-video-preview":"max-video-preview:-1"},"canonical":"https:\/\/promis.ro\/ro\/produs\/vinga-baltimore-rcs-first-aid-kit\/","og_locale":"ro_RO","og_type":"article","og_title":"VINGA Baltimore RCS first aid kit - Promis.ro","og_description":"Kit de prim ajutor din populara serie Baltimore \u2013 conceput at\u00e2t pentru utilizarea zilnic\u0103, c\u00e2t \u0219i pentru aventuri. Designul s\u0103u compact, cu o curea de","og_url":"https:\/\/promis.ro\/ro\/produs\/vinga-baltimore-rcs-first-aid-kit\/","og_site_name":"Promis.ro","article_modified_time":"2025-11-12T05:35:04+00:00","og_image":[{"width":1024,"height":1024,"url":"https:\/\/promis.ro\/wp-content\/uploads\/2025\/11\/V2650001__B_1__bb0ad1dda88f40fd8f49b8f000a3206e.jpg","type":"image\/jpeg"}],"twitter_card":"summary_large_image","twitter_misc":{"Timp estimat pentru citire":"1 minut"},"schema":{"@context":"https:\/\/schema.org","@graph":[{"@type":"WebPage","@id":"https:\/\/promis.ro\/product\/vinga-baltimore-rcs-first-aid-kit\/","url":"https:\/\/promis.ro\/product\/vinga-baltimore-rcs-first-aid-kit\/","name":"VINGA Baltimore RCS first aid kit - Promis.ro","isPartOf":{"@id":"https:\/\/promis.ro\/#website"},"primaryImageOfPage":{"@id":"https:\/\/promis.ro\/product\/vinga-baltimore-rcs-first-aid-kit\/#primaryimage"},"image":{"@id":"https:\/\/promis.ro\/product\/vinga-baltimore-rcs-first-aid-kit\/#primaryimage"},"thumbnailUrl":"https:\/\/promis.ro\/wp-content\/uploads\/2025\/11\/V2650001__B_1__bb0ad1dda88f40fd8f49b8f000a3206e.jpg","datePublished":"2025-11-12T05:13:13+00:00","dateModified":"2025-11-12T05:35:04+00:00","description":"Kit de prim ajutor din populara serie Baltimore \u2013 conceput at\u00e2t pentru utilizarea zilnic\u0103, c\u00e2t \u0219i pentru aventuri. Designul s\u0103u compact, cu o curea de","breadcrumb":{"@id":"https:\/\/promis.ro\/product\/vinga-baltimore-rcs-first-aid-kit\/#breadcrumb"},"inLanguage":"ro-RO","potentialAction":[{"@type":"ReadAction","target":["https:\/\/promis.ro\/product\/vinga-baltimore-rcs-first-aid-kit\/"]}]},{"@type":"ImageObject","inLanguage":"ro-RO","@id":"https:\/\/promis.ro\/product\/vinga-baltimore-rcs-first-aid-kit\/#primaryimage","url":"https:\/\/promis.ro\/wp-content\/uploads\/2025\/11\/V2650001__B_1__bb0ad1dda88f40fd8f49b8f000a3206e.jpg","contentUrl":"https:\/\/promis.ro\/wp-content\/uploads\/2025\/11\/V2650001__B_1__bb0ad1dda88f40fd8f49b8f000a3206e.jpg","width":1024,"height":1024},{"@type":"BreadcrumbList","@id":"https:\/\/promis.ro\/product\/vinga-baltimore-rcs-first-aid-kit\/#breadcrumb","itemListElement":[{"@type":"ListItem","position":1,"name":"Home","item":"https:\/\/promis.ro\/"},{"@type":"ListItem","position":2,"name":"Magazin","item":"https:\/\/promis.ro\/magazin\/"},{"@type":"ListItem","position":3,"name":"VINGA Baltimore RCS first aid kit"}]},{"@type":"WebSite","@id":"https:\/\/promis.ro\/#website","url":"https:\/\/promis.ro\/","name":"Promis.ro","description":"","potentialAction":[{"@type":"SearchAction","target":{"@type":"EntryPoint","urlTemplate":"https:\/\/promis.ro\/?s={search_term_string}"},"query-input":{"@type":"PropertyValueSpecification","valueRequired":true,"valueName":"search_term_string"}}],"inLanguage":"ro-RO"}]}},"_links":{"self":[{"href":"https:\/\/promis.ro\/ro\/wp-json\/wp\/v2\/product\/171836","targetHints":{"allow":["GET"]}}],"collection":[{"href":"https:\/\/promis.ro\/ro\/wp-json\/wp\/v2\/product"}],"about":[{"href":"https:\/\/promis.ro\/ro\/wp-json\/wp\/v2\/types\/product"}],"replies":[{"embeddable":true,"href":"https:\/\/promis.ro\/ro\/wp-json\/wp\/v2\/comments?post=171836"}],"version-history":[{"count":1,"href":"https:\/\/promis.ro\/ro\/wp-json\/wp\/v2\/product\/171836\/revisions"}],"predecessor-version":[{"id":174234,"href":"https:\/\/promis.ro\/ro\/wp-json\/wp\/v2\/product\/171836\/revisions\/174234"}],"wp:featuredmedia":[{"embeddable":true,"href":"https:\/\/promis.ro\/ro\/wp-json\/wp\/v2\/media\/171833"}],"wp:attachment":[{"href":"https:\/\/promis.ro\/ro\/wp-json\/wp\/v2\/media?parent=171836"}],"wp:term":[{"taxonomy":"product_brand","embeddable":true,"href":"https:\/\/promis.ro\/ro\/wp-json\/wp\/v2\/product_brand?post=171836"},{"taxonomy":"product_cat","embeddable":true,"href":"https:\/\/promis.ro\/ro\/wp-json\/wp\/v2\/product_cat?post=171836"},{"taxonomy":"product_tag","embeddable":true,"href":"https:\/\/promis.ro\/ro\/wp-json\/wp\/v2\/product_tag?post=171836"}],"curies":[{"name":"wp","href":"https:\/\/api.w.org\/{rel}","templated":true}]}}