{"id":171958,"date":"2025-11-12T05:14:54","date_gmt":"2025-11-12T05:14:54","guid":{"rendered":"https:\/\/promis.ro\/product\/vinga-arbe-rcs-vacuum-jug-1200-ml\/"},"modified":"2025-11-12T05:35:16","modified_gmt":"2025-11-12T05:35:16","slug":"vinga-arbe-rcs-vacuum-jug-1200-ml","status":"publish","type":"product","link":"https:\/\/promis.ro\/ro\/produs\/vinga-arbe-rcs-vacuum-jug-1200-ml\/","title":{"rendered":"VINGA Arbe RCS vacuum jug 1200 ML"},"content":{"rendered":"<p>Men\u021bine\u021bi b\u0103utura cald\u0103 sau rece cu aceast\u0103 caraf\u0103 elegant\u0103 din o\u021bel inoxidabil reciclat certificat RCS. Cu o capacitate de 1200 ML. At\u00e2t func\u021bional\u0103, c\u00e2t \u0219i elegant conceput\u0103, completeaz\u0103 orice aranjament de mas\u0103. Capacitatea are un buton de ap\u0103sare convenabil cu o deschidere mare pentru umplere \u0219i cur\u0103\u021bare u\u0219oar\u0103. M\u00e2nerele din PP au un aspect natural de lemn. U\u0219or de apucat \u0219i turnat. Aceast\u0103 caraf\u0103 cu vacuum poate men\u021bine b\u0103uturile calde timp de p\u00e2n\u0103 la 6 ore \u0219i reci timp de p\u00e2n\u0103 la 24 de ore. Se spal\u0103 manual. Nu este sigur\u0103 pentru cuptorul cu microunde. Certificat\u0103 de RCS (Recycled Claim Standard), certificarea RCS garanteaz\u0103 c\u0103 \u00eentreaga lan\u021b de aprovizionare a materialelor reciclate este certificat\u0103. Con\u021binutul total reciclat se bazeaz\u0103 pe greutatea total\u0103 a produsului. Acest produs con\u021bine 62% o\u021bel inoxidabil reciclat certificat RCS.<\/p>","protected":false},"excerpt":{"rendered":"<p>Men\u021bine\u021bi b\u0103utura cald\u0103 sau rece cu aceast\u0103 caraf\u0103 elegant\u0103 din o\u021bel inoxidabil reciclat certificat RCS. Cu o capacitate de 1200<\/p>","protected":false},"featured_media":171955,"comment_status":"open","ping_status":"closed","template":"","meta":[],"product_brand":[],"product_cat":[172],"product_tag":[],"class_list":{"0":"post-171958","1":"product","2":"type-product","3":"status-publish","4":"has-post-thumbnail","6":"product_cat-cani-borcane-si-thermosuri","8":"first","9":"instock","10":"shipping-taxable","11":"purchasable","12":"product-type-variable"},"_links":{"self":[{"href":"https:\/\/promis.ro\/ro\/wp-json\/wp\/v2\/product\/171958","targetHints":{"allow":["GET"]}}],"collection":[{"href":"https:\/\/promis.ro\/ro\/wp-json\/wp\/v2\/product"}],"about":[{"href":"https:\/\/promis.ro\/ro\/wp-json\/wp\/v2\/types\/product"}],"replies":[{"embeddable":true,"href":"https:\/\/promis.ro\/ro\/wp-json\/wp\/v2\/comments?post=171958"}],"version-history":[{"count":1,"href":"https:\/\/promis.ro\/ro\/wp-json\/wp\/v2\/product\/171958\/revisions"}],"predecessor-version":[{"id":174255,"href":"https:\/\/promis.ro\/ro\/wp-json\/wp\/v2\/product\/171958\/revisions\/174255"}],"wp:featuredmedia":[{"embeddable":true,"href":"https:\/\/promis.ro\/ro\/wp-json\/wp\/v2\/media\/171955"}],"wp:attachment":[{"href":"https:\/\/promis.ro\/ro\/wp-json\/wp\/v2\/media?parent=171958"}],"wp:term":[{"taxonomy":"product_brand","embeddable":true,"href":"https:\/\/promis.ro\/ro\/wp-json\/wp\/v2\/product_brand?post=171958"},{"taxonomy":"product_cat","embeddable":true,"href":"https:\/\/promis.ro\/ro\/wp-json\/wp\/v2\/product_cat?post=171958"},{"taxonomy":"product_tag","embeddable":true,"href":"https:\/\/promis.ro\/ro\/wp-json\/wp\/v2\/product_tag?post=171958"}],"curies":[{"name":"wp","href":"https:\/\/api.w.org\/{rel}","templated":true}]}}