{"id":171962,"date":"2025-11-12T05:14:57","date_gmt":"2025-11-12T05:14:57","guid":{"rendered":"https:\/\/promis.ro\/product\/vinga-erie-rcs-steel-vacuum-bottle-450-ml\/"},"modified":"2025-11-12T05:35:15","modified_gmt":"2025-11-12T05:35:15","slug":"vinga-erie-rcs-steel-vacuum-bottle-450-ml","status":"publish","type":"product","link":"https:\/\/promis.ro\/ro\/produs\/vinga-erie-rcs-steel-vacuum-bottle-450-ml\/","title":{"rendered":"VINGA Erie RCS steel vacuum bottle 450 ML"},"content":{"rendered":"<p>Vasele de b\u0103ut concepute cu grij\u0103, av\u00e2nd o form\u0103 unic\u0103 de con \u0219i un capac prietenos cu prinderea pentru o manipulare f\u0103r\u0103 efort. Realizat cu o aten\u021bie meticuloas\u0103 la detalii, acest articol combin\u0103 at\u00e2t forma, c\u00e2t \u0219i func\u021bia. Construc\u021bia din o\u021bel inoxidabil reciclat cu vacuum cu dou\u0103 pere\u021bi asigur\u0103 c\u0103 b\u0103uturile r\u0103m\u00e2n reci timp de p\u00e2n\u0103 la 15 ore sau calde timp de p\u00e2n\u0103 la 6 ore. Corpul din o\u021bel reciclat certificat RCS subliniaz\u0103 angajamentul nostru fa\u021b\u0103 de sursele responsabile, av\u00e2nd un con\u021binut de 75% reciclat \u00een func\u021bie de greutatea total\u0103 a produsului. Certificarea RCS garanteaz\u0103 o lan\u021b de aprovizionare complet certificat al materialelor reciclate. Inclusiv ambalaj din kraft certificat FSC\u00ae.<\/p>","protected":false},"excerpt":{"rendered":"<p>Vasele de b\u0103ut concepute cu grij\u0103, av\u00e2nd o form\u0103 unic\u0103 de con \u0219i un capac prietenos cu prinderea pentru o<\/p>","protected":false},"featured_media":171959,"comment_status":"open","ping_status":"closed","template":"","meta":[],"product_brand":[],"product_cat":[172],"product_tag":[],"class_list":{"0":"post-171962","1":"product","2":"type-product","3":"status-publish","4":"has-post-thumbnail","6":"product_cat-cani-borcane-si-thermosuri","8":"first","9":"instock","10":"shipping-taxable","11":"purchasable","12":"product-type-variable"},"_links":{"self":[{"href":"https:\/\/promis.ro\/ro\/wp-json\/wp\/v2\/product\/171962","targetHints":{"allow":["GET"]}}],"collection":[{"href":"https:\/\/promis.ro\/ro\/wp-json\/wp\/v2\/product"}],"about":[{"href":"https:\/\/promis.ro\/ro\/wp-json\/wp\/v2\/types\/product"}],"replies":[{"embeddable":true,"href":"https:\/\/promis.ro\/ro\/wp-json\/wp\/v2\/comments?post=171962"}],"version-history":[{"count":1,"href":"https:\/\/promis.ro\/ro\/wp-json\/wp\/v2\/product\/171962\/revisions"}],"predecessor-version":[{"id":174254,"href":"https:\/\/promis.ro\/ro\/wp-json\/wp\/v2\/product\/171962\/revisions\/174254"}],"wp:featuredmedia":[{"embeddable":true,"href":"https:\/\/promis.ro\/ro\/wp-json\/wp\/v2\/media\/171959"}],"wp:attachment":[{"href":"https:\/\/promis.ro\/ro\/wp-json\/wp\/v2\/media?parent=171962"}],"wp:term":[{"taxonomy":"product_brand","embeddable":true,"href":"https:\/\/promis.ro\/ro\/wp-json\/wp\/v2\/product_brand?post=171962"},{"taxonomy":"product_cat","embeddable":true,"href":"https:\/\/promis.ro\/ro\/wp-json\/wp\/v2\/product_cat?post=171962"},{"taxonomy":"product_tag","embeddable":true,"href":"https:\/\/promis.ro\/ro\/wp-json\/wp\/v2\/product_tag?post=171962"}],"curies":[{"name":"wp","href":"https:\/\/api.w.org\/{rel}","templated":true}]}}