{"id":171974,"date":"2025-11-12T05:15:07","date_gmt":"2025-11-12T05:15:07","guid":{"rendered":"https:\/\/promis.ro\/product\/vinga-ciro-rcs-recycled-vacuum-bottle-300ml\/"},"modified":"2025-11-12T05:35:14","modified_gmt":"2025-11-12T05:35:14","slug":"vinga-ciro-rcs-recycled-vacuum-bottle-300ml","status":"publish","type":"product","link":"https:\/\/promis.ro\/ro\/produs\/vinga-ciro-rcs-recycled-vacuum-bottle-300ml\/","title":{"rendered":"VINGA Ciro RCS recycled vacuum bottle 300ml"},"content":{"rendered":"<p>Ciro RCS sticl\u0103 de vacuum reciclat\u0103 este o sticl\u0103 termic\u0103 elegant\u0103 \u0219i func\u021bional conceput\u0103. Sticla are un capac din lemn de acacia cu o bucl\u0103 metalic\u0103, ceea ce face ca sticla s\u0103 fie u\u0219or de transportat atunci c\u00e2nd e\u0219ti \u00een mi\u0219care. Lemnul de acacia este un material organic unde varia\u021biile de nuan\u021b\u0103 \u0219i culoare sunt caracteristici naturale. Construc\u021bia vacuum cu pere\u021bi dubli din o\u021bel inoxidabil reciclat asigur\u0103 c\u0103 sticla men\u021bine temperatura intact\u0103 pentru o perioad\u0103 lung\u0103, at\u00e2t pentru b\u0103uturi calde, c\u00e2t \u0219i pentru cele reci. Certificat\u0103 de RCS (Recycled Claim Standard), certificarea RCS garanteaz\u0103 c\u0103 \u00eentreaga lan\u021b de aprovizionare a materialelor reciclate este certificat\u0103. Con\u021binutul total reciclat se bazeaz\u0103 pe greutatea total\u0103 a produsului. Acest produs con\u021bine 69% o\u021bel inoxidabil reciclat certificat RCS. Sticla este u\u0219or de cur\u0103\u021bat \u0219i ar trebui cur\u0103\u021bat\u0103 doar manual. Inclusiv ambalaj din kraft certificat FSC\u00ae.<\/p>","protected":false},"excerpt":{"rendered":"<p>Ciro RCS sticl\u0103 de vacuum reciclat\u0103 este o sticl\u0103 termic\u0103 elegant\u0103 \u0219i func\u021bional conceput\u0103. Sticla are un capac din lemn<\/p>","protected":false},"featured_media":171971,"comment_status":"open","ping_status":"closed","template":"","meta":[],"product_brand":[],"product_cat":[172],"product_tag":[],"class_list":{"0":"post-171974","1":"product","2":"type-product","3":"status-publish","4":"has-post-thumbnail","6":"product_cat-cani-borcane-si-thermosuri","8":"first","9":"instock","10":"shipping-taxable","11":"purchasable","12":"product-type-variable"},"_links":{"self":[{"href":"https:\/\/promis.ro\/ro\/wp-json\/wp\/v2\/product\/171974","targetHints":{"allow":["GET"]}}],"collection":[{"href":"https:\/\/promis.ro\/ro\/wp-json\/wp\/v2\/product"}],"about":[{"href":"https:\/\/promis.ro\/ro\/wp-json\/wp\/v2\/types\/product"}],"replies":[{"embeddable":true,"href":"https:\/\/promis.ro\/ro\/wp-json\/wp\/v2\/comments?post=171974"}],"version-history":[{"count":1,"href":"https:\/\/promis.ro\/ro\/wp-json\/wp\/v2\/product\/171974\/revisions"}],"predecessor-version":[{"id":174251,"href":"https:\/\/promis.ro\/ro\/wp-json\/wp\/v2\/product\/171974\/revisions\/174251"}],"wp:featuredmedia":[{"embeddable":true,"href":"https:\/\/promis.ro\/ro\/wp-json\/wp\/v2\/media\/171971"}],"wp:attachment":[{"href":"https:\/\/promis.ro\/ro\/wp-json\/wp\/v2\/media?parent=171974"}],"wp:term":[{"taxonomy":"product_brand","embeddable":true,"href":"https:\/\/promis.ro\/ro\/wp-json\/wp\/v2\/product_brand?post=171974"},{"taxonomy":"product_cat","embeddable":true,"href":"https:\/\/promis.ro\/ro\/wp-json\/wp\/v2\/product_cat?post=171974"},{"taxonomy":"product_tag","embeddable":true,"href":"https:\/\/promis.ro\/ro\/wp-json\/wp\/v2\/product_tag?post=171974"}],"curies":[{"name":"wp","href":"https:\/\/api.w.org\/{rel}","templated":true}]}}