{"id":171978,"date":"2025-11-12T05:15:10","date_gmt":"2025-11-12T05:15:10","guid":{"rendered":"https:\/\/promis.ro\/product\/vinga-baltimore-rcs-recycled-ss-bottle-600-ml\/"},"modified":"2025-11-12T05:35:18","modified_gmt":"2025-11-12T05:35:18","slug":"vinga-baltimore-rcs-recycled-ss-bottle-600-ml","status":"publish","type":"product","link":"https:\/\/promis.ro\/ro\/produs\/vinga-baltimore-rcs-recycled-ss-bottle-600-ml\/","title":{"rendered":"VINGA Baltimore RCS recycled SS bottle 600 ML"},"content":{"rendered":"<p>Aceast\u0103 sticl\u0103 de vacuum cu dou\u0103 pere\u021bi, realizat\u0103 din o\u021bel inoxidabil reciclat certificat RCS, ofer\u0103 at\u00e2t performan\u021b\u0103, c\u00e2t \u0219i stil. Proiectat\u0103 cu un m\u00e2ner minimalist din PU \u0219i detalii negre care capteaz\u0103 esen\u021ba seriei Baltimore. Izola\u021bia cu dou\u0103 pere\u021bi men\u021bine temperaturile b\u0103uturilor reci timp de p\u00e2n\u0103 la 12 ore \u0219i calde timp de p\u00e2n\u0103 la 6 ore, fie c\u0103 ai nevoie s\u0103 te r\u0103core\u0219ti cu o b\u0103utur\u0103 rece sau s\u0103 te bucuri de o b\u0103utur\u0103 cald\u0103 \u00een deplasare. Nu este sigur\u0103 pentru ma\u0219ina de sp\u0103lat vase sau cuptorul cu microunde, se spal\u0103 doar manual. Certificat\u0103 de RCS (Recycled Claim Standard), certificarea RCS garanteaz\u0103 c\u0103 \u00eentreaga lan\u021b de aprovizionare a materialelor reciclate este certificat. Con\u021binutul total reciclat se bazeaz\u0103 pe greutatea total\u0103 a produsului. Acest produs con\u021bine 80% o\u021bel inoxidabil reciclat certificat RCS.<\/p>","protected":false},"excerpt":{"rendered":"<p>Aceast\u0103 sticl\u0103 de vacuum cu dou\u0103 pere\u021bi, realizat\u0103 din o\u021bel inoxidabil reciclat certificat RCS, ofer\u0103 at\u00e2t performan\u021b\u0103, c\u00e2t \u0219i stil.<\/p>","protected":false},"featured_media":171975,"comment_status":"open","ping_status":"closed","template":"","meta":[],"product_brand":[],"product_cat":[172],"product_tag":[],"class_list":{"0":"post-171978","1":"product","2":"type-product","3":"status-publish","4":"has-post-thumbnail","6":"product_cat-cani-borcane-si-thermosuri","8":"first","9":"instock","10":"shipping-taxable","11":"purchasable","12":"product-type-variable"},"_links":{"self":[{"href":"https:\/\/promis.ro\/ro\/wp-json\/wp\/v2\/product\/171978","targetHints":{"allow":["GET"]}}],"collection":[{"href":"https:\/\/promis.ro\/ro\/wp-json\/wp\/v2\/product"}],"about":[{"href":"https:\/\/promis.ro\/ro\/wp-json\/wp\/v2\/types\/product"}],"replies":[{"embeddable":true,"href":"https:\/\/promis.ro\/ro\/wp-json\/wp\/v2\/comments?post=171978"}],"version-history":[{"count":1,"href":"https:\/\/promis.ro\/ro\/wp-json\/wp\/v2\/product\/171978\/revisions"}],"predecessor-version":[{"id":174259,"href":"https:\/\/promis.ro\/ro\/wp-json\/wp\/v2\/product\/171978\/revisions\/174259"}],"wp:featuredmedia":[{"embeddable":true,"href":"https:\/\/promis.ro\/ro\/wp-json\/wp\/v2\/media\/171975"}],"wp:attachment":[{"href":"https:\/\/promis.ro\/ro\/wp-json\/wp\/v2\/media?parent=171978"}],"wp:term":[{"taxonomy":"product_brand","embeddable":true,"href":"https:\/\/promis.ro\/ro\/wp-json\/wp\/v2\/product_brand?post=171978"},{"taxonomy":"product_cat","embeddable":true,"href":"https:\/\/promis.ro\/ro\/wp-json\/wp\/v2\/product_cat?post=171978"},{"taxonomy":"product_tag","embeddable":true,"href":"https:\/\/promis.ro\/ro\/wp-json\/wp\/v2\/product_tag?post=171978"}],"curies":[{"name":"wp","href":"https:\/\/api.w.org\/{rel}","templated":true}]}}