{"id":171982,"date":"2025-11-12T05:15:14","date_gmt":"2025-11-12T05:15:14","guid":{"rendered":"https:\/\/promis.ro\/product\/vinga-baltimore-trek-rcs-recycled-ss-bottle-600-ml\/"},"modified":"2025-11-12T05:35:21","modified_gmt":"2025-11-12T05:35:21","slug":"vinga-baltimore-trek-rcs-recycled-ss-bottle-600-ml","status":"publish","type":"product","link":"https:\/\/promis.ro\/ro\/produs\/vinga-baltimore-trek-rcs-recycled-ss-bottle-600-ml\/","title":{"rendered":"VINGA Baltimore trek RCS recycled SS bottle 600 ML"},"content":{"rendered":"<p>O sticl\u0103 modern\u0103 \u0219i durabil\u0103 cu perete dublu, fabricat\u0103 din o\u021bel inoxidabil reciclat. Proiectat\u0103 perfect pentru func\u021bionalitate, cu un m\u00e2ner convenabil, aceast\u0103 sticl\u0103 este ideal\u0103 pentru aventuri. Capacitatea are dou\u0103 deschideri: o parte superioar\u0103 prietenoas\u0103 pentru b\u0103ut, pentru un acces u\u0219or, \u0219i o deschidere mai mare pentru umpleri f\u0103r\u0103 efort \u0219i cur\u0103\u021bare u\u0219oar\u0103. Izola\u021bia cu perete dublu men\u021bine b\u0103utura rece timp de p\u00e2n\u0103 la 12 ore \u0219i cald\u0103 timp de p\u00e2n\u0103 la 4 ore, asigur\u00e2ndu-v\u0103 c\u0103 r\u0103m\u00e2ne\u021bi revigorat pe parcursul c\u0103l\u0103toriei. Nu este sigur\u0103 pentru ma\u0219ina de sp\u0103lat vase sau cuptorul cu microunde, se spal\u0103 doar manual. Certificat\u0103 de RCS (Recycled Claim Standard), certificarea RCS garanteaz\u0103 c\u0103 \u00eentreaga lan\u021b de aprovizionare a materialelor reciclate este certificat. Con\u021binutul total reciclat este bazat pe greutatea total\u0103 a produsului. Acest produs con\u021bine 65% o\u021bel inoxidabil reciclat certificat RCS.<\/p>","protected":false},"excerpt":{"rendered":"<p>O sticl\u0103 modern\u0103 \u0219i durabil\u0103 cu perete dublu, fabricat\u0103 din o\u021bel inoxidabil reciclat. Proiectat\u0103 perfect pentru func\u021bionalitate, cu un m\u00e2ner<\/p>","protected":false},"featured_media":171979,"comment_status":"open","ping_status":"closed","template":"","meta":[],"product_brand":[],"product_cat":[172],"product_tag":[],"class_list":{"0":"post-171982","1":"product","2":"type-product","3":"status-publish","4":"has-post-thumbnail","6":"product_cat-cani-borcane-si-thermosuri","8":"first","9":"instock","10":"shipping-taxable","11":"purchasable","12":"product-type-variable"},"_links":{"self":[{"href":"https:\/\/promis.ro\/ro\/wp-json\/wp\/v2\/product\/171982","targetHints":{"allow":["GET"]}}],"collection":[{"href":"https:\/\/promis.ro\/ro\/wp-json\/wp\/v2\/product"}],"about":[{"href":"https:\/\/promis.ro\/ro\/wp-json\/wp\/v2\/types\/product"}],"replies":[{"embeddable":true,"href":"https:\/\/promis.ro\/ro\/wp-json\/wp\/v2\/comments?post=171982"}],"version-history":[{"count":1,"href":"https:\/\/promis.ro\/ro\/wp-json\/wp\/v2\/product\/171982\/revisions"}],"predecessor-version":[{"id":174263,"href":"https:\/\/promis.ro\/ro\/wp-json\/wp\/v2\/product\/171982\/revisions\/174263"}],"wp:featuredmedia":[{"embeddable":true,"href":"https:\/\/promis.ro\/ro\/wp-json\/wp\/v2\/media\/171979"}],"wp:attachment":[{"href":"https:\/\/promis.ro\/ro\/wp-json\/wp\/v2\/media?parent=171982"}],"wp:term":[{"taxonomy":"product_brand","embeddable":true,"href":"https:\/\/promis.ro\/ro\/wp-json\/wp\/v2\/product_brand?post=171982"},{"taxonomy":"product_cat","embeddable":true,"href":"https:\/\/promis.ro\/ro\/wp-json\/wp\/v2\/product_cat?post=171982"},{"taxonomy":"product_tag","embeddable":true,"href":"https:\/\/promis.ro\/ro\/wp-json\/wp\/v2\/product_tag?post=171982"}],"curies":[{"name":"wp","href":"https:\/\/api.w.org\/{rel}","templated":true}]}}