{"id":171986,"date":"2025-11-12T05:15:18","date_gmt":"2025-11-12T05:15:18","guid":{"rendered":"https:\/\/promis.ro\/product\/vinga-tono-rcs-thermos-double-cup-750-ml\/"},"modified":"2025-11-12T05:35:26","modified_gmt":"2025-11-12T05:35:26","slug":"vinga-tono-rcs-thermos-double-cup-750-ml","status":"publish","type":"product","link":"https:\/\/promis.ro\/ro\/produs\/vinga-tono-rcs-thermos-double-cup-750-ml\/","title":{"rendered":"VINGA Tono RCS thermos double cup 750 ML"},"content":{"rendered":"<p>Merge\u021bi \u00eentr-o aventur\u0103 cu Tono. Acest termos combin\u0103 un design elegant cu o func\u021bionalitate inteligent\u0103. Cu izola\u021bie cu vacuum cu pere\u021bi dubli, p\u0103streaz\u0103 b\u0103uturile reci timp de p\u00e2n\u0103 la 12 ore &#8211; sau calde timp de p\u00e2n\u0103 la 6 ore. Capacitatea practic\u0103 poate fi \u00eemp\u0103r\u021bit\u0103 \u00een dou\u0103 c\u0103ni, ideal\u0103 pentru a \u00eemp\u0103rt\u0103\u0219i o b\u0103utur\u0103 cald\u0103 sau rece \u00eempreun\u0103. Bucla de transport convenabil\u0103 face u\u0219or s\u0103-l aduce\u021bi \u00een orice c\u0103l\u0103torie. Se spal\u0103 manual doar. Certificat de RCS (Recycled Claim Standard), certificarea RCS garanteaz\u0103 c\u0103 \u00eentreaga lan\u021b de aprovizionare a materialelor reciclate este certificat\u0103. Con\u021binutul total reciclat se bazeaz\u0103 pe greutatea total\u0103 a produsului. Acest produs con\u021bine 24% o\u021bel reciclat certificat RCS.<\/p>","protected":false},"excerpt":{"rendered":"<p>Merge\u021bi \u00eentr-o aventur\u0103 cu Tono. Acest termos combin\u0103 un design elegant cu o func\u021bionalitate inteligent\u0103. Cu izola\u021bie cu vacuum cu<\/p>","protected":false},"featured_media":171983,"comment_status":"open","ping_status":"closed","template":"","meta":[],"product_brand":[],"product_cat":[172],"product_tag":[],"class_list":{"0":"post-171986","1":"product","2":"type-product","3":"status-publish","4":"has-post-thumbnail","6":"product_cat-cani-borcane-si-thermosuri","8":"first","9":"instock","10":"shipping-taxable","11":"purchasable","12":"product-type-variable"},"_links":{"self":[{"href":"https:\/\/promis.ro\/ro\/wp-json\/wp\/v2\/product\/171986","targetHints":{"allow":["GET"]}}],"collection":[{"href":"https:\/\/promis.ro\/ro\/wp-json\/wp\/v2\/product"}],"about":[{"href":"https:\/\/promis.ro\/ro\/wp-json\/wp\/v2\/types\/product"}],"replies":[{"embeddable":true,"href":"https:\/\/promis.ro\/ro\/wp-json\/wp\/v2\/comments?post=171986"}],"version-history":[{"count":1,"href":"https:\/\/promis.ro\/ro\/wp-json\/wp\/v2\/product\/171986\/revisions"}],"predecessor-version":[{"id":174273,"href":"https:\/\/promis.ro\/ro\/wp-json\/wp\/v2\/product\/171986\/revisions\/174273"}],"wp:featuredmedia":[{"embeddable":true,"href":"https:\/\/promis.ro\/ro\/wp-json\/wp\/v2\/media\/171983"}],"wp:attachment":[{"href":"https:\/\/promis.ro\/ro\/wp-json\/wp\/v2\/media?parent=171986"}],"wp:term":[{"taxonomy":"product_brand","embeddable":true,"href":"https:\/\/promis.ro\/ro\/wp-json\/wp\/v2\/product_brand?post=171986"},{"taxonomy":"product_cat","embeddable":true,"href":"https:\/\/promis.ro\/ro\/wp-json\/wp\/v2\/product_cat?post=171986"},{"taxonomy":"product_tag","embeddable":true,"href":"https:\/\/promis.ro\/ro\/wp-json\/wp\/v2\/product_tag?post=171986"}],"curies":[{"name":"wp","href":"https:\/\/api.w.org\/{rel}","templated":true}]}}