{"id":171990,"date":"2025-11-12T05:15:21","date_gmt":"2025-11-12T05:15:21","guid":{"rendered":"https:\/\/promis.ro\/product\/vinga-nomimono-mug-2-pcs-set\/"},"modified":"2025-11-12T05:35:15","modified_gmt":"2025-11-12T05:35:15","slug":"vinga-nomimono-mug-2-pcs-set","status":"publish","type":"product","link":"https:\/\/promis.ro\/ro\/produs\/vinga-nomimono-mug-2-pcs-set\/","title":{"rendered":"VINGA Nomimono mug, 2 pcs set"},"content":{"rendered":"<p>Set de dou\u0103 c\u0103ni din ceramic\u0103. Folosi\u021bi pentru ceai sau cafea. Nomimono \u00ee\u0219i extrage inspira\u021bia din natur\u0103 \u0219i din p\u0103m\u00e2ntul din jurul nostru, cre\u00e2nd aceast\u0103 gam\u0103 rustic\u0103 \u00een tonuri naturale de p\u0103m\u00e2nt, unde niciun produs nu este la fel. Japonez \u00eent\u00e2lne\u0219te scandinav, rustic \u00eent\u00e2lne\u0219te modern. Obiecte de colec\u021bie pentru un serviciu autentic \u0219i inspirat. Fiecare articol este realizat manual \u0219i glazurat de trei ori pentru a ob\u021bine tipul corect de finisaj. Acest lucru face ca fiecare articol s\u0103 fie complet unic. Sigur pentru ma\u0219ina de sp\u0103lat vase \u0219i cuptorul cu microunde.<\/p>","protected":false},"excerpt":{"rendered":"<p>Set de dou\u0103 c\u0103ni din ceramic\u0103. Folosi\u021bi pentru ceai sau cafea. Nomimono \u00ee\u0219i extrage inspira\u021bia din natur\u0103 \u0219i din p\u0103m\u00e2ntul<\/p>","protected":false},"featured_media":171987,"comment_status":"open","ping_status":"closed","template":"","meta":[],"product_brand":[],"product_cat":[179],"product_tag":[],"class_list":{"0":"post-171990","1":"product","2":"type-product","3":"status-publish","4":"has-post-thumbnail","6":"product_cat-casa-si-decoratiuni","8":"first","9":"instock","10":"shipping-taxable","11":"purchasable","12":"product-type-simple"},"_links":{"self":[{"href":"https:\/\/promis.ro\/ro\/wp-json\/wp\/v2\/product\/171990","targetHints":{"allow":["GET"]}}],"collection":[{"href":"https:\/\/promis.ro\/ro\/wp-json\/wp\/v2\/product"}],"about":[{"href":"https:\/\/promis.ro\/ro\/wp-json\/wp\/v2\/types\/product"}],"replies":[{"embeddable":true,"href":"https:\/\/promis.ro\/ro\/wp-json\/wp\/v2\/comments?post=171990"}],"version-history":[{"count":1,"href":"https:\/\/promis.ro\/ro\/wp-json\/wp\/v2\/product\/171990\/revisions"}],"predecessor-version":[{"id":174253,"href":"https:\/\/promis.ro\/ro\/wp-json\/wp\/v2\/product\/171990\/revisions\/174253"}],"wp:featuredmedia":[{"embeddable":true,"href":"https:\/\/promis.ro\/ro\/wp-json\/wp\/v2\/media\/171987"}],"wp:attachment":[{"href":"https:\/\/promis.ro\/ro\/wp-json\/wp\/v2\/media?parent=171990"}],"wp:term":[{"taxonomy":"product_brand","embeddable":true,"href":"https:\/\/promis.ro\/ro\/wp-json\/wp\/v2\/product_brand?post=171990"},{"taxonomy":"product_cat","embeddable":true,"href":"https:\/\/promis.ro\/ro\/wp-json\/wp\/v2\/product_cat?post=171990"},{"taxonomy":"product_tag","embeddable":true,"href":"https:\/\/promis.ro\/ro\/wp-json\/wp\/v2\/product_tag?post=171990"}],"curies":[{"name":"wp","href":"https:\/\/api.w.org\/{rel}","templated":true}]}}