{"id":171994,"date":"2025-11-12T05:15:25","date_gmt":"2025-11-12T05:15:25","guid":{"rendered":"https:\/\/promis.ro\/product\/vinga-eos-trek-rcs-recycled-ss-880-ml\/"},"modified":"2025-11-12T05:35:22","modified_gmt":"2025-11-12T05:35:22","slug":"vinga-eos-trek-rcs-recycled-ss-880-ml","status":"publish","type":"product","link":"https:\/\/promis.ro\/ro\/produs\/vinga-eos-trek-rcs-recycled-ss-880-ml\/","title":{"rendered":"VINGA Eos trek RCS recycled SS 880 ML"},"content":{"rendered":"<p>Aceast\u0103 sticl\u0103 de vacuum din o\u021bel inoxidabil reciclat are un design modern care combin\u0103 func\u021bionalitatea cu stilul. Cu o capacitate generoas\u0103 de 880 ML, este perfect\u0103 pentru hidratarea pe parcursul \u00eentregii zile \u00een aventurile tale zilnice. Sticla include o m\u00e2nere func\u021bional pentru transport u\u0219or, iar capacul ofer\u0103 dou\u0103 op\u021biuni de consum pentru b\u0103uturi. Izola\u021bia cu pere\u021bi dubli men\u021bine b\u0103utura rece timp de p\u00e2n\u0103 la 16 ore \u0219i cald\u0103 timp de p\u00e2n\u0103 la 3 ore, asigur\u00e2ndu-\u021bi o senza\u021bie de prospe\u021bime pe parcursul c\u0103l\u0103toriei tale. Rezistent\u0103 la scurgeri. Nu este sigur\u0103 pentru ma\u0219ina de sp\u0103lat vase sau cuptorul cu microunde, doar sp\u0103lare manual\u0103. Include ambalaj din kraft certificat FSC\u00ae. Certificat\u0103 de RCS (Recycled Claim Standard), certificarea RCS garanteaz\u0103 c\u0103 \u00eentreaga lan\u021b de aprovizionare a materialelor reciclate este certificat\u0103. Con\u021binutul total reciclat se bazeaz\u0103 pe greutatea total\u0103 a produsului. Acest produs con\u021bine 65% o\u021bel inoxidabil reciclat certificat RCS.<\/p>","protected":false},"excerpt":{"rendered":"<p>Aceast\u0103 sticl\u0103 de vacuum din o\u021bel inoxidabil reciclat are un design modern care combin\u0103 func\u021bionalitatea cu stilul. Cu o capacitate<\/p>","protected":false},"featured_media":171991,"comment_status":"open","ping_status":"closed","template":"","meta":[],"product_brand":[],"product_cat":[172],"product_tag":[],"class_list":{"0":"post-171994","1":"product","2":"type-product","3":"status-publish","4":"has-post-thumbnail","6":"product_cat-cani-borcane-si-thermosuri","8":"first","9":"instock","10":"shipping-taxable","11":"purchasable","12":"product-type-variable"},"_links":{"self":[{"href":"https:\/\/promis.ro\/ro\/wp-json\/wp\/v2\/product\/171994","targetHints":{"allow":["GET"]}}],"collection":[{"href":"https:\/\/promis.ro\/ro\/wp-json\/wp\/v2\/product"}],"about":[{"href":"https:\/\/promis.ro\/ro\/wp-json\/wp\/v2\/types\/product"}],"replies":[{"embeddable":true,"href":"https:\/\/promis.ro\/ro\/wp-json\/wp\/v2\/comments?post=171994"}],"version-history":[{"count":1,"href":"https:\/\/promis.ro\/ro\/wp-json\/wp\/v2\/product\/171994\/revisions"}],"predecessor-version":[{"id":174265,"href":"https:\/\/promis.ro\/ro\/wp-json\/wp\/v2\/product\/171994\/revisions\/174265"}],"wp:featuredmedia":[{"embeddable":true,"href":"https:\/\/promis.ro\/ro\/wp-json\/wp\/v2\/media\/171991"}],"wp:attachment":[{"href":"https:\/\/promis.ro\/ro\/wp-json\/wp\/v2\/media?parent=171994"}],"wp:term":[{"taxonomy":"product_brand","embeddable":true,"href":"https:\/\/promis.ro\/ro\/wp-json\/wp\/v2\/product_brand?post=171994"},{"taxonomy":"product_cat","embeddable":true,"href":"https:\/\/promis.ro\/ro\/wp-json\/wp\/v2\/product_cat?post=171994"},{"taxonomy":"product_tag","embeddable":true,"href":"https:\/\/promis.ro\/ro\/wp-json\/wp\/v2\/product_tag?post=171994"}],"curies":[{"name":"wp","href":"https:\/\/api.w.org\/{rel}","templated":true}]}}