{"id":171998,"date":"2025-11-12T05:15:28","date_gmt":"2025-11-12T05:15:28","guid":{"rendered":"https:\/\/promis.ro\/product\/vinga-eos-voyager-rcs-recycled-ss-800ml\/"},"modified":"2025-11-12T05:35:23","modified_gmt":"2025-11-12T05:35:23","slug":"vinga-eos-voyager-rcs-recycled-ss-800ml","status":"publish","type":"product","link":"https:\/\/promis.ro\/ro\/produs\/vinga-eos-voyager-rcs-recycled-ss-800ml\/","title":{"rendered":"VINGA Eos voyager RCS recycled SS 800ml"},"content":{"rendered":"<p>O sticl\u0103 de vacuum elegant\u0103 \u0219i durabil\u0103, realizat\u0103 din o\u021bel inoxidabil reciclat. Cu un design stilat \u0219i un m\u00e2ner metalic convenabil, \u00eempreun\u0103 cu un pai, aceast\u0103 sticl\u0103 nu este doar un companion pentru hidratare, ci \u0219i o pies\u0103 de declara\u021bie pentru aventurile tale de zi cu zi. Fie c\u0103 te deplasezi spre munc\u0103, faci cump\u0103r\u0103turi sau explorezi natura, Eos Voyager este companionul perfect pentru tine. Izola\u021bia cu dou\u0103 pere\u021bi men\u021bine b\u0103utura rece timp de p\u00e2n\u0103 la 24 de ore \u0219i cald\u0103 timp de p\u00e2n\u0103 la 6 ore, asigur\u00e2ndu-\u021bi prospe\u021bimea pe parcursul c\u0103l\u0103toriei tale. Rezistent\u0103 la v\u0103rsare. Nu este sigur\u0103 pentru ma\u0219ina de sp\u0103lat vase sau cuptorul cu microunde, se spal\u0103 doar manual. Inclusiv ambalaj din kraft certificat FSC\u00ae. Certificat\u0103 de RCS (Recycled Claim Standard), certificarea RCS garanteaz\u0103 c\u0103 \u00eentreaga lan\u021b de aprovizionare a materialelor reciclate este certificat. Con\u021binutul total reciclat este bazat pe greutatea total\u0103 a produsului. Acest produs con\u021bine 79% o\u021bel inoxidabil reciclat certificat RCS.<\/p>","protected":false},"excerpt":{"rendered":"<p>O sticl\u0103 de vacuum elegant\u0103 \u0219i durabil\u0103, realizat\u0103 din o\u021bel inoxidabil reciclat. Cu un design stilat \u0219i un m\u00e2ner metalic<\/p>","protected":false},"featured_media":171995,"comment_status":"open","ping_status":"closed","template":"","meta":[],"product_brand":[],"product_cat":[172],"product_tag":[],"class_list":{"0":"post-171998","1":"product","2":"type-product","3":"status-publish","4":"has-post-thumbnail","6":"product_cat-cani-borcane-si-thermosuri","8":"first","9":"instock","10":"shipping-taxable","11":"purchasable","12":"product-type-variable"},"_links":{"self":[{"href":"https:\/\/promis.ro\/ro\/wp-json\/wp\/v2\/product\/171998","targetHints":{"allow":["GET"]}}],"collection":[{"href":"https:\/\/promis.ro\/ro\/wp-json\/wp\/v2\/product"}],"about":[{"href":"https:\/\/promis.ro\/ro\/wp-json\/wp\/v2\/types\/product"}],"replies":[{"embeddable":true,"href":"https:\/\/promis.ro\/ro\/wp-json\/wp\/v2\/comments?post=171998"}],"version-history":[{"count":1,"href":"https:\/\/promis.ro\/ro\/wp-json\/wp\/v2\/product\/171998\/revisions"}],"predecessor-version":[{"id":174267,"href":"https:\/\/promis.ro\/ro\/wp-json\/wp\/v2\/product\/171998\/revisions\/174267"}],"wp:featuredmedia":[{"embeddable":true,"href":"https:\/\/promis.ro\/ro\/wp-json\/wp\/v2\/media\/171995"}],"wp:attachment":[{"href":"https:\/\/promis.ro\/ro\/wp-json\/wp\/v2\/media?parent=171998"}],"wp:term":[{"taxonomy":"product_brand","embeddable":true,"href":"https:\/\/promis.ro\/ro\/wp-json\/wp\/v2\/product_brand?post=171998"},{"taxonomy":"product_cat","embeddable":true,"href":"https:\/\/promis.ro\/ro\/wp-json\/wp\/v2\/product_cat?post=171998"},{"taxonomy":"product_tag","embeddable":true,"href":"https:\/\/promis.ro\/ro\/wp-json\/wp\/v2\/product_tag?post=171998"}],"curies":[{"name":"wp","href":"https:\/\/api.w.org\/{rel}","templated":true}]}}