{"id":172002,"date":"2025-11-12T05:15:31","date_gmt":"2025-11-12T05:15:31","guid":{"rendered":"https:\/\/promis.ro\/product\/vinga-nagano-rcs-recycled-ss-mugs-set-of-2\/"},"modified":"2025-11-12T05:35:18","modified_gmt":"2025-11-12T05:35:18","slug":"vinga-nagano-rcs-recycled-ss-mugs-set-of-2","status":"publish","type":"product","link":"https:\/\/promis.ro\/ro\/produs\/vinga-nagano-rcs-recycled-ss-mugs-set-of-2\/","title":{"rendered":"VINGA Nagano RCS recycled SS mugs, set of 2"},"content":{"rendered":"<p>Savura\u021bi fiecare \u00eenghi\u021bitur\u0103 cu cana Nagano, realizat\u0103 cu grij\u0103 din o\u021bel inoxidabil reciclat certificat RCS. Aceast\u0103 can\u0103 \u00eembin\u0103 simplitatea cu o not\u0103 modern\u0103, \u00eentruchip\u00e2nd esen\u021ba designului scandinav. Cu dimensiunea sa convenabil\u0103 (160ml) \u0219i forma stivuibil\u0103, este perfect\u0103 pentru utilizare zilnic\u0103 \u0219i u\u0219or de depozitat. Construc\u021bia cu pere\u021bi dubli ajut\u0103 la men\u021binerea temperaturii b\u0103uturii dumneavoastr\u0103 pentru mai mult timp. Nu este sigur\u0103 pentru ma\u0219ina de sp\u0103lat vase sau cuptorul cu microunde, se spal\u0103 manual. Certificat\u0103 de RCS (Recycled Claim Standard), certificarea RCS garanteaz\u0103 c\u0103 \u00eentreaga lan\u021b de aprovizionare a materialelor reciclate este certificat\u0103. Con\u021binutul total reciclat se bazeaz\u0103 pe greutatea total\u0103 a produsului. Acest produs con\u021bine 40% o\u021bel inoxidabil reciclat certificat RCS.<\/p>","protected":false},"excerpt":{"rendered":"<p>Savura\u021bi fiecare \u00eenghi\u021bitur\u0103 cu cana Nagano, realizat\u0103 cu grij\u0103 din o\u021bel inoxidabil reciclat certificat RCS. Aceast\u0103 can\u0103 \u00eembin\u0103 simplitatea cu<\/p>","protected":false},"featured_media":171999,"comment_status":"open","ping_status":"closed","template":"","meta":[],"product_brand":[],"product_cat":[172],"product_tag":[],"class_list":{"0":"post-172002","1":"product","2":"type-product","3":"status-publish","4":"has-post-thumbnail","6":"product_cat-cani-borcane-si-thermosuri","8":"first","9":"instock","10":"shipping-taxable","11":"purchasable","12":"product-type-variable"},"_links":{"self":[{"href":"https:\/\/promis.ro\/ro\/wp-json\/wp\/v2\/product\/172002","targetHints":{"allow":["GET"]}}],"collection":[{"href":"https:\/\/promis.ro\/ro\/wp-json\/wp\/v2\/product"}],"about":[{"href":"https:\/\/promis.ro\/ro\/wp-json\/wp\/v2\/types\/product"}],"replies":[{"embeddable":true,"href":"https:\/\/promis.ro\/ro\/wp-json\/wp\/v2\/comments?post=172002"}],"version-history":[{"count":1,"href":"https:\/\/promis.ro\/ro\/wp-json\/wp\/v2\/product\/172002\/revisions"}],"predecessor-version":[{"id":174258,"href":"https:\/\/promis.ro\/ro\/wp-json\/wp\/v2\/product\/172002\/revisions\/174258"}],"wp:featuredmedia":[{"embeddable":true,"href":"https:\/\/promis.ro\/ro\/wp-json\/wp\/v2\/media\/171999"}],"wp:attachment":[{"href":"https:\/\/promis.ro\/ro\/wp-json\/wp\/v2\/media?parent=172002"}],"wp:term":[{"taxonomy":"product_brand","embeddable":true,"href":"https:\/\/promis.ro\/ro\/wp-json\/wp\/v2\/product_brand?post=172002"},{"taxonomy":"product_cat","embeddable":true,"href":"https:\/\/promis.ro\/ro\/wp-json\/wp\/v2\/product_cat?post=172002"},{"taxonomy":"product_tag","embeddable":true,"href":"https:\/\/promis.ro\/ro\/wp-json\/wp\/v2\/product_tag?post=172002"}],"curies":[{"name":"wp","href":"https:\/\/api.w.org\/{rel}","templated":true}]}}