{"id":172006,"date":"2025-11-12T05:15:39","date_gmt":"2025-11-12T05:15:39","guid":{"rendered":"https:\/\/promis.ro\/product\/vinga-nagano-rcs-to-go-mug-350-ml\/"},"modified":"2025-11-12T05:35:19","modified_gmt":"2025-11-12T05:35:19","slug":"vinga-nagano-rcs-to-go-mug-350-ml","status":"publish","type":"product","link":"https:\/\/promis.ro\/ro\/produs\/vinga-nagano-rcs-to-go-mug-350-ml\/","title":{"rendered":"VINGA Nagano RCS to-go mug 350 ML"},"content":{"rendered":"<p>Aceast\u0103 can\u0103 de transport este alegerea perfect\u0103 pentru cei care doresc at\u00e2t stil, c\u00e2t \u0219i func\u021bionalitate \u00een deplasare. Savura\u021bi prin capacul flip convenabil sau pur \u0219i simplu \u00eendep\u0103rta\u021bi capacul \u0219i folosi\u021bi-o ca pe o can\u0103 obi\u0219nuit\u0103. Deschiderea larg\u0103 faciliteaz\u0103 cur\u0103\u021barea ulterioar\u0103. Cana v\u0103 men\u021bine b\u0103utura rece timp de p\u00e2n\u0103 la 12 ore sau cald\u0103 timp de p\u00e2n\u0103 la 4 ore. Nu este sigur\u0103 pentru ma\u0219ina de sp\u0103lat vase sau cuptorul cu microunde, se spal\u0103 manual doar. Certificat\u0103 de RCS (Recycled Claim Standard), certificarea RCS garanteaz\u0103 c\u0103 \u00eentreaga lan\u021b de aprovizionare a materialelor reciclate este certificat\u0103. Con\u021binutul total reciclat se bazeaz\u0103 pe greutatea total\u0103 a produsului. Acest produs con\u021bine 30% o\u021bel inoxidabil reciclat certificat RCS.<\/p>","protected":false},"excerpt":{"rendered":"<p>Aceast\u0103 can\u0103 de transport este alegerea perfect\u0103 pentru cei care doresc at\u00e2t stil, c\u00e2t \u0219i func\u021bionalitate \u00een deplasare. Savura\u021bi prin<\/p>","protected":false},"featured_media":172003,"comment_status":"open","ping_status":"closed","template":"","meta":[],"product_brand":[],"product_cat":[172],"product_tag":[],"class_list":{"0":"post-172006","1":"product","2":"type-product","3":"status-publish","4":"has-post-thumbnail","6":"product_cat-cani-borcane-si-thermosuri","8":"first","9":"instock","10":"shipping-taxable","11":"purchasable","12":"product-type-variable"},"_links":{"self":[{"href":"https:\/\/promis.ro\/ro\/wp-json\/wp\/v2\/product\/172006","targetHints":{"allow":["GET"]}}],"collection":[{"href":"https:\/\/promis.ro\/ro\/wp-json\/wp\/v2\/product"}],"about":[{"href":"https:\/\/promis.ro\/ro\/wp-json\/wp\/v2\/types\/product"}],"replies":[{"embeddable":true,"href":"https:\/\/promis.ro\/ro\/wp-json\/wp\/v2\/comments?post=172006"}],"version-history":[{"count":1,"href":"https:\/\/promis.ro\/ro\/wp-json\/wp\/v2\/product\/172006\/revisions"}],"predecessor-version":[{"id":174261,"href":"https:\/\/promis.ro\/ro\/wp-json\/wp\/v2\/product\/172006\/revisions\/174261"}],"wp:featuredmedia":[{"embeddable":true,"href":"https:\/\/promis.ro\/ro\/wp-json\/wp\/v2\/media\/172003"}],"wp:attachment":[{"href":"https:\/\/promis.ro\/ro\/wp-json\/wp\/v2\/media?parent=172006"}],"wp:term":[{"taxonomy":"product_brand","embeddable":true,"href":"https:\/\/promis.ro\/ro\/wp-json\/wp\/v2\/product_brand?post=172006"},{"taxonomy":"product_cat","embeddable":true,"href":"https:\/\/promis.ro\/ro\/wp-json\/wp\/v2\/product_cat?post=172006"},{"taxonomy":"product_tag","embeddable":true,"href":"https:\/\/promis.ro\/ro\/wp-json\/wp\/v2\/product_tag?post=172006"}],"curies":[{"name":"wp","href":"https:\/\/api.w.org\/{rel}","templated":true}]}}