{"id":172010,"date":"2025-11-12T05:15:42","date_gmt":"2025-11-12T05:15:42","guid":{"rendered":"https:\/\/promis.ro\/product\/vinga-erie-rcs-recycled-ss-push-mug-350-ml\/"},"modified":"2025-11-12T05:35:20","modified_gmt":"2025-11-12T05:35:20","slug":"vinga-erie-rcs-recycled-ss-push-mug-350-ml","status":"publish","type":"product","link":"https:\/\/promis.ro\/ro\/produs\/vinga-erie-rcs-recycled-ss-push-mug-350-ml\/","title":{"rendered":"VINGA Erie RCS recycled SS push mug 350 ML"},"content":{"rendered":"<p>Fabricat din o\u021bel inoxidabil reciclat, aceasta este sticla termic\u0103 suprem\u0103 pentru confortul \u00een mi\u0219care, av\u00e2nd un design simplu, dar func\u021bional, care o face companionul perfect pentru aventurile tale zilnice. Capacitatea sa inovatoare cu clic sau butonul practic de la v\u00e2rf permite o operare u\u0219oar\u0103 cu o singur\u0103 m\u00e2n\u0103. Erie asigur\u0103 c\u0103 b\u0103utura ta r\u0103m\u00e2ne rece timp de p\u00e2n\u0103 la 15 ore sau cald\u0103 timp de p\u00e2n\u0103 la 5 ore. Rezistent la scurgeri. Nu este sigur pentru ma\u0219ina de sp\u0103lat vase sau cuptorul cu microunde, doar sp\u0103lare manual\u0103. Include ambalaj din kraft certificat FSC\u00ae. Certificat de RCS (Recycled Claim Standard), certificarea RCS garanteaz\u0103 c\u0103 \u00eentreaga lan\u021b de aprovizionare a materialelor reciclate este certificat\u0103. Con\u021binutul total reciclat se bazeaz\u0103 pe greutatea total\u0103 a produsului. Acest produs con\u021bine 58% o\u021bel inoxidabil reciclat certificat RCS.<\/p>","protected":false},"excerpt":{"rendered":"<p>Fabricat din o\u021bel inoxidabil reciclat, aceasta este sticla termic\u0103 suprem\u0103 pentru confortul \u00een mi\u0219care, av\u00e2nd un design simplu, dar func\u021bional,<\/p>","protected":false},"featured_media":172007,"comment_status":"open","ping_status":"closed","template":"","meta":[],"product_brand":[],"product_cat":[172],"product_tag":[],"class_list":{"0":"post-172010","1":"product","2":"type-product","3":"status-publish","4":"has-post-thumbnail","6":"product_cat-cani-borcane-si-thermosuri","8":"first","9":"instock","10":"shipping-taxable","11":"purchasable","12":"product-type-variable"},"_links":{"self":[{"href":"https:\/\/promis.ro\/ro\/wp-json\/wp\/v2\/product\/172010","targetHints":{"allow":["GET"]}}],"collection":[{"href":"https:\/\/promis.ro\/ro\/wp-json\/wp\/v2\/product"}],"about":[{"href":"https:\/\/promis.ro\/ro\/wp-json\/wp\/v2\/types\/product"}],"replies":[{"embeddable":true,"href":"https:\/\/promis.ro\/ro\/wp-json\/wp\/v2\/comments?post=172010"}],"version-history":[{"count":1,"href":"https:\/\/promis.ro\/ro\/wp-json\/wp\/v2\/product\/172010\/revisions"}],"predecessor-version":[{"id":174262,"href":"https:\/\/promis.ro\/ro\/wp-json\/wp\/v2\/product\/172010\/revisions\/174262"}],"wp:featuredmedia":[{"embeddable":true,"href":"https:\/\/promis.ro\/ro\/wp-json\/wp\/v2\/media\/172007"}],"wp:attachment":[{"href":"https:\/\/promis.ro\/ro\/wp-json\/wp\/v2\/media?parent=172010"}],"wp:term":[{"taxonomy":"product_brand","embeddable":true,"href":"https:\/\/promis.ro\/ro\/wp-json\/wp\/v2\/product_brand?post=172010"},{"taxonomy":"product_cat","embeddable":true,"href":"https:\/\/promis.ro\/ro\/wp-json\/wp\/v2\/product_cat?post=172010"},{"taxonomy":"product_tag","embeddable":true,"href":"https:\/\/promis.ro\/ro\/wp-json\/wp\/v2\/product_tag?post=172010"}],"curies":[{"name":"wp","href":"https:\/\/api.w.org\/{rel}","templated":true}]}}