{"id":172014,"date":"2025-11-12T05:15:45","date_gmt":"2025-11-12T05:15:45","guid":{"rendered":"https:\/\/promis.ro\/product\/vinga-balti-rcs-recycled-pet-bottle-600-ml\/"},"modified":"2025-11-12T05:35:19","modified_gmt":"2025-11-12T05:35:19","slug":"vinga-balti-rcs-recycled-pet-bottle-600-ml","status":"publish","type":"product","link":"https:\/\/promis.ro\/ro\/produs\/vinga-balti-rcs-recycled-pet-bottle-600-ml\/","title":{"rendered":"VINGA Balti RCS recycled pet bottle 600 ML"},"content":{"rendered":"<p>Bucura\u021bi-v\u0103 de confortul recipientelor noastre pentru b\u0103uturi cu operare cu o singur\u0103 m\u00e2n\u0103, special concepute pentru b\u0103uturi reci. Capacitatea cu buton de ap\u0103sare permite utilizarea u\u0219oar\u0103 \u00een mi\u0219care. Fabricat din PET reciclat, acest articol are un con\u021binut total de 63% material reciclat, bazat pe greutatea sa total\u0103. Acest articol elegant \u0219i practic se spal\u0103 manual \u0219i este exclusiv potrivit pentru b\u0103uturi reci, f\u0103c\u00e2ndu-l ideal pentru nevoile zilnice de r\u0103corire. Include ambalaj din kraft certificat FSC\u00ae.<\/p>","protected":false},"excerpt":{"rendered":"<p>Bucura\u021bi-v\u0103 de confortul recipientelor noastre pentru b\u0103uturi cu operare cu o singur\u0103 m\u00e2n\u0103, special concepute pentru b\u0103uturi reci. Capacitatea cu<\/p>","protected":false},"featured_media":172011,"comment_status":"open","ping_status":"closed","template":"","meta":[],"product_brand":[],"product_cat":[172],"product_tag":[],"class_list":{"0":"post-172014","1":"product","2":"type-product","3":"status-publish","4":"has-post-thumbnail","6":"product_cat-cani-borcane-si-thermosuri","8":"first","9":"instock","10":"shipping-taxable","11":"purchasable","12":"product-type-variable"},"_links":{"self":[{"href":"https:\/\/promis.ro\/ro\/wp-json\/wp\/v2\/product\/172014","targetHints":{"allow":["GET"]}}],"collection":[{"href":"https:\/\/promis.ro\/ro\/wp-json\/wp\/v2\/product"}],"about":[{"href":"https:\/\/promis.ro\/ro\/wp-json\/wp\/v2\/types\/product"}],"replies":[{"embeddable":true,"href":"https:\/\/promis.ro\/ro\/wp-json\/wp\/v2\/comments?post=172014"}],"version-history":[{"count":1,"href":"https:\/\/promis.ro\/ro\/wp-json\/wp\/v2\/product\/172014\/revisions"}],"predecessor-version":[{"id":174260,"href":"https:\/\/promis.ro\/ro\/wp-json\/wp\/v2\/product\/172014\/revisions\/174260"}],"wp:featuredmedia":[{"embeddable":true,"href":"https:\/\/promis.ro\/ro\/wp-json\/wp\/v2\/media\/172011"}],"wp:attachment":[{"href":"https:\/\/promis.ro\/ro\/wp-json\/wp\/v2\/media?parent=172014"}],"wp:term":[{"taxonomy":"product_brand","embeddable":true,"href":"https:\/\/promis.ro\/ro\/wp-json\/wp\/v2\/product_brand?post=172014"},{"taxonomy":"product_cat","embeddable":true,"href":"https:\/\/promis.ro\/ro\/wp-json\/wp\/v2\/product_cat?post=172014"},{"taxonomy":"product_tag","embeddable":true,"href":"https:\/\/promis.ro\/ro\/wp-json\/wp\/v2\/product_tag?post=172014"}],"curies":[{"name":"wp","href":"https:\/\/api.w.org\/{rel}","templated":true}]}}