{"id":172490,"date":"2025-11-12T05:18:41","date_gmt":"2025-11-12T05:18:41","guid":{"rendered":"https:\/\/promis.ro\/product\/vinga-baltimore-rcs-seat-pad\/"},"modified":"2025-11-12T05:35:40","modified_gmt":"2025-11-12T05:35:40","slug":"vinga-baltimore-rcs-seat-pad","status":"publish","type":"product","link":"https:\/\/promis.ro\/ro\/produs\/vinga-baltimore-rcs-seat-pad\/","title":{"rendered":"VINGA Baltimore RCS seat pad"},"content":{"rendered":"<p>Perna pentru toate momentele tale \u00een aer liber. Designul cu 4 panouri o face u\u0219or de pliat \u0219i de transportat, \u00een timp ce spatele din PEVA rezistent la ap\u0103 protejeaz\u0103 \u00eempotriva umezelii \u0219i a frigului. Echipat\u0103 cu o curea cu prindere convenabil\u0103 care \u00ee\u021bi permite s\u0103 ata\u0219ezi perna direct la geanta ta. Certificat\u0103 de RCS (Recycled Claim Standard), certificarea RCS garanteaz\u0103 c\u0103 \u00eentreaga lan\u021b de aprovizionare a materialelor reciclate este certificat. Con\u021binutul total reciclat se bazeaz\u0103 pe greutatea total\u0103 a produsului. Acest produs con\u021bine 24% poliester reciclat certificat RCS.<\/p>","protected":false},"excerpt":{"rendered":"<p>Perna pentru toate momentele tale \u00een aer liber. Designul cu 4 panouri o face u\u0219or de pliat \u0219i de transportat,<\/p>","protected":false},"featured_media":172487,"comment_status":"open","ping_status":"closed","template":"","meta":[],"product_brand":[],"product_cat":[177],"product_tag":[],"class_list":{"0":"post-172490","1":"product","2":"type-product","3":"status-publish","4":"has-post-thumbnail","6":"product_cat-timp-liber-si-divertisment","8":"first","9":"instock","10":"shipping-taxable","11":"purchasable","12":"product-type-variable"},"_links":{"self":[{"href":"https:\/\/promis.ro\/ro\/wp-json\/wp\/v2\/product\/172490","targetHints":{"allow":["GET"]}}],"collection":[{"href":"https:\/\/promis.ro\/ro\/wp-json\/wp\/v2\/product"}],"about":[{"href":"https:\/\/promis.ro\/ro\/wp-json\/wp\/v2\/types\/product"}],"replies":[{"embeddable":true,"href":"https:\/\/promis.ro\/ro\/wp-json\/wp\/v2\/comments?post=172490"}],"version-history":[{"count":1,"href":"https:\/\/promis.ro\/ro\/wp-json\/wp\/v2\/product\/172490\/revisions"}],"predecessor-version":[{"id":174300,"href":"https:\/\/promis.ro\/ro\/wp-json\/wp\/v2\/product\/172490\/revisions\/174300"}],"wp:featuredmedia":[{"embeddable":true,"href":"https:\/\/promis.ro\/ro\/wp-json\/wp\/v2\/media\/172487"}],"wp:attachment":[{"href":"https:\/\/promis.ro\/ro\/wp-json\/wp\/v2\/media?parent=172490"}],"wp:term":[{"taxonomy":"product_brand","embeddable":true,"href":"https:\/\/promis.ro\/ro\/wp-json\/wp\/v2\/product_brand?post=172490"},{"taxonomy":"product_cat","embeddable":true,"href":"https:\/\/promis.ro\/ro\/wp-json\/wp\/v2\/product_cat?post=172490"},{"taxonomy":"product_tag","embeddable":true,"href":"https:\/\/promis.ro\/ro\/wp-json\/wp\/v2\/product_tag?post=172490"}],"curies":[{"name":"wp","href":"https:\/\/api.w.org\/{rel}","templated":true}]}}