{"id":172494,"date":"2025-11-12T05:18:44","date_gmt":"2025-11-12T05:18:44","guid":{"rendered":"https:\/\/promis.ro\/product\/vinga-volonne-aware-recycled-canvas-beach-mat\/"},"modified":"2025-11-12T05:35:41","modified_gmt":"2025-11-12T05:35:41","slug":"vinga-volonne-aware-recycled-canvas-beach-mat","status":"publish","type":"product","link":"https:\/\/promis.ro\/ro\/produs\/vinga-volonne-aware-recycled-canvas-beach-mat\/","title":{"rendered":"VINGA Volonne AWARE\u2122 recycled canvas beach mat"},"content":{"rendered":"<p>\u00cendrepta\u021bi-v\u0103 spre plaj\u0103 cu stil \u0219i confort folosind acest covor de plaj\u0103 elegant. Fabricat din p\u00e2nz\u0103 reciclat\u0103 de 340 gsm. Covorul de plaj\u0103 este dotat cu o m\u00e2n\u0103 practic\u0103 pentru o rulare \u0219i transport u\u0219or, \u0219i o buzunar. Perfect pentru a stoca esen\u021bialele de plaj\u0103. Covorul este u\u0219or c\u0103ptu\u0219it pentru un plus de confort. P\u00e2nza r\u0103m\u00e2ne necolorat\u0103 \u0219i nealb\u0103, elimin\u00e2nd orice impact asupra mediului din chimicale. Fabricat din 100% material reciclat, aceast\u0103 geant\u0103 \u00eent\u0103re\u0219te angajamentul nostru fa\u021b\u0103 de sursele responsabile. Dispune de tehnologia AWARE\u2122, valid\u00e2nd utilizarea autentic\u0103 a materialelor reciclate. 2% din veniturile fiec\u0103rui produs v\u00e2ndut vor fi donate c\u0103tre Water.org.<\/p>","protected":false},"excerpt":{"rendered":"<p>\u00cendrepta\u021bi-v\u0103 spre plaj\u0103 cu stil \u0219i confort folosind acest covor de plaj\u0103 elegant. Fabricat din p\u00e2nz\u0103 reciclat\u0103 de 340 gsm.<\/p>","protected":false},"featured_media":172491,"comment_status":"open","ping_status":"closed","template":"","meta":[],"product_brand":[],"product_cat":[177],"product_tag":[],"class_list":{"0":"post-172494","1":"product","2":"type-product","3":"status-publish","4":"has-post-thumbnail","6":"product_cat-timp-liber-si-divertisment","8":"first","9":"instock","10":"shipping-taxable","11":"purchasable","12":"product-type-variable"},"_links":{"self":[{"href":"https:\/\/promis.ro\/ro\/wp-json\/wp\/v2\/product\/172494","targetHints":{"allow":["GET"]}}],"collection":[{"href":"https:\/\/promis.ro\/ro\/wp-json\/wp\/v2\/product"}],"about":[{"href":"https:\/\/promis.ro\/ro\/wp-json\/wp\/v2\/types\/product"}],"replies":[{"embeddable":true,"href":"https:\/\/promis.ro\/ro\/wp-json\/wp\/v2\/comments?post=172494"}],"version-history":[{"count":1,"href":"https:\/\/promis.ro\/ro\/wp-json\/wp\/v2\/product\/172494\/revisions"}],"predecessor-version":[{"id":174301,"href":"https:\/\/promis.ro\/ro\/wp-json\/wp\/v2\/product\/172494\/revisions\/174301"}],"wp:featuredmedia":[{"embeddable":true,"href":"https:\/\/promis.ro\/ro\/wp-json\/wp\/v2\/media\/172491"}],"wp:attachment":[{"href":"https:\/\/promis.ro\/ro\/wp-json\/wp\/v2\/media?parent=172494"}],"wp:term":[{"taxonomy":"product_brand","embeddable":true,"href":"https:\/\/promis.ro\/ro\/wp-json\/wp\/v2\/product_brand?post=172494"},{"taxonomy":"product_cat","embeddable":true,"href":"https:\/\/promis.ro\/ro\/wp-json\/wp\/v2\/product_cat?post=172494"},{"taxonomy":"product_tag","embeddable":true,"href":"https:\/\/promis.ro\/ro\/wp-json\/wp\/v2\/product_tag?post=172494"}],"curies":[{"name":"wp","href":"https:\/\/api.w.org\/{rel}","templated":true}]}}