{"id":172537,"date":"2025-11-12T05:19:20","date_gmt":"2025-11-12T05:19:20","guid":{"rendered":"https:\/\/promis.ro\/product\/vinga-avery-rcs-table-lamp\/"},"modified":"2025-11-12T05:35:48","modified_gmt":"2025-11-12T05:35:48","slug":"vinga-avery-rcs-table-lamp","status":"publish","type":"product","link":"https:\/\/promis.ro\/ro\/produs\/vinga-avery-rcs-table-lamp\/","title":{"rendered":"VINGA Avery RCS table lamp"},"content":{"rendered":"<p>O lamp\u0103 compact\u0103 cu un design modern care adaug\u0103 at\u00e2t caracter, c\u00e2t \u0219i stil. Fabricat\u0103 din metal \u0219i ABS reciclat. Lampa dispune de o func\u021bie tactil\u0103 \u00een partea de sus pentru a comuta \u00eentre lumin\u0103 cald\u0103, lumin\u0103 alb\u0103 \u0219i lumin\u0103 alb\u0103 cald\u0103. Este re\u00eenc\u0103rcabil\u0103 prin USB-C (cablul inclus) \u0219i ofer\u0103 p\u00e2n\u0103 la 8 ore de iluminare. Certificat\u0103 de RCS (Recycled Claim Standard), certificarea RCS garanteaz\u0103 c\u0103 \u00eentreaga lan\u021b de aprovizionare a materialelor reciclate este certificat. Con\u021binutul total reciclat este bazat pe greutatea total\u0103 a produsului. Acest produs con\u021bine 7% ABS reciclat certificat RCS.<\/p>","protected":false},"excerpt":{"rendered":"<p>O lamp\u0103 compact\u0103 cu un design modern care adaug\u0103 at\u00e2t caracter, c\u00e2t \u0219i stil. Fabricat\u0103 din metal \u0219i ABS reciclat.<\/p>","protected":false},"featured_media":172534,"comment_status":"open","ping_status":"closed","template":"","meta":[],"product_brand":[],"product_cat":[179],"product_tag":[],"class_list":{"0":"post-172537","1":"product","2":"type-product","3":"status-publish","4":"has-post-thumbnail","6":"product_cat-casa-si-decoratiuni","8":"first","9":"instock","10":"shipping-taxable","11":"purchasable","12":"product-type-variable"},"_links":{"self":[{"href":"https:\/\/promis.ro\/ro\/wp-json\/wp\/v2\/product\/172537","targetHints":{"allow":["GET"]}}],"collection":[{"href":"https:\/\/promis.ro\/ro\/wp-json\/wp\/v2\/product"}],"about":[{"href":"https:\/\/promis.ro\/ro\/wp-json\/wp\/v2\/types\/product"}],"replies":[{"embeddable":true,"href":"https:\/\/promis.ro\/ro\/wp-json\/wp\/v2\/comments?post=172537"}],"version-history":[{"count":1,"href":"https:\/\/promis.ro\/ro\/wp-json\/wp\/v2\/product\/172537\/revisions"}],"predecessor-version":[{"id":174313,"href":"https:\/\/promis.ro\/ro\/wp-json\/wp\/v2\/product\/172537\/revisions\/174313"}],"wp:featuredmedia":[{"embeddable":true,"href":"https:\/\/promis.ro\/ro\/wp-json\/wp\/v2\/media\/172534"}],"wp:attachment":[{"href":"https:\/\/promis.ro\/ro\/wp-json\/wp\/v2\/media?parent=172537"}],"wp:term":[{"taxonomy":"product_brand","embeddable":true,"href":"https:\/\/promis.ro\/ro\/wp-json\/wp\/v2\/product_brand?post=172537"},{"taxonomy":"product_cat","embeddable":true,"href":"https:\/\/promis.ro\/ro\/wp-json\/wp\/v2\/product_cat?post=172537"},{"taxonomy":"product_tag","embeddable":true,"href":"https:\/\/promis.ro\/ro\/wp-json\/wp\/v2\/product_tag?post=172537"}],"curies":[{"name":"wp","href":"https:\/\/api.w.org\/{rel}","templated":true}]}}