{"id":172541,"date":"2025-11-12T05:19:24","date_gmt":"2025-11-12T05:19:24","guid":{"rendered":"https:\/\/promis.ro\/product\/vinga-marlow-rcs-recycled-polyester-toiletry-bag\/"},"modified":"2025-11-12T05:35:50","modified_gmt":"2025-11-12T05:35:50","slug":"vinga-marlow-rcs-recycled-polyester-toiletry-bag","status":"publish","type":"product","link":"https:\/\/promis.ro\/ro\/produs\/vinga-marlow-rcs-recycled-polyester-toiletry-bag\/","title":{"rendered":"VINGA Marlow RCS recycled polyester toiletry bag"},"content":{"rendered":"<p>Geanta de toalet\u0103 din poliester reciclat certificat RCS Marlow este o geant\u0103 de toalet\u0103 atemporal\u0103, moale, dar durabil\u0103, conceput\u0103 pentru a stoca toate necesit\u0103\u021bile tale \u00een timpul c\u0103l\u0103toriilor \u0219i pentru a ad\u0103uga o not\u0103 elegant\u0103 pe raftul t\u0103u de baie acas\u0103. M\u00e2nerul lateral convenabil ofer\u0103 o transportare u\u0219oar\u0103, \u00een timp ce \u00eenchiderea cu fermoar asigur\u0103 o sigilare sigur\u0103. Echipat\u0103 cu o pung\u0103 interioar\u0103 cu fermoar, perfect\u0103 pentru organizarea esen\u021bialelor tale. Seria Marlow este realizat\u0103 din suede fals reciclat cu detalii din PU \u0219i c\u0103ptu\u0219eal\u0103 din poliester reciclat. Finisat\u0103 cu accesorii elegante din argint. Certificat\u0103 de RCS (Recycled Claim Standard), certificarea RSC garanteaz\u0103 c\u0103 \u00eentreaga lan\u021b de aprovizionare a materialelor reciclate este certificat. Con\u021binutul total reciclat se bazeaz\u0103 pe greutatea total\u0103 a produsului. Acest produs con\u021bine 45% poliester reciclat certificat RCS.<\/p>","protected":false},"excerpt":{"rendered":"<p>Geanta de toalet\u0103 din poliester reciclat certificat RCS Marlow este o geant\u0103 de toalet\u0103 atemporal\u0103, moale, dar durabil\u0103, conceput\u0103 pentru<\/p>","protected":false},"featured_media":172538,"comment_status":"open","ping_status":"closed","template":"","meta":[],"product_brand":[],"product_cat":[178],"product_tag":[],"class_list":{"0":"post-172541","1":"product","2":"type-product","3":"status-publish","4":"has-post-thumbnail","6":"product_cat-calatorit","8":"first","9":"instock","10":"shipping-taxable","11":"purchasable","12":"product-type-variable"},"_links":{"self":[{"href":"https:\/\/promis.ro\/ro\/wp-json\/wp\/v2\/product\/172541","targetHints":{"allow":["GET"]}}],"collection":[{"href":"https:\/\/promis.ro\/ro\/wp-json\/wp\/v2\/product"}],"about":[{"href":"https:\/\/promis.ro\/ro\/wp-json\/wp\/v2\/types\/product"}],"replies":[{"embeddable":true,"href":"https:\/\/promis.ro\/ro\/wp-json\/wp\/v2\/comments?post=172541"}],"version-history":[{"count":1,"href":"https:\/\/promis.ro\/ro\/wp-json\/wp\/v2\/product\/172541\/revisions"}],"predecessor-version":[{"id":174317,"href":"https:\/\/promis.ro\/ro\/wp-json\/wp\/v2\/product\/172541\/revisions\/174317"}],"wp:featuredmedia":[{"embeddable":true,"href":"https:\/\/promis.ro\/ro\/wp-json\/wp\/v2\/media\/172538"}],"wp:attachment":[{"href":"https:\/\/promis.ro\/ro\/wp-json\/wp\/v2\/media?parent=172541"}],"wp:term":[{"taxonomy":"product_brand","embeddable":true,"href":"https:\/\/promis.ro\/ro\/wp-json\/wp\/v2\/product_brand?post=172541"},{"taxonomy":"product_cat","embeddable":true,"href":"https:\/\/promis.ro\/ro\/wp-json\/wp\/v2\/product_cat?post=172541"},{"taxonomy":"product_tag","embeddable":true,"href":"https:\/\/promis.ro\/ro\/wp-json\/wp\/v2\/product_tag?post=172541"}],"curies":[{"name":"wp","href":"https:\/\/api.w.org\/{rel}","templated":true}]}}