{"id":172545,"date":"2025-11-12T05:19:27","date_gmt":"2025-11-12T05:19:27","guid":{"rendered":"https:\/\/promis.ro\/product\/vinga-bermond-rcs-recycled-pu-backpack\/"},"modified":"2025-11-12T05:35:55","modified_gmt":"2025-11-12T05:35:55","slug":"vinga-bermond-rcs-recycled-pu-backpack","status":"publish","type":"product","link":"https:\/\/promis.ro\/ro\/produs\/vinga-bermond-rcs-recycled-pu-backpack\/","title":{"rendered":"VINGA Bermond RCS recycled PU backpack"},"content":{"rendered":"<p>Face\u021bi tranzi\u021bia f\u0103r\u0103 efort de la birou la deplasare cu rucsacul nostru discret \u0219i exclusiv. Design elegant \u0219i aspect exclusiv. Dispune de un compartiment pentru laptop c\u0103ptu\u0219it pentru o protec\u021bie suplimentar\u0103. Poate fi purtat ca o geant\u0103 de um\u0103r sau ca un rucsac, f\u0103c\u00e2ndu-l versatil \u0219i convenabil pentru orice situa\u021bie. Exteriorul rucsacului este fabricat din PU reciclat, iar c\u0103ptu\u0219eala interioar\u0103 este realizat\u0103 din materiale reciclate. Certificat de RCS (Recycled Claim Standard), certificarea RSC garanteaz\u0103 c\u0103 \u00eentreaga lan\u021b de aprovizionare a materialelor reciclate este certificat\u0103. Con\u021binutul total reciclat se bazeaz\u0103 pe greutatea total\u0103 a produsului. Acest produs con\u021bine 27% poliester reciclat certificat RCS \u0219i 8% PU reciclat certificat RCS. Potrivit pentru laptopuri cu o dimensiune total\u0103 de 17 inci. V\u0103 rug\u0103m s\u0103 re\u021bine\u021bi c\u0103 dimensiunile ecranului nu sunt acelea\u0219i cu dimensiunile \u00eentregului computer.<\/p>","protected":false},"excerpt":{"rendered":"<p>Face\u021bi tranzi\u021bia f\u0103r\u0103 efort de la birou la deplasare cu rucsacul nostru discret \u0219i exclusiv. Design elegant \u0219i aspect exclusiv.<\/p>","protected":false},"featured_media":172542,"comment_status":"open","ping_status":"closed","template":"","meta":[],"product_brand":[],"product_cat":[169],"product_tag":[],"class_list":{"0":"post-172545","1":"product","2":"type-product","3":"status-publish","4":"has-post-thumbnail","6":"product_cat-ghiozdane","8":"first","9":"instock","10":"shipping-taxable","11":"purchasable","12":"product-type-variable"},"_links":{"self":[{"href":"https:\/\/promis.ro\/ro\/wp-json\/wp\/v2\/product\/172545","targetHints":{"allow":["GET"]}}],"collection":[{"href":"https:\/\/promis.ro\/ro\/wp-json\/wp\/v2\/product"}],"about":[{"href":"https:\/\/promis.ro\/ro\/wp-json\/wp\/v2\/types\/product"}],"replies":[{"embeddable":true,"href":"https:\/\/promis.ro\/ro\/wp-json\/wp\/v2\/comments?post=172545"}],"version-history":[{"count":1,"href":"https:\/\/promis.ro\/ro\/wp-json\/wp\/v2\/product\/172545\/revisions"}],"predecessor-version":[{"id":174325,"href":"https:\/\/promis.ro\/ro\/wp-json\/wp\/v2\/product\/172545\/revisions\/174325"}],"wp:featuredmedia":[{"embeddable":true,"href":"https:\/\/promis.ro\/ro\/wp-json\/wp\/v2\/media\/172542"}],"wp:attachment":[{"href":"https:\/\/promis.ro\/ro\/wp-json\/wp\/v2\/media?parent=172545"}],"wp:term":[{"taxonomy":"product_brand","embeddable":true,"href":"https:\/\/promis.ro\/ro\/wp-json\/wp\/v2\/product_brand?post=172545"},{"taxonomy":"product_cat","embeddable":true,"href":"https:\/\/promis.ro\/ro\/wp-json\/wp\/v2\/product_cat?post=172545"},{"taxonomy":"product_tag","embeddable":true,"href":"https:\/\/promis.ro\/ro\/wp-json\/wp\/v2\/product_tag?post=172545"}],"curies":[{"name":"wp","href":"https:\/\/api.w.org\/{rel}","templated":true}]}}