{"id":172549,"date":"2025-11-12T05:19:34","date_gmt":"2025-11-12T05:19:34","guid":{"rendered":"https:\/\/promis.ro\/product\/vinga-livorno-grs-recycled-polyester-toiletry-bag\/"},"modified":"2025-11-12T05:35:46","modified_gmt":"2025-11-12T05:35:46","slug":"vinga-livorno-grs-recycled-polyester-toiletry-bag","status":"publish","type":"product","link":"https:\/\/promis.ro\/ro\/produs\/vinga-livorno-grs-recycled-polyester-toiletry-bag\/","title":{"rendered":"VINGA Livorno GRS recycled polyester toiletry bag"},"content":{"rendered":"<p>Un accesoriu perfect pentru c\u0103l\u0103torii, acest necesar de toalet\u0103 este fabricat din poliester GRS certificat, extrem de u\u0219or, cu un strat elegant din PU. Dispune de o m\u00e2n\u0103 lateral\u0103 convenabil\u0103 \u0219i de un buzunar interior pentru esen\u021bialele tale. Aceste gen\u021bi versatile nu sunt doar u\u0219or de transportat, ci sunt, de asemenea, concepute pentru a se plia \u0219i a se depozita compact \u00een bagajul t\u0103u, oferind un spa\u021biu de stocare suplimentar convenabil f\u0103r\u0103 a te \u00eenc\u0103rca. Certificat de GRS (Global Recycled Standard), aceast\u0103 certificare garanteaz\u0103 c\u0103 \u00eentreaga lan\u021b de aprovizionare a materialelor reciclate este certificat. Con\u021binutul total reciclat se bazeaz\u0103 pe greutatea total\u0103 a produsului. Acest produs con\u021bine 65% poliester reciclat certificat GRS.<\/p>","protected":false},"excerpt":{"rendered":"<p>Un accesoriu perfect pentru c\u0103l\u0103torii, acest necesar de toalet\u0103 este fabricat din poliester GRS certificat, extrem de u\u0219or, cu un<\/p>","protected":false},"featured_media":172546,"comment_status":"open","ping_status":"closed","template":"","meta":[],"product_brand":[],"product_cat":[178],"product_tag":[],"class_list":{"0":"post-172549","1":"product","2":"type-product","3":"status-publish","4":"has-post-thumbnail","6":"product_cat-calatorit","8":"first","9":"instock","10":"shipping-taxable","11":"purchasable","12":"product-type-simple"},"_links":{"self":[{"href":"https:\/\/promis.ro\/ro\/wp-json\/wp\/v2\/product\/172549","targetHints":{"allow":["GET"]}}],"collection":[{"href":"https:\/\/promis.ro\/ro\/wp-json\/wp\/v2\/product"}],"about":[{"href":"https:\/\/promis.ro\/ro\/wp-json\/wp\/v2\/types\/product"}],"replies":[{"embeddable":true,"href":"https:\/\/promis.ro\/ro\/wp-json\/wp\/v2\/comments?post=172549"}],"version-history":[{"count":1,"href":"https:\/\/promis.ro\/ro\/wp-json\/wp\/v2\/product\/172549\/revisions"}],"predecessor-version":[{"id":174311,"href":"https:\/\/promis.ro\/ro\/wp-json\/wp\/v2\/product\/172549\/revisions\/174311"}],"wp:featuredmedia":[{"embeddable":true,"href":"https:\/\/promis.ro\/ro\/wp-json\/wp\/v2\/media\/172546"}],"wp:attachment":[{"href":"https:\/\/promis.ro\/ro\/wp-json\/wp\/v2\/media?parent=172549"}],"wp:term":[{"taxonomy":"product_brand","embeddable":true,"href":"https:\/\/promis.ro\/ro\/wp-json\/wp\/v2\/product_brand?post=172549"},{"taxonomy":"product_cat","embeddable":true,"href":"https:\/\/promis.ro\/ro\/wp-json\/wp\/v2\/product_cat?post=172549"},{"taxonomy":"product_tag","embeddable":true,"href":"https:\/\/promis.ro\/ro\/wp-json\/wp\/v2\/product_tag?post=172549"}],"curies":[{"name":"wp","href":"https:\/\/api.w.org\/{rel}","templated":true}]}}