{"id":172553,"date":"2025-11-12T05:19:38","date_gmt":"2025-11-12T05:19:38","guid":{"rendered":"https:\/\/promis.ro\/product\/vinga-sortino-rcs-toiletry-bag\/"},"modified":"2025-11-12T05:35:48","modified_gmt":"2025-11-12T05:35:48","slug":"vinga-sortino-rcs-toiletry-bag","status":"publish","type":"product","link":"https:\/\/promis.ro\/ro\/produs\/vinga-sortino-rcs-toiletry-bag\/","title":{"rendered":"VINGA Sortino RCS toiletry bag"},"content":{"rendered":"<p>\u00cembun\u0103t\u0103\u021bi\u021bi-v\u0103 esen\u021bialele de c\u0103l\u0103torie cu acest necesar de toalet\u0103 simplu, dar elegant. Construit din poliester reciclat certificat RCS cu detalii contrastante, aceast\u0103 geant\u0103 combin\u0103 practicitatea cu un design rafinat. M\u00e2nerul de sus, asigurat cu un buton tip snap, se dubleaz\u0103 ca un c\u00e2rlig de ag\u0103\u021bat convenabil. Un fermoar neted \u00een partea de sus ofer\u0103 acces u\u0219or la compartimentul principal, \u00een timp ce buzunarul interior deschis men\u021bine esen\u021bialele organizate. RCS (Recycled Claim Standard), certificarea RCS garanteaz\u0103 c\u0103 \u00eentreaga lan\u021b de aprovizionare a materialelor reciclate este certificat\u0103. Con\u021binutul total reciclat se bazeaz\u0103 pe greutatea total\u0103 a produsului. Acest produs con\u021bine 12% poliester reciclat certificat RCS.<\/p>","protected":false},"excerpt":{"rendered":"<p>\u00cembun\u0103t\u0103\u021bi\u021bi-v\u0103 esen\u021bialele de c\u0103l\u0103torie cu acest necesar de toalet\u0103 simplu, dar elegant. Construit din poliester reciclat certificat RCS cu detalii<\/p>","protected":false},"featured_media":172550,"comment_status":"open","ping_status":"closed","template":"","meta":[],"product_brand":[],"product_cat":[178],"product_tag":[],"class_list":{"0":"post-172553","1":"product","2":"type-product","3":"status-publish","4":"has-post-thumbnail","6":"product_cat-calatorit","8":"first","9":"instock","10":"shipping-taxable","11":"purchasable","12":"product-type-variable"},"_links":{"self":[{"href":"https:\/\/promis.ro\/ro\/wp-json\/wp\/v2\/product\/172553","targetHints":{"allow":["GET"]}}],"collection":[{"href":"https:\/\/promis.ro\/ro\/wp-json\/wp\/v2\/product"}],"about":[{"href":"https:\/\/promis.ro\/ro\/wp-json\/wp\/v2\/types\/product"}],"replies":[{"embeddable":true,"href":"https:\/\/promis.ro\/ro\/wp-json\/wp\/v2\/comments?post=172553"}],"version-history":[{"count":1,"href":"https:\/\/promis.ro\/ro\/wp-json\/wp\/v2\/product\/172553\/revisions"}],"predecessor-version":[{"id":174314,"href":"https:\/\/promis.ro\/ro\/wp-json\/wp\/v2\/product\/172553\/revisions\/174314"}],"wp:featuredmedia":[{"embeddable":true,"href":"https:\/\/promis.ro\/ro\/wp-json\/wp\/v2\/media\/172550"}],"wp:attachment":[{"href":"https:\/\/promis.ro\/ro\/wp-json\/wp\/v2\/media?parent=172553"}],"wp:term":[{"taxonomy":"product_brand","embeddable":true,"href":"https:\/\/promis.ro\/ro\/wp-json\/wp\/v2\/product_brand?post=172553"},{"taxonomy":"product_cat","embeddable":true,"href":"https:\/\/promis.ro\/ro\/wp-json\/wp\/v2\/product_cat?post=172553"},{"taxonomy":"product_tag","embeddable":true,"href":"https:\/\/promis.ro\/ro\/wp-json\/wp\/v2\/product_tag?post=172553"}],"curies":[{"name":"wp","href":"https:\/\/api.w.org\/{rel}","templated":true}]}}