{"id":172557,"date":"2025-11-12T05:19:42","date_gmt":"2025-11-12T05:19:42","guid":{"rendered":"https:\/\/promis.ro\/product\/vinga-baltimore-rcs-weekend-backpack\/"},"modified":"2025-11-12T05:35:52","modified_gmt":"2025-11-12T05:35:52","slug":"vinga-baltimore-rcs-weekend-backpack","status":"publish","type":"product","link":"https:\/\/promis.ro\/ro\/produs\/vinga-baltimore-rcs-weekend-backpack\/","title":{"rendered":"VINGA Baltimore RCS weekend backpack"},"content":{"rendered":"<p>Geanta noastr\u0103 popular\u0103 de weekend a fost actualizat\u0103 cu un nou design care combin\u0103 stilul \u0219i func\u021bionalitatea, oferind mai multe op\u021biuni de transport. Poart\u0103-o ca un rucsac atunci c\u00e2nd e\u0219ti pe drum sau folose\u0219te m\u00e2nerele confortabile pentru o prindere clasic\u0103. Perfect\u0103 at\u00e2t pentru c\u0103l\u0103torii, c\u00e2t \u0219i pentru utilizarea zilnic\u0103. Designul cu deschidere u\u0219oar\u0103 ofer\u0103 o imagine de ansamblu clar\u0103 \u0219i acces rapid la bunurile tale. Geanta dispune de multe buzunare pentru obiectele tale de valoare. Certificat\u0103 de RCS (Recycled Claim Standard), certificarea RCS garanteaz\u0103 c\u0103 \u00eentreaga lan\u021b de aprovizionare a materialelor reciclate este certificat\u0103. Con\u021binutul total reciclat se bazeaz\u0103 pe greutatea total\u0103 a produsului. Acest produs con\u021bine 23% poliester reciclat certificat RCS.<\/p>","protected":false},"excerpt":{"rendered":"<p>Geanta noastr\u0103 popular\u0103 de weekend a fost actualizat\u0103 cu un nou design care combin\u0103 stilul \u0219i func\u021bionalitatea, oferind mai multe<\/p>","protected":false},"featured_media":172554,"comment_status":"open","ping_status":"closed","template":"","meta":[],"product_brand":[],"product_cat":[178],"product_tag":[],"class_list":{"0":"post-172557","1":"product","2":"type-product","3":"status-publish","4":"has-post-thumbnail","6":"product_cat-calatorit","8":"first","9":"instock","10":"shipping-taxable","11":"purchasable","12":"product-type-variable"},"_links":{"self":[{"href":"https:\/\/promis.ro\/ro\/wp-json\/wp\/v2\/product\/172557","targetHints":{"allow":["GET"]}}],"collection":[{"href":"https:\/\/promis.ro\/ro\/wp-json\/wp\/v2\/product"}],"about":[{"href":"https:\/\/promis.ro\/ro\/wp-json\/wp\/v2\/types\/product"}],"replies":[{"embeddable":true,"href":"https:\/\/promis.ro\/ro\/wp-json\/wp\/v2\/comments?post=172557"}],"version-history":[{"count":1,"href":"https:\/\/promis.ro\/ro\/wp-json\/wp\/v2\/product\/172557\/revisions"}],"predecessor-version":[{"id":174320,"href":"https:\/\/promis.ro\/ro\/wp-json\/wp\/v2\/product\/172557\/revisions\/174320"}],"wp:featuredmedia":[{"embeddable":true,"href":"https:\/\/promis.ro\/ro\/wp-json\/wp\/v2\/media\/172554"}],"wp:attachment":[{"href":"https:\/\/promis.ro\/ro\/wp-json\/wp\/v2\/media?parent=172557"}],"wp:term":[{"taxonomy":"product_brand","embeddable":true,"href":"https:\/\/promis.ro\/ro\/wp-json\/wp\/v2\/product_brand?post=172557"},{"taxonomy":"product_cat","embeddable":true,"href":"https:\/\/promis.ro\/ro\/wp-json\/wp\/v2\/product_cat?post=172557"},{"taxonomy":"product_tag","embeddable":true,"href":"https:\/\/promis.ro\/ro\/wp-json\/wp\/v2\/product_tag?post=172557"}],"curies":[{"name":"wp","href":"https:\/\/api.w.org\/{rel}","templated":true}]}}