{"id":172561,"date":"2025-11-12T05:19:45","date_gmt":"2025-11-12T05:19:45","guid":{"rendered":"https:\/\/promis.ro\/product\/vinga-baltimore-rcs-tote-backpack\/"},"modified":"2025-11-12T05:35:47","modified_gmt":"2025-11-12T05:35:47","slug":"vinga-baltimore-rcs-tote-backpack","status":"publish","type":"product","link":"https:\/\/promis.ro\/ro\/produs\/vinga-baltimore-rcs-tote-backpack\/","title":{"rendered":"VINGA Baltimore RCS tote backpack"},"content":{"rendered":"<p>O geant\u0103 u\u0219or de manevrat, cu un design elegant. O po\u021bi purta ca geant\u0103 de um\u0103r sau rucsac. Geanta dispune de o deschidere larg\u0103 cu fermoar pentru o ambalare convenabil\u0103 a laptopului \u0219i a altor obiecte de valoare. O curea pe spate permite ata\u0219area acesteia la un c\u0103rucior pentru o c\u0103l\u0103torie lin\u0103. De asemenea, include o mare buzunar frontal, un buzunar interior \u0219i un suport practic pentru sticl\u0103. Certificat\u0103 de RCS (Recycled Claim Standard), certificarea RCS garanteaz\u0103 c\u0103 \u00eentreaga lan\u021b de aprovizionare a materialelor reciclate este certificat. Con\u021binutul total reciclat se bazeaz\u0103 pe greutatea total\u0103 a produsului. Acest produs con\u021bine 19% poliester reciclat certificat RCS.<\/p>","protected":false},"excerpt":{"rendered":"<p>O geant\u0103 u\u0219or de manevrat, cu un design elegant. O po\u021bi purta ca geant\u0103 de um\u0103r sau rucsac. Geanta dispune<\/p>","protected":false},"featured_media":172558,"comment_status":"open","ping_status":"closed","template":"","meta":[],"product_brand":[],"product_cat":[169],"product_tag":[],"class_list":{"0":"post-172561","1":"product","2":"type-product","3":"status-publish","4":"has-post-thumbnail","6":"product_cat-ghiozdane","8":"first","9":"instock","10":"shipping-taxable","11":"purchasable","12":"product-type-variable"},"_links":{"self":[{"href":"https:\/\/promis.ro\/ro\/wp-json\/wp\/v2\/product\/172561","targetHints":{"allow":["GET"]}}],"collection":[{"href":"https:\/\/promis.ro\/ro\/wp-json\/wp\/v2\/product"}],"about":[{"href":"https:\/\/promis.ro\/ro\/wp-json\/wp\/v2\/types\/product"}],"replies":[{"embeddable":true,"href":"https:\/\/promis.ro\/ro\/wp-json\/wp\/v2\/comments?post=172561"}],"version-history":[{"count":1,"href":"https:\/\/promis.ro\/ro\/wp-json\/wp\/v2\/product\/172561\/revisions"}],"predecessor-version":[{"id":174312,"href":"https:\/\/promis.ro\/ro\/wp-json\/wp\/v2\/product\/172561\/revisions\/174312"}],"wp:featuredmedia":[{"embeddable":true,"href":"https:\/\/promis.ro\/ro\/wp-json\/wp\/v2\/media\/172558"}],"wp:attachment":[{"href":"https:\/\/promis.ro\/ro\/wp-json\/wp\/v2\/media?parent=172561"}],"wp:term":[{"taxonomy":"product_brand","embeddable":true,"href":"https:\/\/promis.ro\/ro\/wp-json\/wp\/v2\/product_brand?post=172561"},{"taxonomy":"product_cat","embeddable":true,"href":"https:\/\/promis.ro\/ro\/wp-json\/wp\/v2\/product_cat?post=172561"},{"taxonomy":"product_tag","embeddable":true,"href":"https:\/\/promis.ro\/ro\/wp-json\/wp\/v2\/product_tag?post=172561"}],"curies":[{"name":"wp","href":"https:\/\/api.w.org\/{rel}","templated":true}]}}