{"id":172565,"date":"2025-11-12T05:19:49","date_gmt":"2025-11-12T05:19:49","guid":{"rendered":"https:\/\/promis.ro\/product\/vinga-marlow-rcs-backpack\/"},"modified":"2025-11-12T05:35:53","modified_gmt":"2025-11-12T05:35:53","slug":"vinga-marlow-rcs-backpack","status":"publish","type":"product","link":"https:\/\/promis.ro\/ro\/produs\/vinga-marlow-rcs-backpack\/","title":{"rendered":"VINGA Marlow RCS backpack"},"content":{"rendered":"<p>Un rucsac elegant potrivit pentru orice ocazie. Rucsacul este fabricat din piele ecologic\u0103 reciclat\u0103 \u0219i detalii din PU, ad\u0103ug\u00e2nd stil \u00een timp ce e\u0219ti pe drum. O cataram\u0103 \u0219i o \u00eenchidere magnetic\u0103 ofer\u0103 o fixare u\u0219oar\u0103 \u0219i sigur\u0103. Exteriorul dispune, de asemenea, de o buzunar exterior practic \u0219i un fund \u00eent\u0103rit. Deschiderea larg\u0103 permite accesul u\u0219or la bunurile tale, cu un compartiment interior pentru un laptop \u0219i un buzunar mai mic cu fermoar pentru o stocare organizat\u0103. Certificat de RCS (Recycled Claim Standard), care asigur\u0103 c\u0103 \u00eentreaga lan\u021b de aprovizionare a materialelor reciclate este certificat. Procentajul total de material reciclat se bazeaz\u0103 pe greutatea total\u0103 a produsului. Acest produs con\u021bine 44% poliester reciclat certificat RCS \u0219i 5% PU reciclat certificat RCS.<\/p>","protected":false},"excerpt":{"rendered":"<p>Un rucsac elegant potrivit pentru orice ocazie. Rucsacul este fabricat din piele ecologic\u0103 reciclat\u0103 \u0219i detalii din PU, ad\u0103ug\u00e2nd stil<\/p>","protected":false},"featured_media":172562,"comment_status":"open","ping_status":"closed","template":"","meta":[],"product_brand":[],"product_cat":[169],"product_tag":[],"class_list":{"0":"post-172565","1":"product","2":"type-product","3":"status-publish","4":"has-post-thumbnail","6":"product_cat-ghiozdane","8":"first","9":"instock","10":"shipping-taxable","11":"purchasable","12":"product-type-simple"},"_links":{"self":[{"href":"https:\/\/promis.ro\/ro\/wp-json\/wp\/v2\/product\/172565","targetHints":{"allow":["GET"]}}],"collection":[{"href":"https:\/\/promis.ro\/ro\/wp-json\/wp\/v2\/product"}],"about":[{"href":"https:\/\/promis.ro\/ro\/wp-json\/wp\/v2\/types\/product"}],"replies":[{"embeddable":true,"href":"https:\/\/promis.ro\/ro\/wp-json\/wp\/v2\/comments?post=172565"}],"version-history":[{"count":1,"href":"https:\/\/promis.ro\/ro\/wp-json\/wp\/v2\/product\/172565\/revisions"}],"predecessor-version":[{"id":174322,"href":"https:\/\/promis.ro\/ro\/wp-json\/wp\/v2\/product\/172565\/revisions\/174322"}],"wp:featuredmedia":[{"embeddable":true,"href":"https:\/\/promis.ro\/ro\/wp-json\/wp\/v2\/media\/172562"}],"wp:attachment":[{"href":"https:\/\/promis.ro\/ro\/wp-json\/wp\/v2\/media?parent=172565"}],"wp:term":[{"taxonomy":"product_brand","embeddable":true,"href":"https:\/\/promis.ro\/ro\/wp-json\/wp\/v2\/product_brand?post=172565"},{"taxonomy":"product_cat","embeddable":true,"href":"https:\/\/promis.ro\/ro\/wp-json\/wp\/v2\/product_cat?post=172565"},{"taxonomy":"product_tag","embeddable":true,"href":"https:\/\/promis.ro\/ro\/wp-json\/wp\/v2\/product_tag?post=172565"}],"curies":[{"name":"wp","href":"https:\/\/api.w.org\/{rel}","templated":true}]}}