{"id":172569,"date":"2025-11-12T05:19:52","date_gmt":"2025-11-12T05:19:52","guid":{"rendered":"https:\/\/promis.ro\/product\/vinga-bermond-rcs-recycled-pu-weekend-bag\/"},"modified":"2025-11-12T05:35:51","modified_gmt":"2025-11-12T05:35:51","slug":"vinga-bermond-rcs-recycled-pu-weekend-bag","status":"publish","type":"product","link":"https:\/\/promis.ro\/ro\/produs\/vinga-bermond-rcs-recycled-pu-weekend-bag\/","title":{"rendered":"VINGA Bermond RCS recycled PU weekend bag"},"content":{"rendered":"<p>Geant\u0103 de weekend cu un design elegant \u0219i sofisticat. Exteriorul gen\u021bii este realizat din PU reciclat conform standardelor RCS, iar c\u0103ptu\u0219eala interioar\u0103 este, de asemenea, fabricat\u0103 din materiale reciclate. Dispune de fermoare care se \u00eentind pe laturile scurte, cre\u00e2nd un acces larg la geant\u0103, ceea ce o face u\u0219or de utilizat. M\u00e2nerul confortabil \u0219i curea de um\u0103r ajustabil\u0103 o fac versatil\u0103 pentru orice c\u0103l\u0103torie. Certificat\u0103 de RCS (Recycled Claim Standard), certificarea RSC garanteaz\u0103 c\u0103 \u00eentreaga lan\u021b de aprovizionare a materialelor reciclate este certificat\u0103. Con\u021binutul total reciclat se bazeaz\u0103 pe greutatea total\u0103 a produsului. Acest produs con\u021bine 24% poliester reciclat certificat RCS \u0219i 7% PU reciclat certificat RCS.<\/p>","protected":false},"excerpt":{"rendered":"<p>Geant\u0103 de weekend cu un design elegant \u0219i sofisticat. Exteriorul gen\u021bii este realizat din PU reciclat conform standardelor RCS, iar<\/p>","protected":false},"featured_media":172566,"comment_status":"open","ping_status":"closed","template":"","meta":[],"product_brand":[],"product_cat":[178],"product_tag":[],"class_list":{"0":"post-172569","1":"product","2":"type-product","3":"status-publish","4":"has-post-thumbnail","6":"product_cat-calatorit","8":"first","9":"instock","10":"shipping-taxable","11":"purchasable","12":"product-type-simple"},"_links":{"self":[{"href":"https:\/\/promis.ro\/ro\/wp-json\/wp\/v2\/product\/172569","targetHints":{"allow":["GET"]}}],"collection":[{"href":"https:\/\/promis.ro\/ro\/wp-json\/wp\/v2\/product"}],"about":[{"href":"https:\/\/promis.ro\/ro\/wp-json\/wp\/v2\/types\/product"}],"replies":[{"embeddable":true,"href":"https:\/\/promis.ro\/ro\/wp-json\/wp\/v2\/comments?post=172569"}],"version-history":[{"count":1,"href":"https:\/\/promis.ro\/ro\/wp-json\/wp\/v2\/product\/172569\/revisions"}],"predecessor-version":[{"id":174319,"href":"https:\/\/promis.ro\/ro\/wp-json\/wp\/v2\/product\/172569\/revisions\/174319"}],"wp:featuredmedia":[{"embeddable":true,"href":"https:\/\/promis.ro\/ro\/wp-json\/wp\/v2\/media\/172566"}],"wp:attachment":[{"href":"https:\/\/promis.ro\/ro\/wp-json\/wp\/v2\/media?parent=172569"}],"wp:term":[{"taxonomy":"product_brand","embeddable":true,"href":"https:\/\/promis.ro\/ro\/wp-json\/wp\/v2\/product_brand?post=172569"},{"taxonomy":"product_cat","embeddable":true,"href":"https:\/\/promis.ro\/ro\/wp-json\/wp\/v2\/product_cat?post=172569"},{"taxonomy":"product_tag","embeddable":true,"href":"https:\/\/promis.ro\/ro\/wp-json\/wp\/v2\/product_tag?post=172569"}],"curies":[{"name":"wp","href":"https:\/\/api.w.org\/{rel}","templated":true}]}}