{"id":172577,"date":"2025-11-12T05:19:59","date_gmt":"2025-11-12T05:19:59","guid":{"rendered":"https:\/\/promis.ro\/product\/vinga-livorno-grs-recycled-polyester-weekend-bag\/"},"modified":"2025-11-12T05:36:00","modified_gmt":"2025-11-12T05:36:00","slug":"vinga-livorno-grs-recycled-polyester-weekend-bag","status":"publish","type":"product","link":"https:\/\/promis.ro\/ro\/produs\/vinga-livorno-grs-recycled-polyester-weekend-bag\/","title":{"rendered":"VINGA Livorno GRS recycled polyester weekend bag"},"content":{"rendered":"<p>Un companion perfect pentru c\u0103l\u0103torii, aceast\u0103 geant\u0103 de weekend este realizat\u0103 din poliester GRS certificat, super u\u0219or, cu un strat elegant din PU. Pur \u0219i simplu pliaz-o \u0219i asigur\u0103-o cu cureaua \u0219i catarama ingenioas\u0103 pentru a o depozita compact atunci c\u00e2nd nu este utilizat\u0103. Dispune de o buzunar exterior ingenios care se transform\u0103 \u00eentr-un m\u00e2ner de trolley sigur, permi\u021b\u00e2ndu-\u021bi s\u0103 o a\u0219ezi peste o valiz\u0103 cu ro\u021bi sau un trolley. Dispune de curele ajustabile pentru a fi purtat\u0103 \u00een m\u00e2n\u0103 sau pe um\u0103r. Buzunar interior mai mic pentru esen\u021biale. Aceste gen\u021bi versatile sunt nu doar u\u0219or de purtat, ci sunt \u0219i concepute pentru a se plia \u0219i depozita compact \u00een bagajul t\u0103u, oferind un spa\u021biu de stocare suplimentar convenabil f\u0103r\u0103 a te \u00eenc\u0103rca. Certificat\u0103 de GRS (Global Recycled Standard), aceast\u0103 certificare garanteaz\u0103 c\u0103 \u00eentreaga lan\u021b de aprovizionare a materialelor reciclate este certificat. Con\u021binutul total reciclat se bazeaz\u0103 pe greutatea total\u0103 a produsului. Acest produs con\u021bine 52% poliester reciclat certificat GRS.<\/p>","protected":false},"excerpt":{"rendered":"<p>Un companion perfect pentru c\u0103l\u0103torii, aceast\u0103 geant\u0103 de weekend este realizat\u0103 din poliester GRS certificat, super u\u0219or, cu un strat<\/p>","protected":false},"featured_media":172574,"comment_status":"open","ping_status":"closed","template":"","meta":[],"product_brand":[],"product_cat":[178],"product_tag":[],"class_list":{"0":"post-172577","1":"product","2":"type-product","3":"status-publish","4":"has-post-thumbnail","6":"product_cat-calatorit","8":"first","9":"instock","10":"shipping-taxable","11":"purchasable","12":"product-type-simple"},"_links":{"self":[{"href":"https:\/\/promis.ro\/ro\/wp-json\/wp\/v2\/product\/172577","targetHints":{"allow":["GET"]}}],"collection":[{"href":"https:\/\/promis.ro\/ro\/wp-json\/wp\/v2\/product"}],"about":[{"href":"https:\/\/promis.ro\/ro\/wp-json\/wp\/v2\/types\/product"}],"replies":[{"embeddable":true,"href":"https:\/\/promis.ro\/ro\/wp-json\/wp\/v2\/comments?post=172577"}],"version-history":[{"count":1,"href":"https:\/\/promis.ro\/ro\/wp-json\/wp\/v2\/product\/172577\/revisions"}],"predecessor-version":[{"id":174335,"href":"https:\/\/promis.ro\/ro\/wp-json\/wp\/v2\/product\/172577\/revisions\/174335"}],"wp:featuredmedia":[{"embeddable":true,"href":"https:\/\/promis.ro\/ro\/wp-json\/wp\/v2\/media\/172574"}],"wp:attachment":[{"href":"https:\/\/promis.ro\/ro\/wp-json\/wp\/v2\/media?parent=172577"}],"wp:term":[{"taxonomy":"product_brand","embeddable":true,"href":"https:\/\/promis.ro\/ro\/wp-json\/wp\/v2\/product_brand?post=172577"},{"taxonomy":"product_cat","embeddable":true,"href":"https:\/\/promis.ro\/ro\/wp-json\/wp\/v2\/product_cat?post=172577"},{"taxonomy":"product_tag","embeddable":true,"href":"https:\/\/promis.ro\/ro\/wp-json\/wp\/v2\/product_tag?post=172577"}],"curies":[{"name":"wp","href":"https:\/\/api.w.org\/{rel}","templated":true}]}}