{"id":177173,"date":"2025-11-14T20:04:04","date_gmt":"2025-11-14T20:04:04","guid":{"rendered":"https:\/\/promis.ro\/product\/outdoor-5-panel-camper-cap\/"},"modified":"2025-11-14T20:13:49","modified_gmt":"2025-11-14T20:13:49","slug":"outdoor-5-panel-camper-cap","status":"publish","type":"product","link":"https:\/\/promis.ro\/ro\/produs\/outdoor-5-panel-camper-cap\/","title":{"rendered":"Outdoor 5 Panel Camper Cap"},"content":{"rendered":"<p><strong>100% nailon<\/strong> (Ripstop)<\/p>\n<ul>\n<li>Banda de transpira\u021bie: \u021bes\u0103tur\u0103 100% poliester Coolmax\u00ae<\/li>\n<li>\u021aes\u0103tur\u0103 impermeabil\u0103 \u0219i respirabil\u0103<\/li>\n<li>Design cu 5 panouri<\/li>\n<li>Ajustare curelei de fixare prin cap<\/li>\n<li>Etichet\u0103 TearAway pentru u\u0219urin\u021ba rebrandingului.<\/li>\n<\/ul>","protected":false},"excerpt":{"rendered":"<p>100% nailon (Ripstop) Banda de transpira\u021bie: \u021bes\u0103tur\u0103 100% poliester Coolmax\u00ae \u021aes\u0103tur\u0103 impermeabil\u0103 \u0219i respirabil\u0103 Design cu 5 panouri Ajustare curelei<\/p>","protected":false},"featured_media":177168,"comment_status":"open","ping_status":"closed","template":"","meta":[],"product_brand":[],"product_cat":[186],"product_tag":[],"class_list":{"0":"post-177173","1":"product","2":"type-product","3":"status-publish","4":"has-post-thumbnail","6":"product_cat-sepci-si-palarii","8":"first","9":"instock","10":"shipping-taxable","11":"purchasable","12":"product-type-variable"},"_links":{"self":[{"href":"https:\/\/promis.ro\/ro\/wp-json\/wp\/v2\/product\/177173","targetHints":{"allow":["GET"]}}],"collection":[{"href":"https:\/\/promis.ro\/ro\/wp-json\/wp\/v2\/product"}],"about":[{"href":"https:\/\/promis.ro\/ro\/wp-json\/wp\/v2\/types\/product"}],"replies":[{"embeddable":true,"href":"https:\/\/promis.ro\/ro\/wp-json\/wp\/v2\/comments?post=177173"}],"version-history":[{"count":1,"href":"https:\/\/promis.ro\/ro\/wp-json\/wp\/v2\/product\/177173\/revisions"}],"predecessor-version":[{"id":178964,"href":"https:\/\/promis.ro\/ro\/wp-json\/wp\/v2\/product\/177173\/revisions\/178964"}],"wp:featuredmedia":[{"embeddable":true,"href":"https:\/\/promis.ro\/ro\/wp-json\/wp\/v2\/media\/177168"}],"wp:attachment":[{"href":"https:\/\/promis.ro\/ro\/wp-json\/wp\/v2\/media?parent=177173"}],"wp:term":[{"taxonomy":"product_brand","embeddable":true,"href":"https:\/\/promis.ro\/ro\/wp-json\/wp\/v2\/product_brand?post=177173"},{"taxonomy":"product_cat","embeddable":true,"href":"https:\/\/promis.ro\/ro\/wp-json\/wp\/v2\/product_cat?post=177173"},{"taxonomy":"product_tag","embeddable":true,"href":"https:\/\/promis.ro\/ro\/wp-json\/wp\/v2\/product_tag?post=177173"}],"curies":[{"name":"wp","href":"https:\/\/api.w.org\/{rel}","templated":true}]}}