{"id":177178,"date":"2025-11-14T20:04:08","date_gmt":"2025-11-14T20:04:08","guid":{"rendered":"https:\/\/promis.ro\/product\/defence-safety-boot\/"},"modified":"2025-11-14T20:13:51","modified_gmt":"2025-11-14T20:13:51","slug":"defence-safety-boot","status":"publish","type":"product","link":"https:\/\/promis.ro\/ro\/produs\/defence-safety-boot\/","title":{"rendered":"Defence Safety Boot"},"content":{"rendered":"<p><strong>Exterior:<\/strong> piele<\/p>\n<p><strong>Guler:<\/strong> c\u0103ptu\u015fit<\/p>\n<p><strong>C\u0103ptu\u015feal\u0103:<\/strong> \u00een interior la partea gleznei<\/p>\n<p><strong>Oche\u021bi:<\/strong> negre<\/p>\n<p><strong>\u015eiruri:<\/strong> ad\u0103ugate + un set de rezerv\u0103<\/p>\n<p><strong>Bombeu:<\/strong> din o\u0163el<\/p>\n<p><strong>O\u0163el:<\/strong> lamel\u0103<\/p>\n<p><strong>Unic:<\/strong> polyuretane in Orange \/ Black<\/p>\n<p><strong>Certificare:<\/strong> EN ISO 20345:2011 S1P SRA<\/p>","protected":false},"excerpt":{"rendered":"<p>Exterior: piele Guler: c\u0103ptu\u015fit C\u0103ptu\u015feal\u0103: \u00een interior la partea gleznei Oche\u021bi: negre \u015eiruri: ad\u0103ugate + un set de rezerv\u0103 Bombeu:<\/p>","protected":false},"featured_media":177174,"comment_status":"open","ping_status":"closed","template":"","meta":[],"product_brand":[],"product_cat":[193],"product_tag":[],"class_list":{"0":"post-177178","1":"product","2":"type-product","3":"status-publish","4":"has-post-thumbnail","6":"product_cat-ploaie-si-frig","8":"first","9":"instock","10":"shipping-taxable","11":"purchasable","12":"product-type-variable"},"_links":{"self":[{"href":"https:\/\/promis.ro\/ro\/wp-json\/wp\/v2\/product\/177178","targetHints":{"allow":["GET"]}}],"collection":[{"href":"https:\/\/promis.ro\/ro\/wp-json\/wp\/v2\/product"}],"about":[{"href":"https:\/\/promis.ro\/ro\/wp-json\/wp\/v2\/types\/product"}],"replies":[{"embeddable":true,"href":"https:\/\/promis.ro\/ro\/wp-json\/wp\/v2\/comments?post=177178"}],"version-history":[{"count":1,"href":"https:\/\/promis.ro\/ro\/wp-json\/wp\/v2\/product\/177178\/revisions"}],"predecessor-version":[{"id":178968,"href":"https:\/\/promis.ro\/ro\/wp-json\/wp\/v2\/product\/177178\/revisions\/178968"}],"wp:featuredmedia":[{"embeddable":true,"href":"https:\/\/promis.ro\/ro\/wp-json\/wp\/v2\/media\/177174"}],"wp:attachment":[{"href":"https:\/\/promis.ro\/ro\/wp-json\/wp\/v2\/media?parent=177178"}],"wp:term":[{"taxonomy":"product_brand","embeddable":true,"href":"https:\/\/promis.ro\/ro\/wp-json\/wp\/v2\/product_brand?post=177178"},{"taxonomy":"product_cat","embeddable":true,"href":"https:\/\/promis.ro\/ro\/wp-json\/wp\/v2\/product_cat?post=177178"},{"taxonomy":"product_tag","embeddable":true,"href":"https:\/\/promis.ro\/ro\/wp-json\/wp\/v2\/product_tag?post=177178"}],"curies":[{"name":"wp","href":"https:\/\/api.w.org\/{rel}","templated":true}]}}