{"id":177190,"date":"2025-11-14T20:04:20","date_gmt":"2025-11-14T20:04:20","guid":{"rendered":"https:\/\/promis.ro\/product\/organic-cotton-6-panel-dad-cap\/"},"modified":"2025-11-14T20:13:50","modified_gmt":"2025-11-14T20:13:50","slug":"organic-cotton-6-panel-dad-cap","status":"publish","type":"product","link":"https:\/\/promis.ro\/ro\/produs\/organic-cotton-6-panel-dad-cap\/","title":{"rendered":"Organic Cotton 6 Panel Dad Cap"},"content":{"rendered":"<p><strong>100% bumbac (organic)<\/strong><\/p>\n<ul>\n<li>Design cu 6 panouri<\/li>\n<li>profil sc\u0103zut<\/li>\n<li>Coroana moale nestructurat\u0103<\/li>\n<li>V\u00e2rf pre-curbat<\/li>\n<li>Curea din material textil cu cataram\u0103 cu trei glisare<\/li>\n<li>Etichet\u0103 TearAway pentru u\u0219urin\u021ba rebrandingului<\/li>\n<\/ul>","protected":false},"excerpt":{"rendered":"<p>100% bumbac (organic) Design cu 6 panouri profil sc\u0103zut Coroana moale nestructurat\u0103 V\u00e2rf pre-curbat Curea din material textil cu cataram\u0103<\/p>","protected":false},"featured_media":177185,"comment_status":"open","ping_status":"closed","template":"","meta":[],"product_brand":[],"product_cat":[186],"product_tag":[],"class_list":{"0":"post-177190","1":"product","2":"type-product","3":"status-publish","4":"has-post-thumbnail","6":"product_cat-sepci-si-palarii","8":"first","9":"instock","10":"shipping-taxable","11":"purchasable","12":"product-type-variable"},"_links":{"self":[{"href":"https:\/\/promis.ro\/ro\/wp-json\/wp\/v2\/product\/177190","targetHints":{"allow":["GET"]}}],"collection":[{"href":"https:\/\/promis.ro\/ro\/wp-json\/wp\/v2\/product"}],"about":[{"href":"https:\/\/promis.ro\/ro\/wp-json\/wp\/v2\/types\/product"}],"replies":[{"embeddable":true,"href":"https:\/\/promis.ro\/ro\/wp-json\/wp\/v2\/comments?post=177190"}],"version-history":[{"count":1,"href":"https:\/\/promis.ro\/ro\/wp-json\/wp\/v2\/product\/177190\/revisions"}],"predecessor-version":[{"id":178967,"href":"https:\/\/promis.ro\/ro\/wp-json\/wp\/v2\/product\/177190\/revisions\/178967"}],"wp:featuredmedia":[{"embeddable":true,"href":"https:\/\/promis.ro\/ro\/wp-json\/wp\/v2\/media\/177185"}],"wp:attachment":[{"href":"https:\/\/promis.ro\/ro\/wp-json\/wp\/v2\/media?parent=177190"}],"wp:term":[{"taxonomy":"product_brand","embeddable":true,"href":"https:\/\/promis.ro\/ro\/wp-json\/wp\/v2\/product_brand?post=177190"},{"taxonomy":"product_cat","embeddable":true,"href":"https:\/\/promis.ro\/ro\/wp-json\/wp\/v2\/product_cat?post=177190"},{"taxonomy":"product_tag","embeddable":true,"href":"https:\/\/promis.ro\/ro\/wp-json\/wp\/v2\/product_tag?post=177190"}],"curies":[{"name":"wp","href":"https:\/\/api.w.org\/{rel}","templated":true}]}}