{"id":177196,"date":"2025-11-14T20:04:25","date_gmt":"2025-11-14T20:04:25","guid":{"rendered":"https:\/\/promis.ro\/product\/boutique-soft-cross-body-bag\/"},"modified":"2025-11-14T20:13:55","modified_gmt":"2025-11-14T20:13:55","slug":"boutique-soft-cross-body-bag","status":"publish","type":"product","link":"https:\/\/promis.ro\/ro\/produs\/boutique-soft-cross-body-bag\/","title":{"rendered":"Boutique Soft Cross Body Bag"},"content":{"rendered":"<p><strong>100% poliuretan<\/strong> (aspect piele)<\/p>\n<ul>\n<li>Saffiano bob fin<\/li>\n<li>C\u0103ptu\u0219eal\u0103 moale la atingere<\/li>\n<li>Curea de umar reglabil\u0103 detasabil\u0103<\/li>\n<li>Compartiment principal cu fermoar metalic auriu str\u0103lucitor<\/li>\n<li>Buzunare interioare, separatoare \u0219i buzunar interior pentru obiecte de valoare cu fermoar<\/li>\n<li>Etichet\u0103 TearAway pentru u\u0219urin\u021ba rebrandingului<\/li>\n<li>Compatibil cu cureaua ajustabil\u0103 pentru geanta Boutique (969.29 &#8211; BG765)<\/li>\n<li>Capacitate: 1,5 litri<\/li>\n<li>Dimensiuni: 23 x 3,5 x 16 cm<\/li>\n<li>Max. broderie: 9 cerc tubular<\/li>\n<li>Max. suprafa\u021b\u0103 de imprimare: 11 x 18 cm<\/li>\n<\/ul>","protected":false},"excerpt":{"rendered":"<p>100% poliuretan (aspect piele) Saffiano bob fin C\u0103ptu\u0219eal\u0103 moale la atingere Curea de umar reglabil\u0103 detasabil\u0103 Compartiment principal cu fermoar<\/p>","protected":false},"featured_media":177191,"comment_status":"open","ping_status":"closed","template":"","meta":[],"product_brand":[],"product_cat":[169],"product_tag":[],"class_list":{"0":"post-177196","1":"product","2":"type-product","3":"status-publish","4":"has-post-thumbnail","6":"product_cat-ghiozdane","8":"first","9":"instock","10":"shipping-taxable","11":"purchasable","12":"product-type-variable"},"_links":{"self":[{"href":"https:\/\/promis.ro\/ro\/wp-json\/wp\/v2\/product\/177196","targetHints":{"allow":["GET"]}}],"collection":[{"href":"https:\/\/promis.ro\/ro\/wp-json\/wp\/v2\/product"}],"about":[{"href":"https:\/\/promis.ro\/ro\/wp-json\/wp\/v2\/types\/product"}],"replies":[{"embeddable":true,"href":"https:\/\/promis.ro\/ro\/wp-json\/wp\/v2\/comments?post=177196"}],"version-history":[{"count":1,"href":"https:\/\/promis.ro\/ro\/wp-json\/wp\/v2\/product\/177196\/revisions"}],"predecessor-version":[{"id":178982,"href":"https:\/\/promis.ro\/ro\/wp-json\/wp\/v2\/product\/177196\/revisions\/178982"}],"wp:featuredmedia":[{"embeddable":true,"href":"https:\/\/promis.ro\/ro\/wp-json\/wp\/v2\/media\/177191"}],"wp:attachment":[{"href":"https:\/\/promis.ro\/ro\/wp-json\/wp\/v2\/media?parent=177196"}],"wp:term":[{"taxonomy":"product_brand","embeddable":true,"href":"https:\/\/promis.ro\/ro\/wp-json\/wp\/v2\/product_brand?post=177196"},{"taxonomy":"product_cat","embeddable":true,"href":"https:\/\/promis.ro\/ro\/wp-json\/wp\/v2\/product_cat?post=177196"},{"taxonomy":"product_tag","embeddable":true,"href":"https:\/\/promis.ro\/ro\/wp-json\/wp\/v2\/product_tag?post=177196"}],"curies":[{"name":"wp","href":"https:\/\/api.w.org\/{rel}","templated":true}]}}