{"id":177202,"date":"2025-11-14T20:04:31","date_gmt":"2025-11-14T20:04:31","guid":{"rendered":"https:\/\/promis.ro\/product\/junior-snapback-trucker\/"},"modified":"2025-11-14T20:13:51","modified_gmt":"2025-11-14T20:13:51","slug":"junior-snapback-trucker","status":"publish","type":"product","link":"https:\/\/promis.ro\/ro\/produs\/junior-snapback-trucker\/","title":{"rendered":"Junior Snapback Trucker"},"content":{"rendered":"<p><strong>Panoul frontal \u0219i v\u00e2rf:<\/strong> 100% bumbac<\/p>\n<p><strong>Panouri din spate:<\/strong> 100% poliester (plas\u0103)<\/p>\n<ul>\n<li>5 panouri<\/li>\n<li>Panoul frontal f\u0103r\u0103 sudur\u0103<\/li>\n<li>V\u00e2rful cu \u0219ase r\u00e2nduri de cus\u0103turi<\/li>\n<li>Regulator de dimensiune snapback \u00een stil retro<\/li>\n<li>Perfect pentru imprimare \u0219i broderie<\/li>\n<li>Disponibil \u0219i \u00een m\u0103rime adult (328.69 &#8211; B640)<\/li>\n<\/ul>","protected":false},"excerpt":{"rendered":"<p>Panoul frontal \u0219i v\u00e2rf: 100% bumbac Panouri din spate: 100% poliester (plas\u0103) 5 panouri Panoul frontal f\u0103r\u0103 sudur\u0103 V\u00e2rful cu<\/p>","protected":false},"featured_media":177197,"comment_status":"open","ping_status":"closed","template":"","meta":[],"product_brand":[],"product_cat":[186],"product_tag":[],"class_list":{"0":"post-177202","1":"product","2":"type-product","3":"status-publish","4":"has-post-thumbnail","6":"product_cat-sepci-si-palarii","8":"first","9":"instock","10":"shipping-taxable","11":"purchasable","12":"product-type-variable"},"_links":{"self":[{"href":"https:\/\/promis.ro\/ro\/wp-json\/wp\/v2\/product\/177202","targetHints":{"allow":["GET"]}}],"collection":[{"href":"https:\/\/promis.ro\/ro\/wp-json\/wp\/v2\/product"}],"about":[{"href":"https:\/\/promis.ro\/ro\/wp-json\/wp\/v2\/types\/product"}],"replies":[{"embeddable":true,"href":"https:\/\/promis.ro\/ro\/wp-json\/wp\/v2\/comments?post=177202"}],"version-history":[{"count":1,"href":"https:\/\/promis.ro\/ro\/wp-json\/wp\/v2\/product\/177202\/revisions"}],"predecessor-version":[{"id":178969,"href":"https:\/\/promis.ro\/ro\/wp-json\/wp\/v2\/product\/177202\/revisions\/178969"}],"wp:featuredmedia":[{"embeddable":true,"href":"https:\/\/promis.ro\/ro\/wp-json\/wp\/v2\/media\/177197"}],"wp:attachment":[{"href":"https:\/\/promis.ro\/ro\/wp-json\/wp\/v2\/media?parent=177202"}],"wp:term":[{"taxonomy":"product_brand","embeddable":true,"href":"https:\/\/promis.ro\/ro\/wp-json\/wp\/v2\/product_brand?post=177202"},{"taxonomy":"product_cat","embeddable":true,"href":"https:\/\/promis.ro\/ro\/wp-json\/wp\/v2\/product_cat?post=177202"},{"taxonomy":"product_tag","embeddable":true,"href":"https:\/\/promis.ro\/ro\/wp-json\/wp\/v2\/product_tag?post=177202"}],"curies":[{"name":"wp","href":"https:\/\/api.w.org\/{rel}","templated":true}]}}