{"id":177220,"date":"2025-11-14T20:04:48","date_gmt":"2025-11-14T20:04:48","guid":{"rendered":"https:\/\/promis.ro\/product\/heavy-duty-microfleece\/"},"modified":"2025-11-14T20:13:54","modified_gmt":"2025-11-14T20:13:54","slug":"heavy-duty-microfleece","status":"publish","type":"product","link":"https:\/\/promis.ro\/ro\/produs\/heavy-duty-microfleece\/","title":{"rendered":"Heavy Duty Microfleece"},"content":{"rendered":"<p><strong>330 g\/m\u00b2<\/strong><\/p>\n<ul>\n<li>100% poliester (Microfleece)<\/li>\n<li>Respirabil \u0219i rezistent la ap\u0103<\/li>\n<li>Dur \u0219i rezistent la uzur\u0103<\/li>\n<li>Comfort Stretch<\/li>\n<li>Guler \u00eenalt<\/li>\n<li>Cu fermoar de culoare interschimbabil\u0103<\/li>\n<li>Buzunare cu fermoar<\/li>\n<li>Man\u0219et\u0103 \u015fi talie elastic\u0103 (\u00een negru)<\/li>\n<li>Gata pentru a personaliza (eticheta poate fi t\u0103iat)<\/li>\n<\/ul>","protected":false},"excerpt":{"rendered":"<p>330 g\/m\u00b2 100% poliester (Microfleece) Respirabil \u0219i rezistent la ap\u0103 Dur \u0219i rezistent la uzur\u0103 Comfort Stretch Guler \u00eenalt Cu<\/p>","protected":false},"featured_media":177215,"comment_status":"open","ping_status":"closed","template":"","meta":[],"product_brand":[],"product_cat":[191],"product_tag":[],"class_list":{"0":"post-177220","1":"product","2":"type-product","3":"status-publish","4":"has-post-thumbnail","6":"product_cat-textile","8":"first","9":"instock","10":"shipping-taxable","11":"purchasable","12":"product-type-variable"},"_links":{"self":[{"href":"https:\/\/promis.ro\/ro\/wp-json\/wp\/v2\/product\/177220","targetHints":{"allow":["GET"]}}],"collection":[{"href":"https:\/\/promis.ro\/ro\/wp-json\/wp\/v2\/product"}],"about":[{"href":"https:\/\/promis.ro\/ro\/wp-json\/wp\/v2\/types\/product"}],"replies":[{"embeddable":true,"href":"https:\/\/promis.ro\/ro\/wp-json\/wp\/v2\/comments?post=177220"}],"version-history":[{"count":1,"href":"https:\/\/promis.ro\/ro\/wp-json\/wp\/v2\/product\/177220\/revisions"}],"predecessor-version":[{"id":178977,"href":"https:\/\/promis.ro\/ro\/wp-json\/wp\/v2\/product\/177220\/revisions\/178977"}],"wp:featuredmedia":[{"embeddable":true,"href":"https:\/\/promis.ro\/ro\/wp-json\/wp\/v2\/media\/177215"}],"wp:attachment":[{"href":"https:\/\/promis.ro\/ro\/wp-json\/wp\/v2\/media?parent=177220"}],"wp:term":[{"taxonomy":"product_brand","embeddable":true,"href":"https:\/\/promis.ro\/ro\/wp-json\/wp\/v2\/product_brand?post=177220"},{"taxonomy":"product_cat","embeddable":true,"href":"https:\/\/promis.ro\/ro\/wp-json\/wp\/v2\/product_cat?post=177220"},{"taxonomy":"product_tag","embeddable":true,"href":"https:\/\/promis.ro\/ro\/wp-json\/wp\/v2\/product_tag?post=177220"}],"curies":[{"name":"wp","href":"https:\/\/api.w.org\/{rel}","templated":true}]}}